{"id":495,"date":"2020-02-25T12:14:08","date_gmt":"2020-02-25T11:14:08","guid":{"rendered":"https:\/\/uniformelaboral.com\/?post_type=product&#038;p=495"},"modified":"2023-07-20T12:46:33","modified_gmt":"2023-07-20T10:46:33","slug":"polo-maniga-llarga-perxat-combinat-alta-visibilitat-cintes-reflectants-discontinues-c3891","status":"publish","type":"product","link":"https:\/\/uniformelaboral.com\/index.php\/producto\/polo-maniga-llarga-perxat-combinat-alta-visibilitat-cintes-reflectants-discontinues-c3891\/","title":{"rendered":"PANTAL\u00d3 HIVERN 100% COT\u00d3 WORK B1455 \/ 17.99\u20ac"},"content":{"rendered":"","protected":false},"excerpt":{"rendered":"<div id=\"descripcion\">\n<p><img loading=\"lazy\" decoding=\"async\" class=\" wp-image-20790 alignleft\" src=\"https:\/\/uniformelaboral.com\/wp-content\/uploads\/2020\/06\/LOGO-WORKTEAM-1-300x244.jpg\" alt=\"\" width=\"122\" height=\"99\" srcset=\"https:\/\/uniformelaboral.com\/wp-content\/uploads\/2020\/06\/LOGO-WORKTEAM-1-300x244.jpg 300w, https:\/\/uniformelaboral.com\/wp-content\/uploads\/2020\/06\/LOGO-WORKTEAM-1.jpg 415w\" sizes=\"auto, (max-width: 122px) 100vw, 122px\" \/><\/p>\n<p>Pantalons recte de cot\u00f3 amb dues bosses d&#8217;obertura inclinada en els costats, una bossa lateral de c\u00e0rrega amb cartera de velcro. Una bossa darrere de plast\u00f3 amb cartera de velcro i una bossa d&#8217;esp\u00e0tula doble. El\u00e0stic en els laterals de la cintura. Travetes. Tancament de bot\u00f3 i bragueta de cremallera de metall.<\/p>\n<p>Composici\u00f3: 100% Cot\u00f3, Gramatge 310 gr.<\/p>\n<\/div>\n<div><img loading=\"lazy\" decoding=\"async\" class=\"wp-image-1329 aligncenter\" src=\"https:\/\/uniformelaboral.com\/wp-content\/uploads\/2020\/02\/100-COTO.jpg\" alt=\"\" width=\"55\" height=\"84\" \/><\/div>\n<h6><a href=\"https:\/\/www.workteam.com\/fichas\/tallas\/B1455.jpg\" target=\"_blank\" rel=\"noopener noreferrer\">TAULA DE TALLES<\/a><\/h6>\n<h6><a href=\"https:\/\/www.workteam.com\/fichas\/declaraciones\/B1455.pdf\" target=\"_blank\" rel=\"noopener noreferrer\">DECLARACI\u00d3 DE CONFORMITAT<\/a><\/h6>\n<h6 style=\"text-align: right;\">CONSULTAR EL CAT\u00c1LEG<\/h6>\n<h6 style=\"text-align: right;\"><a href=\"https:\/\/uniformelaboral.com\/index.php\/contacte\/\" target=\"_blank\" rel=\"noopener noreferrer\">CONTACTAR AMB NOSALTRES<\/a><\/h6>\n<h6><\/h6>\n","protected":false},"featured_media":20799,"template":"","meta":{"_joinchat":[]},"product_brand":[],"product_cat":[36,915,170,169,37,171,172,914,135,143,148,38],"product_tag":[],"class_list":{"0":"post-495","1":"product","2":"type-product","3":"status-publish","4":"has-post-thumbnail","6":"product_cat-alimentacio","7":"product_cat-coto-2","8":"product_cat-coto-pantalons-2","9":"product_cat-coto","10":"product_cat-industria","11":"product_cat-multibutxaques-pantalons-5","12":"product_cat-multibutxaques-pantalons-2","13":"product_cat-multibutxaques-2","14":"product_cat-pantalons-2","15":"product_cat-pantalons-4","16":"product_cat-pantalons-5","17":"product_cat-serveis","18":"tm-has-options","20":"first","21":"instock","22":"taxable","23":"shipping-taxable","24":"purchasable","25":"product-type-simple"},"_links":{"self":[{"href":"https:\/\/uniformelaboral.com\/index.php\/wp-json\/wp\/v2\/product\/495","targetHints":{"allow":["GET"]}}],"collection":[{"href":"https:\/\/uniformelaboral.com\/index.php\/wp-json\/wp\/v2\/product"}],"about":[{"href":"https:\/\/uniformelaboral.com\/index.php\/wp-json\/wp\/v2\/types\/product"}],"wp:featuredmedia":[{"embeddable":true,"href":"https:\/\/uniformelaboral.com\/index.php\/wp-json\/wp\/v2\/media\/20799"}],"wp:attachment":[{"href":"https:\/\/uniformelaboral.com\/index.php\/wp-json\/wp\/v2\/media?parent=495"}],"wp:term":[{"taxonomy":"product_brand","embeddable":true,"href":"https:\/\/uniformelaboral.com\/index.php\/wp-json\/wp\/v2\/product_brand?post=495"},{"taxonomy":"product_cat","embeddable":true,"href":"https:\/\/uniformelaboral.com\/index.php\/wp-json\/wp\/v2\/product_cat?post=495"},{"taxonomy":"product_tag","embeddable":true,"href":"https:\/\/uniformelaboral.com\/index.php\/wp-json\/wp\/v2\/product_tag?post=495"}],"curies":[{"name":"wp","href":"https:\/\/api.w.org\/{rel}","templated":true}]}}