{"id":478,"date":"2020-02-24T12:20:36","date_gmt":"2020-02-24T11:20:36","guid":{"rendered":"https:\/\/uniformelaboral.com\/?post_type=product&#038;p=478"},"modified":"2023-07-20T18:00:13","modified_gmt":"2023-07-20T16:00:13","slug":"pantalo-basic-industrial-b1456","status":"publish","type":"product","link":"https:\/\/uniformelaboral.com\/index.php\/producto\/pantalo-basic-industrial-b1456\/","title":{"rendered":"PANTAL\u00d3 ESTIU 100% COT\u00d3 WORK B1456 \/ 16.66\u20ac"},"content":{"rendered":"","protected":false},"excerpt":{"rendered":"<div id=\"descripcion\">\n<p><img loading=\"lazy\" decoding=\"async\" class=\"wp-image-20790 alignleft\" src=\"https:\/\/uniformelaboral.com\/wp-content\/uploads\/2020\/06\/LOGO-WORKTEAM-1-300x244.jpg\" alt=\"\" width=\"126\" height=\"102\" srcset=\"https:\/\/uniformelaboral.com\/wp-content\/uploads\/2020\/06\/LOGO-WORKTEAM-1-300x244.jpg 300w, https:\/\/uniformelaboral.com\/wp-content\/uploads\/2020\/06\/LOGO-WORKTEAM-1.jpg 415w\" sizes=\"auto, (max-width: 126px) 100vw, 126px\" \/><\/p>\n<p>Pantalons recte de cot\u00f3 amb dues bosses d&#8217;obertura inclinada en els costats i dues bosses laterals de c\u00e0rrega amb cartera de velcro. Una bossa darrere de trau amb tancament de presilla i bot\u00f3. El\u00e0stic a la cintura. Travetes. Tancament de bot\u00f3 i bragueta de cremallera.<\/p>\n<p>Composici\u00f3: 100% Cot\u00f3, Gramatge 230 gr.<\/p>\n<\/div>\n<div><img loading=\"lazy\" decoding=\"async\" class=\"wp-image-1329 aligncenter\" src=\"https:\/\/uniformelaboral.com\/wp-content\/uploads\/2020\/02\/100-COTO.jpg\" alt=\"\" width=\"49\" height=\"75\" \/><\/div>\n<h6><a href=\"https:\/\/www.workteam.com\/fichas\/tallas\/B1456.jpg\" target=\"_blank\" rel=\"noopener noreferrer\">TAULA DE TALLES<\/a><\/h6>\n<h6><a href=\"https:\/\/www.workteam.com\/fichas\/declaraciones\/B1456.pdf\" target=\"_blank\" rel=\"noopener noreferrer\">DECLARACI\u00d3 DE CONFORMITAT<\/a><\/h6>\n<h6 style=\"text-align: right;\"><a href=\"https:\/\/workteam.com\/seccion_detalle.php?ref=B1456&amp;color=MR\" target=\"_blank\" rel=\"noopener noreferrer\">CONSULTAR\u00a0 CAT\u00c1LEG<\/a><\/h6>\n<h6 style=\"text-align: right;\"><a href=\"https:\/\/uniformelaboral.com\/index.php\/contacte\/\" target=\"_blank\" rel=\"noopener noreferrer\">CONTACTAR AMB NOSALTRES<\/a><\/h6>\n<h6><\/h6>\n","protected":false},"featured_media":20815,"template":"","meta":{"_joinchat":[]},"product_brand":[],"product_cat":[36,170,169,37,171,172,914,135,143,148,38],"product_tag":[],"class_list":{"0":"post-478","1":"product","2":"type-product","3":"status-publish","4":"has-post-thumbnail","6":"product_cat-alimentacio","7":"product_cat-coto-pantalons-2","8":"product_cat-coto","9":"product_cat-industria","10":"product_cat-multibutxaques-pantalons-5","11":"product_cat-multibutxaques-pantalons-2","12":"product_cat-multibutxaques-2","13":"product_cat-pantalons-2","14":"product_cat-pantalons-4","15":"product_cat-pantalons-5","16":"product_cat-serveis","17":"tm-has-options","19":"first","20":"instock","21":"taxable","22":"shipping-taxable","23":"purchasable","24":"product-type-simple"},"_links":{"self":[{"href":"https:\/\/uniformelaboral.com\/index.php\/wp-json\/wp\/v2\/product\/478","targetHints":{"allow":["GET"]}}],"collection":[{"href":"https:\/\/uniformelaboral.com\/index.php\/wp-json\/wp\/v2\/product"}],"about":[{"href":"https:\/\/uniformelaboral.com\/index.php\/wp-json\/wp\/v2\/types\/product"}],"wp:featuredmedia":[{"embeddable":true,"href":"https:\/\/uniformelaboral.com\/index.php\/wp-json\/wp\/v2\/media\/20815"}],"wp:attachment":[{"href":"https:\/\/uniformelaboral.com\/index.php\/wp-json\/wp\/v2\/media?parent=478"}],"wp:term":[{"taxonomy":"product_brand","embeddable":true,"href":"https:\/\/uniformelaboral.com\/index.php\/wp-json\/wp\/v2\/product_brand?post=478"},{"taxonomy":"product_cat","embeddable":true,"href":"https:\/\/uniformelaboral.com\/index.php\/wp-json\/wp\/v2\/product_cat?post=478"},{"taxonomy":"product_tag","embeddable":true,"href":"https:\/\/uniformelaboral.com\/index.php\/wp-json\/wp\/v2\/product_tag?post=478"}],"curies":[{"name":"wp","href":"https:\/\/api.w.org\/{rel}","templated":true}]}}