{"id":471,"date":"2020-02-24T12:10:38","date_gmt":"2020-02-24T11:10:38","guid":{"rendered":"https:\/\/uniformelaboral.com\/?post_type=product&#038;p=471"},"modified":"2023-07-20T18:40:10","modified_gmt":"2023-07-20T16:40:10","slug":"pantalons-combi-alta-visibilitat-c2913","status":"publish","type":"product","link":"https:\/\/uniformelaboral.com\/index.php\/producto\/pantalons-combi-alta-visibilitat-c2913\/","title":{"rendered":"PANTAL\u00d3 FOLRAT WORK B1408 \/24.50\u20ac"},"content":{"rendered":"","protected":false},"excerpt":{"rendered":"<div id=\"descripcion\">\n<p><img loading=\"lazy\" decoding=\"async\" class=\"wp-image-20827 alignleft\" src=\"https:\/\/uniformelaboral.com\/wp-content\/uploads\/2020\/02\/logo_workteam_negro-1-300x243.png\" alt=\"\" width=\"129\" height=\"104\" srcset=\"https:\/\/uniformelaboral.com\/wp-content\/uploads\/2020\/02\/logo_workteam_negro-1-300x243.png 300w, https:\/\/uniformelaboral.com\/wp-content\/uploads\/2020\/02\/logo_workteam_negro-1-416x337.png 416w, https:\/\/uniformelaboral.com\/wp-content\/uploads\/2020\/02\/logo_workteam_negro-1.png 450w\" sizes=\"auto, (max-width: 129px) 100vw, 129px\" \/><\/p>\n<p>Pantalons per al fred amb acabat resistent a l\u00edquids. Teixit de doble capa. Interior en polar. Dues bosses d&#8217;obertura inclinada en els costats, una bossa lateral de c\u00e0rrega amb cartera de velcro. Dues bosses darrere de plast\u00f3 amb cartera de velcro i una bossa d&#8217;esp\u00e0tula doble. El\u00e0stic a la cintura. Travetes amples. Tancament de claud\u00e0tor i bragueta de cremallera.<\/p>\n<p>Composici\u00f3: 80% Poli\u00e8ster 20% Cot\u00f3. Interior: 100% Poli\u00e8ster, Gramatge 330gr.<\/p>\n<\/div>\n<div><img loading=\"lazy\" decoding=\"async\" class=\" wp-image-20826 aligncenter\" src=\"https:\/\/uniformelaboral.com\/wp-content\/uploads\/2020\/02\/FOLRAT-FRED-300x94.jpg\" alt=\"\" width=\"176\" height=\"55\" srcset=\"https:\/\/uniformelaboral.com\/wp-content\/uploads\/2020\/02\/FOLRAT-FRED-300x94.jpg 300w, https:\/\/uniformelaboral.com\/wp-content\/uploads\/2020\/02\/FOLRAT-FRED-1024x319.jpg 1024w, https:\/\/uniformelaboral.com\/wp-content\/uploads\/2020\/02\/FOLRAT-FRED-768x240.jpg 768w, https:\/\/uniformelaboral.com\/wp-content\/uploads\/2020\/02\/FOLRAT-FRED-416x130.jpg 416w, https:\/\/uniformelaboral.com\/wp-content\/uploads\/2020\/02\/FOLRAT-FRED.jpg 1404w\" sizes=\"auto, (max-width: 176px) 100vw, 176px\" \/><\/div>\n<h6><a href=\"https:\/\/www.workteam.com\/fichas\/tallas\/B1408.jpg\" target=\"_blank\" rel=\"noopener noreferrer\">TAULA DE TALLES<\/a><\/h6>\n<h6><a href=\"https:\/\/www.workteam.com\/fichas\/declaraciones\/B1408.pdf\" target=\"_blank\" rel=\"noopener noreferrer\">DECLARACI\u00d3 DE CONFORMITAT<\/a><\/h6>\n<h6 style=\"text-align: right;\"><a href=\"https:\/\/workteam.com\/seccion_detalle.php?ref=B1408&amp;color=NG\" target=\"_blank\" rel=\"noopener noreferrer\">CONSULTAR CAT\u00c1LEG<\/a><\/h6>\n<h6 style=\"text-align: right;\"><a href=\"https:\/\/uniformelaboral.com\/index.php\/contacte\/\" target=\"_blank\" rel=\"noopener noreferrer\">CONTACTAR AMB NOSALTRES<\/a><\/h6>\n<h6><\/h6>\n","protected":false},"featured_media":20828,"template":"","meta":{"_joinchat":[]},"product_brand":[],"product_cat":[36,930,899,37,914,171,172,148,135,143,38],"product_tag":[],"class_list":{"0":"post-471","1":"product","2":"type-product","3":"status-publish","4":"has-post-thumbnail","6":"product_cat-alimentacio","7":"product_cat-folrat-2","8":"product_cat-folrat","9":"product_cat-industria","10":"product_cat-multibutxaques-2","11":"product_cat-multibutxaques-pantalons-5","12":"product_cat-multibutxaques-pantalons-2","13":"product_cat-pantalons-5","14":"product_cat-pantalons-2","15":"product_cat-pantalons-4","16":"product_cat-serveis","17":"tm-has-options","19":"first","20":"instock","21":"taxable","22":"shipping-taxable","23":"purchasable","24":"product-type-simple"},"_links":{"self":[{"href":"https:\/\/uniformelaboral.com\/index.php\/wp-json\/wp\/v2\/product\/471","targetHints":{"allow":["GET"]}}],"collection":[{"href":"https:\/\/uniformelaboral.com\/index.php\/wp-json\/wp\/v2\/product"}],"about":[{"href":"https:\/\/uniformelaboral.com\/index.php\/wp-json\/wp\/v2\/types\/product"}],"wp:featuredmedia":[{"embeddable":true,"href":"https:\/\/uniformelaboral.com\/index.php\/wp-json\/wp\/v2\/media\/20828"}],"wp:attachment":[{"href":"https:\/\/uniformelaboral.com\/index.php\/wp-json\/wp\/v2\/media?parent=471"}],"wp:term":[{"taxonomy":"product_brand","embeddable":true,"href":"https:\/\/uniformelaboral.com\/index.php\/wp-json\/wp\/v2\/product_brand?post=471"},{"taxonomy":"product_cat","embeddable":true,"href":"https:\/\/uniformelaboral.com\/index.php\/wp-json\/wp\/v2\/product_cat?post=471"},{"taxonomy":"product_tag","embeddable":true,"href":"https:\/\/uniformelaboral.com\/index.php\/wp-json\/wp\/v2\/product_tag?post=471"}],"curies":[{"name":"wp","href":"https:\/\/api.w.org\/{rel}","templated":true}]}}