{"id":460,"date":"2020-02-24T11:42:32","date_gmt":"2020-02-24T10:42:32","guid":{"rendered":"https:\/\/uniformelaboral.com\/?post_type=product&#038;p=460"},"modified":"2023-03-06T18:30:00","modified_gmt":"2023-03-06T17:30:00","slug":"pantalo-combi-c4016","status":"publish","type":"product","link":"https:\/\/uniformelaboral.com\/index.php\/producto\/pantalo-combi-c4016\/","title":{"rendered":"PANTAL\u00d3 FLUOR A\/V REFOR\u00c7AT WORK C4016 \/ 22.82\u20ac"},"content":{"rendered":"","protected":false},"excerpt":{"rendered":"<div id=\"descripcion\">\n<p><img loading=\"lazy\" decoding=\"async\" class=\" wp-image-19952 alignleft\" src=\"https:\/\/uniformelaboral.com\/wp-content\/uploads\/2020\/08\/logo_workteam_negro-300x243.png\" alt=\"\" width=\"123\" height=\"100\" srcset=\"https:\/\/uniformelaboral.com\/wp-content\/uploads\/2020\/08\/logo_workteam_negro-300x243.png 300w, https:\/\/uniformelaboral.com\/wp-content\/uploads\/2020\/08\/logo_workteam_negro-416x337.png 416w, https:\/\/uniformelaboral.com\/wp-content\/uploads\/2020\/08\/logo_workteam_negro.png 450w\" sizes=\"auto, (max-width: 123px) 100vw, 123px\" \/><\/p>\n<p>Pantalons amb refor\u00e7os i cintes reflectants. Dues bosses d&#8217;obertura inclinada en els costats. Dues bosses laterals de c\u00e0rrega amb cartera de bot\u00f3 ocult. Dues bosses darrere interiors amb carteres de bec i bot\u00f3. Genolleres i culera refor\u00e7ades. Dues cintes reflectants a camals. Sense el\u00e0stic en cintura. Baixos ajustables amb cord\u00f3. Travetes amples. Tancament de bot\u00f3 i bragueta de cremallera.<\/p>\n<p>Composici\u00f3: 65% Poli\u00e8ster 35% Cot\u00f3, Gramatge 280 gr.<\/p>\n<\/div>\n<div><img loading=\"lazy\" decoding=\"async\" class=\" wp-image-20091 aligncenter\" src=\"https:\/\/uniformelaboral.com\/wp-content\/uploads\/2020\/02\/REFORC-I-TALLES-GRANS-300x127.jpg\" alt=\"\" width=\"149\" height=\"63\" srcset=\"https:\/\/uniformelaboral.com\/wp-content\/uploads\/2020\/02\/REFORC-I-TALLES-GRANS-300x127.jpg 300w, https:\/\/uniformelaboral.com\/wp-content\/uploads\/2020\/02\/REFORC-I-TALLES-GRANS.jpg 346w\" sizes=\"auto, (max-width: 149px) 100vw, 149px\" \/><\/div>\n<h6><a href=\"https:\/\/workteam.com\/fichas\/tallas\/C4016.jpg\" target=\"_blank\" rel=\"noopener noreferrer\">TAULA DE TALLES<\/a><\/h6>\n<h6><a href=\"https:\/\/workteam.com\/fichas\/declaraciones\/C4016.pdf\" target=\"_blank\" rel=\"noopener noreferrer\">DECLARACI\u00d3 DE CONFORMITAT<\/a><\/h6>\n<h6 style=\"text-align: right;\"><a href=\"https:\/\/workteam.com\/seccion_detalle.php?ref=C4016&amp;color=MR\" target=\"_blank\" rel=\"noopener noreferrer\">CONSULTAR EL CAT\u00c1LEG<\/a><\/h6>\n<hr \/>\n<h6 style=\"text-align: right;\"><\/h6>\n<h6>SI DESITJA ALTRE PRODUCTE DEL CAT\u00c0LEG, NO DUBTI EN <a href=\"https:\/\/uniformelaboral.com\/index.php\/contacte\/\">CONTACTAR<\/a><\/h6>\n<h6 style=\"text-align: right;\"><\/h6>\n","protected":false},"featured_media":20089,"template":"","meta":{"_joinchat":[]},"product_brand":[],"product_cat":[35,104,103,109],"product_tag":[],"class_list":{"0":"post-460","1":"product","2":"type-product","3":"status-publish","4":"has-post-thumbnail","6":"product_cat-av-alta-visibilidad","7":"product_cat-multibutxaques","8":"product_cat-pantalons","9":"product_cat-reforcats","10":"tm-has-options","12":"first","13":"instock","14":"taxable","15":"shipping-taxable","16":"purchasable","17":"product-type-simple"},"_links":{"self":[{"href":"https:\/\/uniformelaboral.com\/index.php\/wp-json\/wp\/v2\/product\/460","targetHints":{"allow":["GET"]}}],"collection":[{"href":"https:\/\/uniformelaboral.com\/index.php\/wp-json\/wp\/v2\/product"}],"about":[{"href":"https:\/\/uniformelaboral.com\/index.php\/wp-json\/wp\/v2\/types\/product"}],"wp:featuredmedia":[{"embeddable":true,"href":"https:\/\/uniformelaboral.com\/index.php\/wp-json\/wp\/v2\/media\/20089"}],"wp:attachment":[{"href":"https:\/\/uniformelaboral.com\/index.php\/wp-json\/wp\/v2\/media?parent=460"}],"wp:term":[{"taxonomy":"product_brand","embeddable":true,"href":"https:\/\/uniformelaboral.com\/index.php\/wp-json\/wp\/v2\/product_brand?post=460"},{"taxonomy":"product_cat","embeddable":true,"href":"https:\/\/uniformelaboral.com\/index.php\/wp-json\/wp\/v2\/product_cat?post=460"},{"taxonomy":"product_tag","embeddable":true,"href":"https:\/\/uniformelaboral.com\/index.php\/wp-json\/wp\/v2\/product_tag?post=460"}],"curies":[{"name":"wp","href":"https:\/\/api.w.org\/{rel}","templated":true}]}}