{"id":458,"date":"2020-02-24T11:52:18","date_gmt":"2020-02-24T10:52:18","guid":{"rendered":"https:\/\/uniformelaboral.com\/?post_type=product&#038;p=458"},"modified":"2024-09-06T18:26:00","modified_gmt":"2024-09-06T16:26:00","slug":"pantalo-serveis-b1427","status":"publish","type":"product","link":"https:\/\/uniformelaboral.com\/index.php\/producto\/pantalo-serveis-b1427\/","title":{"rendered":"PANTAL\u00d3 SERVEIS BASIC WORK B9300 \/ 9.80\u20ac"},"content":{"rendered":"","protected":false},"excerpt":{"rendered":"<div id=\"descripcion\">\n<p>&nbsp;<\/p>\n<p><img loading=\"lazy\" decoding=\"async\" class=\" wp-image-20827 alignleft\" src=\"https:\/\/uniformelaboral.com\/wp-content\/uploads\/2020\/02\/logo_workteam_negro-1-300x243.png\" alt=\"\" width=\"125\" height=\"102\" srcset=\"https:\/\/uniformelaboral.com\/wp-content\/uploads\/2020\/02\/logo_workteam_negro-1-300x243.png 300w, https:\/\/uniformelaboral.com\/wp-content\/uploads\/2020\/02\/logo_workteam_negro-1-416x337.png 416w, https:\/\/uniformelaboral.com\/wp-content\/uploads\/2020\/02\/logo_workteam_negro-1.png 450w\" sizes=\"auto, (max-width: 125px) 100vw, 125px\" \/>Pantalons recte unisex. Una bossa darrere de plast\u00f3. El\u00e0stic a la cintura. Tancament de bot\u00f3 i bragueta de cremallera.<\/p>\n<p>Composici\u00f3: 65% Poli\u00e8ster 35% Cot\u00f3, Gramatge 160 gr.<\/p>\n<\/div>\n<div><\/div>\n<h6><a href=\"https:\/\/www.workteam.com\/fichas\/tallas\/B9300.jpg\" target=\"_blank\" rel=\"noopener noreferrer\">TAULA DE TALLES<\/a><\/h6>\n<h6><a href=\"https:\/\/www.workteam.com\/fichas\/declaraciones\/B9300.pdf\" target=\"_blank\" rel=\"noopener noreferrer\">DECLARACI\u00d3 DE CONFORMITAT<\/a><\/h6>\n<h6 style=\"text-align: right;\"><a href=\"https:\/\/workteam.com\/seccion_detalle.php?ref=B9300&amp;color=MRD\" target=\"_blank\" rel=\"noopener noreferrer\">CONSULTAR CAT\u00c1LEG<\/a><\/h6>\n<h6 style=\"text-align: right;\"><a href=\"https:\/\/uniformelaboral.com\/index.php\/contacte\/\" target=\"_blank\" rel=\"noopener noreferrer\">CONTACTAR AMB NOSALTRES<\/a><\/h6>\n<h6><\/h6>\n","protected":false},"featured_media":20846,"template":"","meta":{"_joinchat":[]},"product_brand":[],"product_cat":[36,147,960,1024,140,143,135,39,38],"product_tag":[],"class_list":{"0":"post-458","1":"product","2":"type-product","3":"status-publish","4":"has-post-thumbnail","6":"product_cat-alimentacio","7":"product_cat-hostaleria","8":"product_cat-mixte","9":"product_cat-pantalons-hostaleria","10":"product_cat-pantalons-3","11":"product_cat-pantalons-4","12":"product_cat-pantalons-2","13":"product_cat-sanitat","14":"product_cat-serveis","15":"tm-has-options","17":"first","18":"instock","19":"taxable","20":"shipping-taxable","21":"purchasable","22":"product-type-simple"},"_links":{"self":[{"href":"https:\/\/uniformelaboral.com\/index.php\/wp-json\/wp\/v2\/product\/458","targetHints":{"allow":["GET"]}}],"collection":[{"href":"https:\/\/uniformelaboral.com\/index.php\/wp-json\/wp\/v2\/product"}],"about":[{"href":"https:\/\/uniformelaboral.com\/index.php\/wp-json\/wp\/v2\/types\/product"}],"wp:featuredmedia":[{"embeddable":true,"href":"https:\/\/uniformelaboral.com\/index.php\/wp-json\/wp\/v2\/media\/20846"}],"wp:attachment":[{"href":"https:\/\/uniformelaboral.com\/index.php\/wp-json\/wp\/v2\/media?parent=458"}],"wp:term":[{"taxonomy":"product_brand","embeddable":true,"href":"https:\/\/uniformelaboral.com\/index.php\/wp-json\/wp\/v2\/product_brand?post=458"},{"taxonomy":"product_cat","embeddable":true,"href":"https:\/\/uniformelaboral.com\/index.php\/wp-json\/wp\/v2\/product_cat?post=458"},{"taxonomy":"product_tag","embeddable":true,"href":"https:\/\/uniformelaboral.com\/index.php\/wp-json\/wp\/v2\/product_tag?post=458"}],"curies":[{"name":"wp","href":"https:\/\/api.w.org\/{rel}","templated":true}]}}