{"id":457,"date":"2020-02-24T12:18:15","date_gmt":"2020-02-24T11:18:15","guid":{"rendered":"https:\/\/uniformelaboral.com\/?post_type=product&#038;p=457"},"modified":"2023-07-20T18:10:02","modified_gmt":"2023-07-20T16:10:02","slug":"pantalo-basic-industrial-b4020","status":"publish","type":"product","link":"https:\/\/uniformelaboral.com\/index.php\/producto\/pantalo-basic-industrial-b4020\/","title":{"rendered":"PANTAL\u00d3 XINO COT\u00d3 HOME WORK B4020 \/ 17.64\u20ac"},"content":{"rendered":"","protected":false},"excerpt":{"rendered":"<div id=\"descripcion\">\n<p style=\"text-align: left;\"><img loading=\"lazy\" decoding=\"async\" class=\"wp-image-20790 alignleft\" src=\"https:\/\/uniformelaboral.com\/wp-content\/uploads\/2020\/06\/LOGO-WORKTEAM-1-300x244.jpg\" alt=\"\" width=\"124\" height=\"100\" srcset=\"https:\/\/uniformelaboral.com\/wp-content\/uploads\/2020\/06\/LOGO-WORKTEAM-1-300x244.jpg 300w, https:\/\/uniformelaboral.com\/wp-content\/uploads\/2020\/06\/LOGO-WORKTEAM-1.jpg 415w\" sizes=\"auto, (max-width: 124px) 100vw, 124px\" \/><\/p>\n<p>Pantalons recte de cot\u00f3 amb dues bosses d&#8217;obertura inclinada en els costats. Dues bosses darrere interiors amb tancament de trau i bot\u00f3. Travetes. Tancament de bot\u00f3 i bragueta de cremallera de metall.<\/p>\n<p>Composici\u00f3 100% Cot\u00f3. Gramatge 240gr.<\/p>\n<\/div>\n<div id=\"composicion\"><strong><img loading=\"lazy\" decoding=\"async\" class=\"wp-image-1329 aligncenter\" src=\"https:\/\/uniformelaboral.com\/wp-content\/uploads\/2020\/02\/100-COTO.jpg\" alt=\"\" width=\"48\" height=\"73\" \/><\/strong><\/div>\n<h6><a href=\"https:\/\/www.workteam.com\/fichas\/tallas\/B4020.jpg\" target=\"_blank\" rel=\"noopener noreferrer\">TAULA DE TALLES<\/a><\/h6>\n<h6><a href=\"https:\/\/www.workteam.com\/fichas\/declaraciones\/B4020.pdf\" target=\"_blank\" rel=\"noopener noreferrer\">DECLARACI\u00d3 DE CONFORMITAT<\/a><\/h6>\n<h6 style=\"text-align: right;\"><a href=\"https:\/\/workteam.com\/seccion_detalle.php?ref=B4020&amp;color=BG\" target=\"_blank\" rel=\"noopener noreferrer\">CONSULTAR\u00a0 CAT\u00c1LEG<\/a><\/h6>\n<h6 style=\"text-align: right;\"><a href=\"https:\/\/uniformelaboral.com\/index.php\/contacte\/\" target=\"_blank\" rel=\"noopener noreferrer\">CONTACTAR AMB NOSALTRES<\/a><\/h6>\n<h6><\/h6>\n","protected":false},"featured_media":20819,"template":"","meta":{"_joinchat":[]},"product_brand":[],"product_cat":[36,915,169,170,37,135,143,148,38],"product_tag":[],"class_list":{"0":"post-457","1":"product","2":"type-product","3":"status-publish","4":"has-post-thumbnail","6":"product_cat-alimentacio","7":"product_cat-coto-2","8":"product_cat-coto","9":"product_cat-coto-pantalons-2","10":"product_cat-industria","11":"product_cat-pantalons-2","12":"product_cat-pantalons-4","13":"product_cat-pantalons-5","14":"product_cat-serveis","15":"tm-has-options","17":"first","18":"instock","19":"taxable","20":"shipping-taxable","21":"purchasable","22":"product-type-simple"},"_links":{"self":[{"href":"https:\/\/uniformelaboral.com\/index.php\/wp-json\/wp\/v2\/product\/457","targetHints":{"allow":["GET"]}}],"collection":[{"href":"https:\/\/uniformelaboral.com\/index.php\/wp-json\/wp\/v2\/product"}],"about":[{"href":"https:\/\/uniformelaboral.com\/index.php\/wp-json\/wp\/v2\/types\/product"}],"wp:featuredmedia":[{"embeddable":true,"href":"https:\/\/uniformelaboral.com\/index.php\/wp-json\/wp\/v2\/media\/20819"}],"wp:attachment":[{"href":"https:\/\/uniformelaboral.com\/index.php\/wp-json\/wp\/v2\/media?parent=457"}],"wp:term":[{"taxonomy":"product_brand","embeddable":true,"href":"https:\/\/uniformelaboral.com\/index.php\/wp-json\/wp\/v2\/product_brand?post=457"},{"taxonomy":"product_cat","embeddable":true,"href":"https:\/\/uniformelaboral.com\/index.php\/wp-json\/wp\/v2\/product_cat?post=457"},{"taxonomy":"product_tag","embeddable":true,"href":"https:\/\/uniformelaboral.com\/index.php\/wp-json\/wp\/v2\/product_tag?post=457"}],"curies":[{"name":"wp","href":"https:\/\/api.w.org\/{rel}","templated":true}]}}