{"id":450,"date":"2020-02-24T11:38:02","date_gmt":"2020-02-24T10:38:02","guid":{"rendered":"https:\/\/uniformelaboral.com\/?post_type=product&#038;p=450"},"modified":"2023-07-21T17:06:08","modified_gmt":"2023-07-21T15:06:08","slug":"pantalo-future-wf5852","status":"publish","type":"product","link":"https:\/\/uniformelaboral.com\/index.php\/producto\/pantalo-future-wf5852\/","title":{"rendered":"PANTAL\u00d3 BASIC TEIXIT ELASTIC WORK B4030 \/19.67\u20ac"},"content":{"rendered":"","protected":false},"excerpt":{"rendered":"<div id=\"descripcion\">\n<p><img loading=\"lazy\" decoding=\"async\" class=\" wp-image-20827 alignleft\" src=\"https:\/\/uniformelaboral.com\/wp-content\/uploads\/2020\/02\/logo_workteam_negro-1-300x243.png\" alt=\"\" width=\"108\" height=\"87\" srcset=\"https:\/\/uniformelaboral.com\/wp-content\/uploads\/2020\/02\/logo_workteam_negro-1-300x243.png 300w, https:\/\/uniformelaboral.com\/wp-content\/uploads\/2020\/02\/logo_workteam_negro-1-416x337.png 416w, https:\/\/uniformelaboral.com\/wp-content\/uploads\/2020\/02\/logo_workteam_negro-1.png 450w\" sizes=\"auto, (max-width: 108px) 100vw, 108px\" \/><\/p>\n<p>Pantalons de teixit el\u00e0stic bidireccional per construcci\u00f3. Dues bosses d&#8217;obertura inclinada en els costats i una bossa lateral amb plec inferior i cartera de velcro. Dues bosses del darrere amb plec inferior, un amb cartera de velcro i una bossa d&#8217;esp\u00e0tula. Traveta porta martell. Bagues a contrast. El\u00e0stic en els laterals de la cintura. Travetes de diferent grand\u00e0ria. Tancament de bot\u00f3 met\u00e0l\u00b7lic i bragueta de cremallera.<\/p>\n<p>Composici\u00f3: 65% Poli\u00e8ster 35% Cot\u00f3, Gramatge 260 gr<\/p>\n<\/div>\n<div><img loading=\"lazy\" decoding=\"async\" class=\" wp-image-20867 aligncenter\" src=\"https:\/\/uniformelaboral.com\/wp-content\/uploads\/2020\/02\/MARCA-ELASTIC-1-300x90.jpg\" alt=\"\" width=\"140\" height=\"42\" srcset=\"https:\/\/uniformelaboral.com\/wp-content\/uploads\/2020\/02\/MARCA-ELASTIC-1-300x90.jpg 300w, https:\/\/uniformelaboral.com\/wp-content\/uploads\/2020\/02\/MARCA-ELASTIC-1-416x124.jpg 416w, https:\/\/uniformelaboral.com\/wp-content\/uploads\/2020\/02\/MARCA-ELASTIC-1.jpg 599w\" sizes=\"auto, (max-width: 140px) 100vw, 140px\" \/><\/div>\n<h6><a href=\"https:\/\/www.workteam.com\/fichas\/tallas\/B4030.jpg\" target=\"_blank\" rel=\"noopener noreferrer\">TAULA DE TALLES<\/a><\/h6>\n<h6><a href=\"https:\/\/www.workteam.com\/fichas\/declaraciones\/B4030.pdf\" target=\"_blank\" rel=\"noopener noreferrer\">DECLARACI\u00d3 DE CONFORMITAT<\/a><\/h6>\n<h6 style=\"text-align: right;\"><a href=\"https:\/\/workteam.com\/seccion_detalle.php?ref=B4030&amp;color=GR\" target=\"_blank\" rel=\"noopener noreferrer\">CONSULTAR CAT\u00c1LEG<\/a><\/h6>\n<h6 style=\"text-align: right;\"><a href=\"https:\/\/uniformelaboral.com\/index.php\/contacte\/\" target=\"_blank\" rel=\"noopener noreferrer\">CONTACTAR AMB NOSALTRES<\/a><\/h6>\n<h6><\/h6>\n","protected":false},"featured_media":20868,"template":"","meta":{"_joinchat":[]},"product_brand":[],"product_cat":[36,37,171,172,914,135,143,148,38,928,896,913],"product_tag":[],"class_list":{"0":"post-450","1":"product","2":"type-product","3":"status-publish","4":"has-post-thumbnail","6":"product_cat-alimentacio","7":"product_cat-industria","8":"product_cat-multibutxaques-pantalons-5","9":"product_cat-multibutxaques-pantalons-2","10":"product_cat-multibutxaques-2","11":"product_cat-pantalons-2","12":"product_cat-pantalons-4","13":"product_cat-pantalons-5","14":"product_cat-serveis","15":"product_cat-strech-4","16":"product_cat-strech-2","17":"product_cat-strech-3","18":"tm-has-options","20":"first","21":"instock","22":"taxable","23":"shipping-taxable","24":"purchasable","25":"product-type-simple"},"_links":{"self":[{"href":"https:\/\/uniformelaboral.com\/index.php\/wp-json\/wp\/v2\/product\/450","targetHints":{"allow":["GET"]}}],"collection":[{"href":"https:\/\/uniformelaboral.com\/index.php\/wp-json\/wp\/v2\/product"}],"about":[{"href":"https:\/\/uniformelaboral.com\/index.php\/wp-json\/wp\/v2\/types\/product"}],"wp:featuredmedia":[{"embeddable":true,"href":"https:\/\/uniformelaboral.com\/index.php\/wp-json\/wp\/v2\/media\/20868"}],"wp:attachment":[{"href":"https:\/\/uniformelaboral.com\/index.php\/wp-json\/wp\/v2\/media?parent=450"}],"wp:term":[{"taxonomy":"product_brand","embeddable":true,"href":"https:\/\/uniformelaboral.com\/index.php\/wp-json\/wp\/v2\/product_brand?post=450"},{"taxonomy":"product_cat","embeddable":true,"href":"https:\/\/uniformelaboral.com\/index.php\/wp-json\/wp\/v2\/product_cat?post=450"},{"taxonomy":"product_tag","embeddable":true,"href":"https:\/\/uniformelaboral.com\/index.php\/wp-json\/wp\/v2\/product_tag?post=450"}],"curies":[{"name":"wp","href":"https:\/\/api.w.org\/{rel}","templated":true}]}}