{"id":443,"date":"2020-02-24T11:30:21","date_gmt":"2020-02-24T10:30:21","guid":{"rendered":"https:\/\/uniformelaboral.com\/?post_type=product&#038;p=443"},"modified":"2023-07-21T18:56:52","modified_gmt":"2023-07-21T16:56:52","slug":"pantalo-basic-industrial-b1403","status":"publish","type":"product","link":"https:\/\/uniformelaboral.com\/index.php\/producto\/pantalo-basic-industrial-b1403\/","title":{"rendered":"PANTAL\u00d3 MULTIBUTXAQUES BASIC WORK B1403 \/ 12.67\u20ac"},"content":{"rendered":"","protected":false},"excerpt":{"rendered":"<div id=\"descripcion\">\n<p><img loading=\"lazy\" decoding=\"async\" class=\" wp-image-20827 alignleft\" src=\"https:\/\/uniformelaboral.com\/wp-content\/uploads\/2020\/02\/logo_workteam_negro-1-300x243.png\" alt=\"\" width=\"99\" height=\"80\" srcset=\"https:\/\/uniformelaboral.com\/wp-content\/uploads\/2020\/02\/logo_workteam_negro-1-300x243.png 300w, https:\/\/uniformelaboral.com\/wp-content\/uploads\/2020\/02\/logo_workteam_negro-1-416x337.png 416w, https:\/\/uniformelaboral.com\/wp-content\/uploads\/2020\/02\/logo_workteam_negro-1.png 450w\" sizes=\"auto, (max-width: 99px) 100vw, 99px\" \/><\/p>\n<p>Pantalons recte amb dues bosses d&#8217;obertura inclinada en els costats, dues bosses laterals de c\u00e0rrega amb cartera de velcro. Una bossa darrere de trau amb tancament de presilla i bot\u00f3. El\u00e0stic a la cintura. Travetes. Tancament de bot\u00f3 i bragueta de cremallera.<\/p>\n<p>Composici\u00f3: 65% Poli\u00e8ster 35% Cot\u00f3. Gramatge 200 gr<\/p>\n<\/div>\n<div><img loading=\"lazy\" decoding=\"async\" class=\"wp-image-20879 aligncenter\" src=\"https:\/\/uniformelaboral.com\/wp-content\/uploads\/2020\/02\/MULTIBUTXAQUES-300x287.jpg\" alt=\"\" width=\"66\" height=\"63\" srcset=\"https:\/\/uniformelaboral.com\/wp-content\/uploads\/2020\/02\/MULTIBUTXAQUES-300x287.jpg 300w, https:\/\/uniformelaboral.com\/wp-content\/uploads\/2020\/02\/MULTIBUTXAQUES-768x736.jpg 768w, https:\/\/uniformelaboral.com\/wp-content\/uploads\/2020\/02\/MULTIBUTXAQUES-416x398.jpg 416w, https:\/\/uniformelaboral.com\/wp-content\/uploads\/2020\/02\/MULTIBUTXAQUES.jpg 804w\" sizes=\"auto, (max-width: 66px) 100vw, 66px\" \/><\/div>\n<h6><a href=\"https:\/\/www.workteam.com\/fichas\/tallas\/B1403.jpg\" target=\"_blank\" rel=\"noopener noreferrer\">TAULA DE TALLES<\/a><\/h6>\n<h6><a href=\"https:\/\/www.workteam.com\/fichas\/declaraciones\/B1403.pdf\" target=\"_blank\" rel=\"noopener noreferrer\">DECLARACI\u00d3 DE CONFORMITAT<\/a><\/h6>\n<h6 style=\"text-align: right;\"><a href=\"https:\/\/workteam.com\/seccion_detalle.php?ref=B1403&amp;color=VDC\" target=\"_blank\" rel=\"noopener noreferrer\">CONSULTAR\u00a0 CAT\u00c1LEG<\/a><\/h6>\n<h6 style=\"text-align: right;\"><a href=\"https:\/\/uniformelaboral.com\/index.php\/contacte\/\" target=\"_blank\" rel=\"noopener noreferrer\">CONTACTAR AMB NOSALTRES<\/a><\/h6>\n<h6><\/h6>\n","protected":false},"featured_media":20880,"template":"","meta":{"_joinchat":[]},"product_brand":[],"product_cat":[36,37,171,172,914,135,143,148,38],"product_tag":[],"class_list":{"0":"post-443","1":"product","2":"type-product","3":"status-publish","4":"has-post-thumbnail","6":"product_cat-alimentacio","7":"product_cat-industria","8":"product_cat-multibutxaques-pantalons-5","9":"product_cat-multibutxaques-pantalons-2","10":"product_cat-multibutxaques-2","11":"product_cat-pantalons-2","12":"product_cat-pantalons-4","13":"product_cat-pantalons-5","14":"product_cat-serveis","15":"tm-has-options","17":"first","18":"instock","19":"taxable","20":"shipping-taxable","21":"purchasable","22":"product-type-simple"},"_links":{"self":[{"href":"https:\/\/uniformelaboral.com\/index.php\/wp-json\/wp\/v2\/product\/443","targetHints":{"allow":["GET"]}}],"collection":[{"href":"https:\/\/uniformelaboral.com\/index.php\/wp-json\/wp\/v2\/product"}],"about":[{"href":"https:\/\/uniformelaboral.com\/index.php\/wp-json\/wp\/v2\/types\/product"}],"wp:featuredmedia":[{"embeddable":true,"href":"https:\/\/uniformelaboral.com\/index.php\/wp-json\/wp\/v2\/media\/20880"}],"wp:attachment":[{"href":"https:\/\/uniformelaboral.com\/index.php\/wp-json\/wp\/v2\/media?parent=443"}],"wp:term":[{"taxonomy":"product_brand","embeddable":true,"href":"https:\/\/uniformelaboral.com\/index.php\/wp-json\/wp\/v2\/product_brand?post=443"},{"taxonomy":"product_cat","embeddable":true,"href":"https:\/\/uniformelaboral.com\/index.php\/wp-json\/wp\/v2\/product_cat?post=443"},{"taxonomy":"product_tag","embeddable":true,"href":"https:\/\/uniformelaboral.com\/index.php\/wp-json\/wp\/v2\/product_tag?post=443"}],"curies":[{"name":"wp","href":"https:\/\/api.w.org\/{rel}","templated":true}]}}