{"id":439,"date":"2020-02-24T11:24:15","date_gmt":"2020-02-24T10:24:15","guid":{"rendered":"https:\/\/uniformelaboral.com\/?post_type=product&#038;p=439"},"modified":"2024-08-27T20:59:52","modified_gmt":"2024-08-27T18:59:52","slug":"guants-nitril-foam","status":"publish","type":"product","link":"https:\/\/uniformelaboral.com\/index.php\/producto\/guants-nitril-foam\/","title":{"rendered":"GUANT POLIESTER I NITRIL 700NG2P TOUCH \/ 2,50\u20ac"},"content":{"rendered":"","protected":false},"excerpt":{"rendered":"<h5><img loading=\"lazy\" decoding=\"async\" class=\" wp-image-20171 alignleft\" src=\"https:\/\/uniformelaboral.com\/wp-content\/uploads\/2022\/03\/TOMAS-BODERO-300x191.jpg\" alt=\"\" width=\"107\" height=\"68\" srcset=\"https:\/\/uniformelaboral.com\/wp-content\/uploads\/2022\/03\/TOMAS-BODERO-300x191.jpg 300w, https:\/\/uniformelaboral.com\/wp-content\/uploads\/2022\/03\/TOMAS-BODERO-1024x650.jpg 1024w, https:\/\/uniformelaboral.com\/wp-content\/uploads\/2022\/03\/TOMAS-BODERO-768x488.jpg 768w, https:\/\/uniformelaboral.com\/wp-content\/uploads\/2022\/03\/TOMAS-BODERO-416x264.jpg 416w, https:\/\/uniformelaboral.com\/wp-content\/uploads\/2022\/03\/TOMAS-BODERO.jpg 1176w\" sizes=\"auto, (max-width: 107px) 100vw, 107px\" \/>\u2022 Guant suport poli\u00e8ster negre sense costures. \u2022 Recobriment nitril negre al palmell. \u2022 Puny el\u00e0stic. \u2022 Galga 13.\u2022 Nitril: cautx\u00fa sint\u00e8tic de gran flexibilitat, ductilitat. \u2022 Resistent olis i lubricants.<br \/>\n\u2022 Nil\u00f3 fibra sint\u00e8tica molt resistent a l&#8217;abrasi\u00f3.<br \/>\n\u2022 El suport sense costures ens proporciona ergonomia i no fa fatiga.<br \/>\n\u2022 Nil\u00f3 negre per a entorns bruts.<br \/>\n\u2022 Nitril alta qualitat<\/h5>\n<h5>\u00daS Automoci\u00f3, Mec\u00e0nica, C\u00e0rrega i desc\u00e0rrega, Log\u00edstica, Manteniment.<\/h5>\n<p><img loading=\"lazy\" decoding=\"async\" class=\"wp-image-21931  aligncenter\" src=\"https:\/\/uniformelaboral.com\/wp-content\/uploads\/2020\/02\/700NG2P_TOUCH-ISO.jpg\" alt=\"\" width=\"76\" height=\"80\" \/><\/p>\n<h6><a href=\"https:\/\/tbgroupsafety.com\/es\/flat101_catalog\/pdf?attr=ftecnica&amp;pdf=700NG2P_TOUCH_INFO.PDF\" target=\"_blank\" rel=\"noopener noreferrer\">FITXA T\u00c9CNICA<\/a><\/h6>\n<h6><a href=\"https:\/\/tbgroupsafety.com\/es\/flat101_catalog\/pdf?attr=dconformidad&amp;pdf=700NG2P_TOUCH_DC.PDF\" target=\"_blank\" rel=\"noopener noreferrer\">DECLARACI\u00d3 DE CONFORMITAT<\/a><\/h6>\n<h6 style=\"text-align: right;\"><a href=\"https:\/\/tbgroupsafety.com\/es\/flat101_catalog\/pdf?attr=dconformidad&amp;pdf=700NG2P_TOUCH_DC.PDF\" target=\"_blank\" rel=\"noopener noreferrer\">\u00a0CONSULTAR CAT\u00c0LEG<\/a><\/h6>\n<h6 style=\"text-align: right;\"><a href=\"https:\/\/uniformelaboral.com\/index.php\/contacte\/\" target=\"_blank\" rel=\"noopener noreferrer\">CONTACTAR AMB NOSALTRES<\/a><\/h6>\n<h6><\/h6>\n","protected":false},"featured_media":21932,"template":"","meta":{"_joinchat":[]},"product_brand":[],"product_cat":[1020,31,122],"product_tag":[],"class_list":{"0":"post-439","1":"product","2":"type-product","3":"status-publish","4":"has-post-thumbnail","6":"product_cat-foam","7":"product_cat-guants","8":"product_cat-nitril","9":"tm-has-options","11":"first","12":"instock","13":"taxable","14":"shipping-taxable","15":"purchasable","16":"product-type-simple"},"_links":{"self":[{"href":"https:\/\/uniformelaboral.com\/index.php\/wp-json\/wp\/v2\/product\/439","targetHints":{"allow":["GET"]}}],"collection":[{"href":"https:\/\/uniformelaboral.com\/index.php\/wp-json\/wp\/v2\/product"}],"about":[{"href":"https:\/\/uniformelaboral.com\/index.php\/wp-json\/wp\/v2\/types\/product"}],"wp:featuredmedia":[{"embeddable":true,"href":"https:\/\/uniformelaboral.com\/index.php\/wp-json\/wp\/v2\/media\/21932"}],"wp:attachment":[{"href":"https:\/\/uniformelaboral.com\/index.php\/wp-json\/wp\/v2\/media?parent=439"}],"wp:term":[{"taxonomy":"product_brand","embeddable":true,"href":"https:\/\/uniformelaboral.com\/index.php\/wp-json\/wp\/v2\/product_brand?post=439"},{"taxonomy":"product_cat","embeddable":true,"href":"https:\/\/uniformelaboral.com\/index.php\/wp-json\/wp\/v2\/product_cat?post=439"},{"taxonomy":"product_tag","embeddable":true,"href":"https:\/\/uniformelaboral.com\/index.php\/wp-json\/wp\/v2\/product_tag?post=439"}],"curies":[{"name":"wp","href":"https:\/\/api.w.org\/{rel}","templated":true}]}}