{"id":433,"date":"2020-02-24T10:41:15","date_gmt":"2020-02-24T09:41:15","guid":{"rendered":"https:\/\/uniformelaboral.com\/?post_type=product&#038;p=433"},"modified":"2023-07-21T20:03:24","modified_gmt":"2023-07-21T18:03:24","slug":"armilla-basic-industrial-s3100","status":"publish","type":"product","link":"https:\/\/uniformelaboral.com\/index.php\/producto\/armilla-basic-industrial-s3100\/","title":{"rendered":"XALECO SAFARI WORK S3100 \/ 13.93\u20ac"},"content":{"rendered":"","protected":false},"excerpt":{"rendered":"<div id=\"descripcion\">\n<p><img loading=\"lazy\" decoding=\"async\" class=\"wp-image-20827 alignleft\" src=\"https:\/\/uniformelaboral.com\/wp-content\/uploads\/2020\/02\/logo_workteam_negro-1-300x243.png\" alt=\"\" width=\"124\" height=\"100\" srcset=\"https:\/\/uniformelaboral.com\/wp-content\/uploads\/2020\/02\/logo_workteam_negro-1-300x243.png 300w, https:\/\/uniformelaboral.com\/wp-content\/uploads\/2020\/02\/logo_workteam_negro-1-416x337.png 416w, https:\/\/uniformelaboral.com\/wp-content\/uploads\/2020\/02\/logo_workteam_negro-1.png 450w\" sizes=\"auto, (max-width: 124px) 100vw, 124px\" \/><\/p>\n<p>Armilla tipus safari amb tanca de cremallera de nil\u00f3. Escot a pic. Tres bosses de pit de diferent grand\u00e0ria amb manxa i cartera de velcro. Argolla met\u00e0l\u00b7lica a la butxaca superior. Dues bosses laterals amb manxa i tancament de cremallera en els costats. Butxaques auxiliars superposats amb cartera de velcro. Bossa del darrere amb manxa i tancament de cremallera. Ribetejat amb biaix.<\/p>\n<p>Composici\u00f3: 65% Poli\u00e8ster 35% Cot\u00f3, Gramatge, 200 gr<\/p>\n<p><img loading=\"lazy\" decoding=\"async\" class=\" wp-image-2478 aligncenter\" src=\"https:\/\/uniformelaboral.com\/wp-content\/uploads\/2020\/06\/a-linea-separadora-300x68.jpg\" alt=\"\" width=\"251\" height=\"57\" \/><\/p>\n<\/div>\n<h6><a href=\"https:\/\/www.workteam.com\/fichas\/tallas\/S3100.jpg\" target=\"_blank\" rel=\"noopener noreferrer\">TAULA DE TALLES<\/a><\/h6>\n<h6><a href=\"https:\/\/www.workteam.com\/fichas\/declaraciones\/S3100.pdf\" target=\"_blank\" rel=\"noopener noreferrer\">DECLARACI\u00d3 DE CONFORMITAT<\/a><\/h6>\n<h6 style=\"text-align: right;\"><a href=\"https:\/\/workteam.com\/seccion_detalle.php?ref=S3100&amp;color=GR\" target=\"_blank\" rel=\"noopener noreferrer\">CONSULTAR CAT\u00c1LEG<\/a><\/h6>\n<h6 style=\"text-align: right;\"><a href=\"https:\/\/uniformelaboral.com\/index.php\/contacte\/\" target=\"_blank\" rel=\"noopener noreferrer\">CONTACTAR AMB NOSALTRES<\/a><\/h6>\n","protected":false},"featured_media":20922,"template":"","meta":{"_joinchat":[]},"product_brand":[],"product_cat":[1030,934,37,38,654,156],"product_tag":[],"class_list":{"0":"post-433","1":"product","2":"type-product","3":"status-publish","4":"has-post-thumbnail","6":"product_cat-armilles","7":"product_cat-armilles-xalecos-serveis","8":"product_cat-industria","9":"product_cat-serveis","10":"product_cat-sports-indumentaria-base","11":"product_cat-xalecos-armilles","12":"tm-has-options","14":"first","15":"instock","16":"taxable","17":"shipping-taxable","18":"purchasable","19":"product-type-simple"},"_links":{"self":[{"href":"https:\/\/uniformelaboral.com\/index.php\/wp-json\/wp\/v2\/product\/433","targetHints":{"allow":["GET"]}}],"collection":[{"href":"https:\/\/uniformelaboral.com\/index.php\/wp-json\/wp\/v2\/product"}],"about":[{"href":"https:\/\/uniformelaboral.com\/index.php\/wp-json\/wp\/v2\/types\/product"}],"wp:featuredmedia":[{"embeddable":true,"href":"https:\/\/uniformelaboral.com\/index.php\/wp-json\/wp\/v2\/media\/20922"}],"wp:attachment":[{"href":"https:\/\/uniformelaboral.com\/index.php\/wp-json\/wp\/v2\/media?parent=433"}],"wp:term":[{"taxonomy":"product_brand","embeddable":true,"href":"https:\/\/uniformelaboral.com\/index.php\/wp-json\/wp\/v2\/product_brand?post=433"},{"taxonomy":"product_cat","embeddable":true,"href":"https:\/\/uniformelaboral.com\/index.php\/wp-json\/wp\/v2\/product_cat?post=433"},{"taxonomy":"product_tag","embeddable":true,"href":"https:\/\/uniformelaboral.com\/index.php\/wp-json\/wp\/v2\/product_tag?post=433"}],"curies":[{"name":"wp","href":"https:\/\/api.w.org\/{rel}","templated":true}]}}