{"id":432,"date":"2020-02-24T10:49:22","date_gmt":"2020-02-24T09:49:22","guid":{"rendered":"https:\/\/uniformelaboral.com\/?post_type=product&#038;p=432"},"modified":"2023-07-21T19:47:49","modified_gmt":"2023-07-21T17:47:49","slug":"guant-proteccio-g0701","status":"publish","type":"product","link":"https:\/\/uniformelaboral.com\/index.php\/producto\/guant-proteccio-g0701\/","title":{"rendered":"GUANTS PELL FLOR BOV\u00cd  BODE 160 IBSZ  EN388 &#8211; EN407 \/ 3.22\u20ac"},"content":{"rendered":"","protected":false},"excerpt":{"rendered":"<p><img loading=\"lazy\" decoding=\"async\" class=\"wp-image-20171 alignleft\" src=\"https:\/\/uniformelaboral.com\/wp-content\/uploads\/2022\/03\/TOMAS-BODERO-300x191.jpg\" alt=\"\" width=\"104\" height=\"66\" srcset=\"https:\/\/uniformelaboral.com\/wp-content\/uploads\/2022\/03\/TOMAS-BODERO-300x191.jpg 300w, https:\/\/uniformelaboral.com\/wp-content\/uploads\/2022\/03\/TOMAS-BODERO-1024x650.jpg 1024w, https:\/\/uniformelaboral.com\/wp-content\/uploads\/2022\/03\/TOMAS-BODERO-768x488.jpg 768w, https:\/\/uniformelaboral.com\/wp-content\/uploads\/2022\/03\/TOMAS-BODERO-416x264.jpg 416w, https:\/\/uniformelaboral.com\/wp-content\/uploads\/2022\/03\/TOMAS-BODERO.jpg 1176w\" sizes=\"auto, (max-width: 104px) 100vw, 104px\" \/><\/p>\n<p>Guant pell flor bov\u00ed gris. Rivet de tela. Gruix: 0,8-1 mm.<\/p>\n<p>Pell flor: \u00e9s la part externa de la pell. EPIDERMIS. Flor bov\u00ed: ofereix unes excel\u00b7lents propietats mec\u00e0niques. Transpirable. Confortable i flexible.<\/p>\n<p>\u00daS: Muntatge, Agricultura, C\u00e0rrega i desc\u00e0rrega, Log\u00edstica, Manteniment.<\/p>\n<p><img loading=\"lazy\" decoding=\"async\" class=\" wp-image-20919 aligncenter\" src=\"https:\/\/uniformelaboral.com\/wp-content\/uploads\/2020\/02\/pell-flor-300x124.jpg\" alt=\"\" width=\"123\" height=\"51\" srcset=\"https:\/\/uniformelaboral.com\/wp-content\/uploads\/2020\/02\/pell-flor-300x124.jpg 300w, https:\/\/uniformelaboral.com\/wp-content\/uploads\/2020\/02\/pell-flor-768x317.jpg 768w, https:\/\/uniformelaboral.com\/wp-content\/uploads\/2020\/02\/pell-flor-416x171.jpg 416w, https:\/\/uniformelaboral.com\/wp-content\/uploads\/2020\/02\/pell-flor.jpg 888w\" sizes=\"auto, (max-width: 123px) 100vw, 123px\" \/><\/p>\n<h6><a href=\"https:\/\/tomasbodero.com\/productos\/pdf\/(160IBSZ)%20Ficha%20Tecnica%20ES.pdf\" target=\"_blank\" rel=\"noopener noreferrer\">FITXA TECNICA<\/a><\/h6>\n<h6><a href=\"https:\/\/tomasbodero.com\/productos\/pdf\/(160IB)%20%20Declaracion%20conformidad%20ES.pdf\" target=\"_blank\" rel=\"noopener noreferrer\">DECLARACI\u00d3 DE CONFORMITAT<\/a><\/h6>\n<h6 style=\"text-align: right;\"><a href=\"https:\/\/tomasbodero.com\/es\/guantes-tomas-bodero\/guantes-proteccion-mecanica\/160ibsz.html\" target=\"_blank\" rel=\"noopener noreferrer\">CONSULTAR CAT\u00c0LEG<\/a><\/h6>\n<h6 style=\"text-align: right;\"><a href=\"https:\/\/uniformelaboral.com\/index.php\/contacte\/\" target=\"_blank\" rel=\"noopener noreferrer\">CONTACTAR AMB NOSALTRES<\/a><\/h6>\n<h6><\/h6>\n<p>&nbsp;<\/p>\n","protected":false},"featured_media":20920,"template":"","meta":{"_joinchat":[]},"product_brand":[],"product_cat":[31,118],"product_tag":[],"class_list":{"0":"post-432","1":"product","2":"type-product","3":"status-publish","4":"has-post-thumbnail","6":"product_cat-guants","7":"product_cat-pell","8":"tm-has-options","10":"first","11":"instock","12":"taxable","13":"shipping-taxable","14":"purchasable","15":"product-type-simple"},"_links":{"self":[{"href":"https:\/\/uniformelaboral.com\/index.php\/wp-json\/wp\/v2\/product\/432","targetHints":{"allow":["GET"]}}],"collection":[{"href":"https:\/\/uniformelaboral.com\/index.php\/wp-json\/wp\/v2\/product"}],"about":[{"href":"https:\/\/uniformelaboral.com\/index.php\/wp-json\/wp\/v2\/types\/product"}],"wp:featuredmedia":[{"embeddable":true,"href":"https:\/\/uniformelaboral.com\/index.php\/wp-json\/wp\/v2\/media\/20920"}],"wp:attachment":[{"href":"https:\/\/uniformelaboral.com\/index.php\/wp-json\/wp\/v2\/media?parent=432"}],"wp:term":[{"taxonomy":"product_brand","embeddable":true,"href":"https:\/\/uniformelaboral.com\/index.php\/wp-json\/wp\/v2\/product_brand?post=432"},{"taxonomy":"product_cat","embeddable":true,"href":"https:\/\/uniformelaboral.com\/index.php\/wp-json\/wp\/v2\/product_cat?post=432"},{"taxonomy":"product_tag","embeddable":true,"href":"https:\/\/uniformelaboral.com\/index.php\/wp-json\/wp\/v2\/product_tag?post=432"}],"curies":[{"name":"wp","href":"https:\/\/api.w.org\/{rel}","templated":true}]}}