{"id":415,"date":"2020-02-24T10:17:31","date_gmt":"2020-02-24T09:17:31","guid":{"rendered":"https:\/\/uniformelaboral.com\/?post_type=product&#038;p=415"},"modified":"2023-07-24T17:49:06","modified_gmt":"2023-07-24T15:49:06","slug":"casaca-serveis-b9400","status":"publish","type":"product","link":"https:\/\/uniformelaboral.com\/index.php\/producto\/casaca-serveis-b9400\/","title":{"rendered":"CASACA SERVEIS WORK B9400 \/ 11.06\u20ac"},"content":{"rendered":"","protected":false},"excerpt":{"rendered":"<div id=\"descripcion\">\n<p><img loading=\"lazy\" decoding=\"async\" class=\"wp-image-20790 alignleft\" src=\"https:\/\/uniformelaboral.com\/wp-content\/uploads\/2020\/06\/LOGO-WORKTEAM-1-300x244.jpg\" alt=\"\" width=\"125\" height=\"101\" srcset=\"https:\/\/uniformelaboral.com\/wp-content\/uploads\/2020\/06\/LOGO-WORKTEAM-1-300x244.jpg 300w, https:\/\/uniformelaboral.com\/wp-content\/uploads\/2020\/06\/LOGO-WORKTEAM-1.jpg 415w\" sizes=\"auto, (max-width: 125px) 100vw, 125px\" \/><\/p>\n<p>Casaque curta sanit\u00e0ria unisex de m\u00e0niga raglan curta. Coll rod\u00f3 i tancament central de cinc botons a el to. Una bossa de pit i dues bosses laterals de plast\u00f3. Obertures en els costats.<\/p>\n<p>Composici\u00f3: 65% Poli\u00e8ster 35% Cot\u00f3, Gramatge 160 gr.<\/p>\n<p>&nbsp;<\/p>\n<h6><a href=\"https:\/\/www.workteam.com\/fichas\/tallas\/B9400.jpg\" target=\"_blank\" rel=\"noopener noreferrer\">TAULA DE TALLES<\/a><\/h6>\n<\/div>\n<h6><a href=\"https:\/\/www.workteam.com\/fichas\/declaraciones\/B9400.pdf\" target=\"_blank\" rel=\"noopener noreferrer\">DECLARACI\u00d3 DE CONFORMITAT<\/a><\/h6>\n<h6 style=\"text-align: right;\"><a href=\"https:\/\/workteam.com\/seccion_detalle.php?ref=B9400&amp;color=BL\" target=\"_blank\" rel=\"noopener noreferrer\">CONSULTAR CAT\u00c1LEG<\/a><\/h6>\n<h6 style=\"text-align: right;\"><a href=\"https:\/\/uniformelaboral.com\/index.php\/contacte\/\" target=\"_blank\" rel=\"noopener noreferrer\">CONTACTAR AMB NOSALTRES<\/a><\/h6>\n","protected":false},"featured_media":20945,"template":"","meta":{"_joinchat":[]},"product_brand":[],"product_cat":[1034,39],"product_tag":[],"class_list":{"0":"post-415","1":"product","2":"type-product","3":"status-publish","4":"has-post-thumbnail","6":"product_cat-casaques","7":"product_cat-sanitat","8":"tm-has-options","10":"first","11":"instock","12":"taxable","13":"shipping-taxable","14":"purchasable","15":"product-type-simple"},"_links":{"self":[{"href":"https:\/\/uniformelaboral.com\/index.php\/wp-json\/wp\/v2\/product\/415","targetHints":{"allow":["GET"]}}],"collection":[{"href":"https:\/\/uniformelaboral.com\/index.php\/wp-json\/wp\/v2\/product"}],"about":[{"href":"https:\/\/uniformelaboral.com\/index.php\/wp-json\/wp\/v2\/types\/product"}],"wp:featuredmedia":[{"embeddable":true,"href":"https:\/\/uniformelaboral.com\/index.php\/wp-json\/wp\/v2\/media\/20945"}],"wp:attachment":[{"href":"https:\/\/uniformelaboral.com\/index.php\/wp-json\/wp\/v2\/media?parent=415"}],"wp:term":[{"taxonomy":"product_brand","embeddable":true,"href":"https:\/\/uniformelaboral.com\/index.php\/wp-json\/wp\/v2\/product_brand?post=415"},{"taxonomy":"product_cat","embeddable":true,"href":"https:\/\/uniformelaboral.com\/index.php\/wp-json\/wp\/v2\/product_cat?post=415"},{"taxonomy":"product_tag","embeddable":true,"href":"https:\/\/uniformelaboral.com\/index.php\/wp-json\/wp\/v2\/product_tag?post=415"}],"curies":[{"name":"wp","href":"https:\/\/api.w.org\/{rel}","templated":true}]}}