{"id":413,"date":"2020-02-24T10:21:04","date_gmt":"2020-02-24T09:21:04","guid":{"rendered":"https:\/\/uniformelaboral.com\/?post_type=product&#038;p=413"},"modified":"2023-07-21T20:32:48","modified_gmt":"2023-07-21T18:32:48","slug":"cacadora-basic-industrial-b1102","status":"publish","type":"product","link":"https:\/\/uniformelaboral.com\/index.php\/producto\/cacadora-basic-industrial-b1102\/","title":{"rendered":"CA\u00c7ADORA BASIC WORK B1102 \/ 14.35\u20ac"},"content":{"rendered":"","protected":false},"excerpt":{"rendered":"<div id=\"descripcion\">\n<p><img loading=\"lazy\" decoding=\"async\" class=\"wp-image-20827 alignleft\" src=\"https:\/\/uniformelaboral.com\/wp-content\/uploads\/2020\/02\/logo_workteam_negro-1-300x243.png\" alt=\"\" width=\"121\" height=\"98\" srcset=\"https:\/\/uniformelaboral.com\/wp-content\/uploads\/2020\/02\/logo_workteam_negro-1-300x243.png 300w, https:\/\/uniformelaboral.com\/wp-content\/uploads\/2020\/02\/logo_workteam_negro-1-416x337.png 416w, https:\/\/uniformelaboral.com\/wp-content\/uploads\/2020\/02\/logo_workteam_negro-1.png 450w\" sizes=\"auto, (max-width: 121px) 100vw, 121px\" \/><\/p>\n<p>Ca\u00e7adora amb coll camiser i tanca de cremallera de nil\u00f3 oculta. Dues bosses de pit de plast\u00f3 amb cremallera de nil\u00f3. Puny el\u00e0stic. Tancament de velcro a la cintura i el\u00e0stic en els laterals.<\/p>\n<p>Composici\u00f3: 65% Poli\u00e8ster 35% Cot\u00f3, Gramatge 200 gr.<\/p>\n<p>&nbsp;<\/p>\n<\/div>\n<h6><a href=\"https:\/\/www.workteam.com\/fichas\/tallas\/B1102.jpg\" target=\"_blank\" rel=\"noopener noreferrer\">TAULA DE TALLES<\/a><\/h6>\n<h6><a href=\"https:\/\/www.workteam.com\/fichas\/declaraciones\/B1102.pdf\" target=\"_blank\" rel=\"noopener noreferrer\">DECLARACI\u00d3 DE CONFORMITAT<\/a><\/h6>\n<h6 style=\"text-align: right;\"><a href=\"https:\/\/workteam.com\/seccion_detalle.php?ref=B1102&amp;color=BL\" target=\"_blank\" rel=\"noopener noreferrer\">CONSULTAR CAT\u00c1LEG<\/a><\/h6>\n<h6 style=\"text-align: right;\"><a href=\"https:\/\/uniformelaboral.com\/index.php\/contacte\/\" target=\"_blank\" rel=\"noopener noreferrer\">CONTACTAR AMB NOSALTRES<\/a><\/h6>\n","protected":false},"featured_media":20935,"template":"","meta":{"_joinchat":[]},"product_brand":[],"product_cat":[36,155,37,1033,38],"product_tag":[],"class_list":{"0":"post-413","1":"product","2":"type-product","3":"status-publish","4":"has-post-thumbnail","6":"product_cat-alimentacio","7":"product_cat-cacadores","8":"product_cat-industria","9":"product_cat-jaquetes-serveis","10":"product_cat-serveis","11":"tm-has-options","13":"first","14":"instock","15":"taxable","16":"shipping-taxable","17":"purchasable","18":"product-type-simple"},"_links":{"self":[{"href":"https:\/\/uniformelaboral.com\/index.php\/wp-json\/wp\/v2\/product\/413","targetHints":{"allow":["GET"]}}],"collection":[{"href":"https:\/\/uniformelaboral.com\/index.php\/wp-json\/wp\/v2\/product"}],"about":[{"href":"https:\/\/uniformelaboral.com\/index.php\/wp-json\/wp\/v2\/types\/product"}],"wp:featuredmedia":[{"embeddable":true,"href":"https:\/\/uniformelaboral.com\/index.php\/wp-json\/wp\/v2\/media\/20935"}],"wp:attachment":[{"href":"https:\/\/uniformelaboral.com\/index.php\/wp-json\/wp\/v2\/media?parent=413"}],"wp:term":[{"taxonomy":"product_brand","embeddable":true,"href":"https:\/\/uniformelaboral.com\/index.php\/wp-json\/wp\/v2\/product_brand?post=413"},{"taxonomy":"product_cat","embeddable":true,"href":"https:\/\/uniformelaboral.com\/index.php\/wp-json\/wp\/v2\/product_cat?post=413"},{"taxonomy":"product_tag","embeddable":true,"href":"https:\/\/uniformelaboral.com\/index.php\/wp-json\/wp\/v2\/product_tag?post=413"}],"curies":[{"name":"wp","href":"https:\/\/api.w.org\/{rel}","templated":true}]}}