{"id":407,"date":"2020-02-24T10:12:30","date_gmt":"2020-02-24T09:12:30","guid":{"rendered":"https:\/\/uniformelaboral.com\/?post_type=product&#038;p=407"},"modified":"2024-09-06T18:21:42","modified_gmt":"2024-09-06T16:21:42","slug":"casaca-serveis-b9200","status":"publish","type":"product","link":"https:\/\/uniformelaboral.com\/index.php\/producto\/casaca-serveis-b9200\/","title":{"rendered":"CASACA SANITARIA WORK B9200 \/ 9.45\u20ac"},"content":{"rendered":"","protected":false},"excerpt":{"rendered":"<div id=\"descripcion\">\n<p><img loading=\"lazy\" decoding=\"async\" class=\"wp-image-20790 alignleft\" src=\"https:\/\/uniformelaboral.com\/wp-content\/uploads\/2020\/06\/LOGO-WORKTEAM-1-300x244.jpg\" alt=\"\" width=\"111\" height=\"91\" srcset=\"https:\/\/uniformelaboral.com\/wp-content\/uploads\/2020\/06\/LOGO-WORKTEAM-1-300x244.jpg 300w, https:\/\/uniformelaboral.com\/wp-content\/uploads\/2020\/06\/LOGO-WORKTEAM-1.jpg 415w\" sizes=\"auto, (max-width: 111px) 100vw, 111px\" \/><\/p>\n<p>Casaca sanit\u00e0ria unisex de m\u00e0niga curta i escot de bec creuat. Una bossa de pit i dues bosses laterals de plast\u00f3. Obertures en els costats.<\/p>\n<p>Composici\u00f3: 65% Poli\u00e8ster 35% Cot\u00f3, Gramatge 160 gr.<\/p>\n<\/div>\n<div><\/div>\n<h6><a href=\"https:\/\/www.workteam.com\/fichas\/tallas\/B9200.jpg\" target=\"_blank\" rel=\"noopener noreferrer\">TAULA DE TALLES<\/a><\/h6>\n<h6 style=\"text-align: right;\"><a href=\"https:\/\/workteam.com\/seccion_detalle.php?ref=B9200&amp;color=CL\" target=\"_blank\" rel=\"noopener noreferrer\">CONSULTAR EL CAT\u00c0LEG<\/a><\/h6>\n","protected":false},"featured_media":21957,"template":"","meta":{"_joinchat":[]},"product_brand":[],"product_cat":[1034,39],"product_tag":[],"class_list":{"0":"post-407","1":"product","2":"type-product","3":"status-publish","4":"has-post-thumbnail","6":"product_cat-casaques","7":"product_cat-sanitat","8":"tm-has-options","10":"first","11":"instock","12":"taxable","13":"shipping-taxable","14":"purchasable","15":"product-type-simple"},"_links":{"self":[{"href":"https:\/\/uniformelaboral.com\/index.php\/wp-json\/wp\/v2\/product\/407","targetHints":{"allow":["GET"]}}],"collection":[{"href":"https:\/\/uniformelaboral.com\/index.php\/wp-json\/wp\/v2\/product"}],"about":[{"href":"https:\/\/uniformelaboral.com\/index.php\/wp-json\/wp\/v2\/types\/product"}],"wp:featuredmedia":[{"embeddable":true,"href":"https:\/\/uniformelaboral.com\/index.php\/wp-json\/wp\/v2\/media\/21957"}],"wp:attachment":[{"href":"https:\/\/uniformelaboral.com\/index.php\/wp-json\/wp\/v2\/media?parent=407"}],"wp:term":[{"taxonomy":"product_brand","embeddable":true,"href":"https:\/\/uniformelaboral.com\/index.php\/wp-json\/wp\/v2\/product_brand?post=407"},{"taxonomy":"product_cat","embeddable":true,"href":"https:\/\/uniformelaboral.com\/index.php\/wp-json\/wp\/v2\/product_cat?post=407"},{"taxonomy":"product_tag","embeddable":true,"href":"https:\/\/uniformelaboral.com\/index.php\/wp-json\/wp\/v2\/product_tag?post=407"}],"curies":[{"name":"wp","href":"https:\/\/api.w.org\/{rel}","templated":true}]}}