{"id":404,"date":"2020-02-24T10:01:04","date_gmt":"2020-02-24T09:01:04","guid":{"rendered":"https:\/\/uniformelaboral.com\/?post_type=product&#038;p=404"},"modified":"2023-07-24T18:26:21","modified_gmt":"2023-07-24T16:26:21","slug":"bata-serveis-b6700","status":"publish","type":"product","link":"https:\/\/uniformelaboral.com\/index.php\/producto\/bata-serveis-b6700\/","title":{"rendered":"BATA AMB XECS SERVEIS WORK B6700 \/ 13.65\u20ac"},"content":{"rendered":"","protected":false},"excerpt":{"rendered":"<div id=\"descripcion\">\n<p><img loading=\"lazy\" decoding=\"async\" class=\"wp-image-20790 alignleft\" src=\"https:\/\/uniformelaboral.com\/wp-content\/uploads\/2020\/06\/LOGO-WORKTEAM-1-300x244.jpg\" alt=\"\" width=\"110\" height=\"89\" srcset=\"https:\/\/uniformelaboral.com\/wp-content\/uploads\/2020\/06\/LOGO-WORKTEAM-1-300x244.jpg 300w, https:\/\/uniformelaboral.com\/wp-content\/uploads\/2020\/06\/LOGO-WORKTEAM-1.jpg 415w\" sizes=\"auto, (max-width: 110px) 100vw, 110px\" \/><\/p>\n<p>Bata unisex amb coll solapa i tancament central de claud\u00e0tors ocults. Una bossa de pit i dues bosses laterals de plast\u00f3. M\u00e0niga llarga.<\/p>\n<p>Composici\u00f3: 65% Poli\u00e8ster 35% Cot\u00f3, Gramatge 160 gr<\/p>\n<\/div>\n<div><img loading=\"lazy\" decoding=\"async\" class=\"wp-image-20958 aligncenter\" src=\"https:\/\/uniformelaboral.com\/wp-content\/uploads\/2020\/02\/UNISEX-300x279.jpg\" alt=\"\" width=\"69\" height=\"64\" srcset=\"https:\/\/uniformelaboral.com\/wp-content\/uploads\/2020\/02\/UNISEX-300x279.jpg 300w, https:\/\/uniformelaboral.com\/wp-content\/uploads\/2020\/02\/UNISEX-1024x952.jpg 1024w, https:\/\/uniformelaboral.com\/wp-content\/uploads\/2020\/02\/UNISEX-768x714.jpg 768w, https:\/\/uniformelaboral.com\/wp-content\/uploads\/2020\/02\/UNISEX-1536x1428.jpg 1536w, https:\/\/uniformelaboral.com\/wp-content\/uploads\/2020\/02\/UNISEX-416x387.jpg 416w, https:\/\/uniformelaboral.com\/wp-content\/uploads\/2020\/02\/UNISEX.jpg 1604w\" sizes=\"auto, (max-width: 69px) 100vw, 69px\" \/><\/div>\n<h6><a href=\"https:\/\/www.workteam.com\/fichas\/tallas\/B6700.jpg\" target=\"_blank\" rel=\"noopener noreferrer\">TAULA DE TALLES<\/a><\/h6>\n<h6><a href=\"https:\/\/www.workteam.com\/fichas\/declaraciones\/B6700.pdf\" target=\"_blank\" rel=\"noopener noreferrer\">DECLARACI\u00d3 DE CONFORMITAT<\/a><\/h6>\n<h6 style=\"text-align: right;\"><a href=\"https:\/\/workteam.com\/seccion_detalle.php?ref=B6700&amp;color=AMR\" target=\"_blank\" rel=\"noopener noreferrer\">CONSULTAR EL CAT\u00c1LEG<\/a><\/h6>\n<h6 style=\"text-align: right;\"><a href=\"https:\/\/uniformelaboral.com\/index.php\/contacte\/\" target=\"_blank\" rel=\"noopener noreferrer\">CONTACTAR AMB NOSALTRES<\/a><\/h6>\n","protected":false},"featured_media":20959,"template":"","meta":{"_joinchat":[]},"product_brand":[],"product_cat":[36,1035,1036,139,144,37,39,38],"product_tag":[],"class_list":{"0":"post-404","1":"product","2":"type-product","3":"status-publish","4":"has-post-thumbnail","6":"product_cat-alimentacio","7":"product_cat-bates-industria","8":"product_cat-bates-serveis","9":"product_cat-bates","10":"product_cat-bates-2","11":"product_cat-industria","12":"product_cat-sanitat","13":"product_cat-serveis","14":"tm-has-options","16":"first","17":"instock","18":"taxable","19":"shipping-taxable","20":"purchasable","21":"product-type-simple"},"_links":{"self":[{"href":"https:\/\/uniformelaboral.com\/index.php\/wp-json\/wp\/v2\/product\/404","targetHints":{"allow":["GET"]}}],"collection":[{"href":"https:\/\/uniformelaboral.com\/index.php\/wp-json\/wp\/v2\/product"}],"about":[{"href":"https:\/\/uniformelaboral.com\/index.php\/wp-json\/wp\/v2\/types\/product"}],"wp:featuredmedia":[{"embeddable":true,"href":"https:\/\/uniformelaboral.com\/index.php\/wp-json\/wp\/v2\/media\/20959"}],"wp:attachment":[{"href":"https:\/\/uniformelaboral.com\/index.php\/wp-json\/wp\/v2\/media?parent=404"}],"wp:term":[{"taxonomy":"product_brand","embeddable":true,"href":"https:\/\/uniformelaboral.com\/index.php\/wp-json\/wp\/v2\/product_brand?post=404"},{"taxonomy":"product_cat","embeddable":true,"href":"https:\/\/uniformelaboral.com\/index.php\/wp-json\/wp\/v2\/product_cat?post=404"},{"taxonomy":"product_tag","embeddable":true,"href":"https:\/\/uniformelaboral.com\/index.php\/wp-json\/wp\/v2\/product_tag?post=404"}],"curies":[{"name":"wp","href":"https:\/\/api.w.org\/{rel}","templated":true}]}}