{"id":38720,"date":"2025-02-26T17:13:21","date_gmt":"2025-02-26T16:13:21","guid":{"rendered":"https:\/\/uniformelaboral.com\/index.php\/producto\/vaccine-woman\/"},"modified":"2025-02-28T11:50:21","modified_gmt":"2025-02-28T10:50:21","slug":"vaccine-woman","status":"publish","type":"product","link":"https:\/\/uniformelaboral.com\/index.php\/producto\/vaccine-woman\/","title":{"rendered":"VACCINE WOMAN"},"content":{"rendered":"<p>Bata de servei de m\u00e0niga llarga entallada.<br \/>\n\u00b7 Coll amb solapa.<br \/>\n\u00b7 Obertura central amb 5 botons a to.<br \/>\n\u00b7 Un butxaca al pit i dos laterals.<br \/>\n\u00b7 Cintura posterior.<br \/>\nComposition: El 65% poli\u00e8ster \/ 35% cot\u00f3, sarja de 195 g \/ m\u00b2.<br \/>\nRemarks: * Etiqueta extra\u00efble.<br \/>\n* Models per a laboratori, sanitat, est\u00e8tica, alimentaci\u00f3 i neteja.<\/p>\n","protected":false},"excerpt":{"rendered":"<p>Bata de servei de m\u00e0niga llarga entallada. \u00b7 Coll amb solapa. \u00b7 Obertura central amb 5 botons a to. \u00b7 Un butxaca al pit i dos laterals. \u00b7 Cintura posterior. Composition: El 65% poli\u00e8ster \/ 35% cot\u00f3, sarja de 195 g \/ m\u00b2. Remarks: * Etiqueta extra\u00efble. * Models per a laboratori, sanitat, est\u00e8tica, alimentaci\u00f3 [&hellip;]<\/p>\n","protected":false},"featured_media":38721,"template":"","meta":{"_joinchat":[]},"product_brand":[],"product_cat":[36,1128,1035,1036,139,144,37,1121,39,38,1097],"product_tag":[],"class_list":{"0":"post-38720","1":"product","2":"type-product","3":"status-publish","4":"has-post-thumbnail","6":"product_cat-alimentacio","7":"product_cat-sanitarybata","8":"product_cat-bates-industria","9":"product_cat-bates-serveis","10":"product_cat-bates","11":"product_cat-bates-2","12":"product_cat-industria","13":"product_cat-san_est","14":"product_cat-sanitat","15":"product_cat-serveis","16":"product_cat-workwear","17":"tm-has-options","19":"first","20":"instock","21":"taxable","22":"shipping-taxable","23":"purchasable","24":"product-type-variable"},"_links":{"self":[{"href":"https:\/\/uniformelaboral.com\/index.php\/wp-json\/wp\/v2\/product\/38720","targetHints":{"allow":["GET"]}}],"collection":[{"href":"https:\/\/uniformelaboral.com\/index.php\/wp-json\/wp\/v2\/product"}],"about":[{"href":"https:\/\/uniformelaboral.com\/index.php\/wp-json\/wp\/v2\/types\/product"}],"wp:featuredmedia":[{"embeddable":true,"href":"https:\/\/uniformelaboral.com\/index.php\/wp-json\/wp\/v2\/media\/38721"}],"wp:attachment":[{"href":"https:\/\/uniformelaboral.com\/index.php\/wp-json\/wp\/v2\/media?parent=38720"}],"wp:term":[{"taxonomy":"product_brand","embeddable":true,"href":"https:\/\/uniformelaboral.com\/index.php\/wp-json\/wp\/v2\/product_brand?post=38720"},{"taxonomy":"product_cat","embeddable":true,"href":"https:\/\/uniformelaboral.com\/index.php\/wp-json\/wp\/v2\/product_cat?post=38720"},{"taxonomy":"product_tag","embeddable":true,"href":"https:\/\/uniformelaboral.com\/index.php\/wp-json\/wp\/v2\/product_tag?post=38720"}],"curies":[{"name":"wp","href":"https:\/\/api.w.org\/{rel}","templated":true}]}}