{"id":38438,"date":"2025-02-26T17:05:57","date_gmt":"2025-02-26T16:05:57","guid":{"rendered":"https:\/\/uniformelaboral.com\/index.php\/producto\/aida\/"},"modified":"2025-02-28T18:23:32","modified_gmt":"2025-02-28T17:23:32","slug":"aida","status":"publish","type":"product","link":"https:\/\/uniformelaboral.com\/index.php\/producto\/aida\/","title":{"rendered":"AIDA"},"content":{"rendered":"<p>Samarreta esportiva amb esquena estil nedadora. Teixit de poli\u00e8ster amb tacte de cot\u00f3. Teixit adaptable al cos. Tall entallat.<br \/>\nComposition: 92% poli\u00e8ster \/ 8% elast\u00e0, 160\u00a0g\/m\u00b2.<br \/>\nRemarks: Model transpirable f\u00e0cil d\u2019assecar.<br \/>\n* Tacte suau.<br \/>\n*Etiqueta extra\u00efble.<br \/>\n*En el color negre d&#8217;aquest model nom\u00e9s es pot aplicar brodat, cap altre reproc\u00e9s.<br \/>\n<img decoding=\"async\" src=\"https:\/\/static.gorfactory.es\/pics\/measures\/CA_MC_MU.jpg\" \/><\/p>\n","protected":false},"excerpt":{"rendered":"<p>Samarreta esportiva amb esquena estil nedadora. Teixit de poli\u00e8ster amb tacte de cot\u00f3. Teixit adaptable al cos. Tall entallat. Composition: 92% poli\u00e8ster \/ 8% elast\u00e0, 160\u00a0g\/m\u00b2. Remarks: Model transpirable f\u00e0cil d\u2019assecar. * Tacte suau. *Etiqueta extra\u00efble. *En el color negre d&#8217;aquest model nom\u00e9s es pot aplicar brodat, cap altre reproc\u00e9s.<\/p>\n","protected":false},"featured_media":38439,"template":"","meta":{"_joinchat":[]},"product_brand":[],"product_cat":[1065,973,966,654],"product_tag":[],"class_list":{"0":"post-38438","1":"product","2":"type-product","3":"status-publish","4":"has-post-thumbnail","6":"product_cat-cam_sp","7":"product_cat-maniga-curta-14","8":"product_cat-semarretes-sport","9":"product_cat-sports-indumentaria-base","10":"tm-has-options","12":"first","13":"instock","14":"taxable","15":"shipping-taxable","16":"purchasable","17":"product-type-variable"},"_links":{"self":[{"href":"https:\/\/uniformelaboral.com\/index.php\/wp-json\/wp\/v2\/product\/38438","targetHints":{"allow":["GET"]}}],"collection":[{"href":"https:\/\/uniformelaboral.com\/index.php\/wp-json\/wp\/v2\/product"}],"about":[{"href":"https:\/\/uniformelaboral.com\/index.php\/wp-json\/wp\/v2\/types\/product"}],"wp:featuredmedia":[{"embeddable":true,"href":"https:\/\/uniformelaboral.com\/index.php\/wp-json\/wp\/v2\/media\/38439"}],"wp:attachment":[{"href":"https:\/\/uniformelaboral.com\/index.php\/wp-json\/wp\/v2\/media?parent=38438"}],"wp:term":[{"taxonomy":"product_brand","embeddable":true,"href":"https:\/\/uniformelaboral.com\/index.php\/wp-json\/wp\/v2\/product_brand?post=38438"},{"taxonomy":"product_cat","embeddable":true,"href":"https:\/\/uniformelaboral.com\/index.php\/wp-json\/wp\/v2\/product_cat?post=38438"},{"taxonomy":"product_tag","embeddable":true,"href":"https:\/\/uniformelaboral.com\/index.php\/wp-json\/wp\/v2\/product_tag?post=38438"}],"curies":[{"name":"wp","href":"https:\/\/api.w.org\/{rel}","templated":true}]}}