{"id":38358,"date":"2025-02-26T17:04:01","date_gmt":"2025-02-26T16:04:01","guid":{"rendered":"https:\/\/uniformelaboral.com\/index.php\/producto\/austin\/"},"modified":"2025-02-28T18:24:21","modified_gmt":"2025-02-28T17:24:21","slug":"austin","status":"publish","type":"product","link":"https:\/\/uniformelaboral.com\/index.php\/producto\/austin\/","title":{"rendered":"AUSTIN"},"content":{"rendered":"<p>Samarreta t\u00e8cnica de teixit de poli\u00e8ster, m\u00e0niga curta d\u2019estil raglan. Coll rod\u00f3. Samarreta de teixit amb caiguda, c\u00f2moda i f\u00e0cilment adaptable al cos.<br \/>\nComposition: 100 % poli\u00e8ster space dye, 140\u00a0g\/m\u00b2.<br \/>\nRemarks: Model transpirable f\u00e0cil d\u2019assecar.<br \/>\n*Etiqueta extra\u00efble.<br \/>\n*Teixit t\u00e8cnic.<br \/>\n<img decoding=\"async\" src=\"https:\/\/static.gorfactory.es\/pics\/measures\/CA_MC_HO.jpg\" \/><\/p>\n","protected":false},"excerpt":{"rendered":"<p>Samarreta t\u00e8cnica de teixit de poli\u00e8ster, m\u00e0niga curta d\u2019estil raglan. Coll rod\u00f3. Samarreta de teixit amb caiguda, c\u00f2moda i f\u00e0cilment adaptable al cos. Composition: 100 % poli\u00e8ster space dye, 140\u00a0g\/m\u00b2. Remarks: Model transpirable f\u00e0cil d\u2019assecar. *Etiqueta extra\u00efble. *Teixit t\u00e8cnic.<\/p>\n","protected":false},"featured_media":38359,"template":"","meta":{"_joinchat":[]},"product_brand":[],"product_cat":[1065,973,966,654],"product_tag":[],"class_list":{"0":"post-38358","1":"product","2":"type-product","3":"status-publish","4":"has-post-thumbnail","6":"product_cat-cam_sp","7":"product_cat-maniga-curta-14","8":"product_cat-semarretes-sport","9":"product_cat-sports-indumentaria-base","10":"tm-has-options","12":"first","13":"instock","14":"taxable","15":"shipping-taxable","16":"purchasable","17":"product-type-variable"},"_links":{"self":[{"href":"https:\/\/uniformelaboral.com\/index.php\/wp-json\/wp\/v2\/product\/38358","targetHints":{"allow":["GET"]}}],"collection":[{"href":"https:\/\/uniformelaboral.com\/index.php\/wp-json\/wp\/v2\/product"}],"about":[{"href":"https:\/\/uniformelaboral.com\/index.php\/wp-json\/wp\/v2\/types\/product"}],"wp:featuredmedia":[{"embeddable":true,"href":"https:\/\/uniformelaboral.com\/index.php\/wp-json\/wp\/v2\/media\/38359"}],"wp:attachment":[{"href":"https:\/\/uniformelaboral.com\/index.php\/wp-json\/wp\/v2\/media?parent=38358"}],"wp:term":[{"taxonomy":"product_brand","embeddable":true,"href":"https:\/\/uniformelaboral.com\/index.php\/wp-json\/wp\/v2\/product_brand?post=38358"},{"taxonomy":"product_cat","embeddable":true,"href":"https:\/\/uniformelaboral.com\/index.php\/wp-json\/wp\/v2\/product_cat?post=38358"},{"taxonomy":"product_tag","embeddable":true,"href":"https:\/\/uniformelaboral.com\/index.php\/wp-json\/wp\/v2\/product_tag?post=38358"}],"curies":[{"name":"wp","href":"https:\/\/api.w.org\/{rel}","templated":true}]}}