{"id":38288,"date":"2025-02-26T17:02:20","date_gmt":"2025-02-26T16:02:20","guid":{"rendered":"https:\/\/uniformelaboral.com\/index.php\/producto\/zolder\/"},"modified":"2025-02-28T18:25:08","modified_gmt":"2025-02-28T17:25:08","slug":"zolder","status":"publish","type":"product","link":"https:\/\/uniformelaboral.com\/index.php\/producto\/zolder\/","title":{"rendered":"ZOLDER"},"content":{"rendered":"<p>Samarreta t\u00e8cnica de m\u00e0niga curta.<br \/>\n1. Coll rod\u00f3.<br \/>\n2. Combinada a l\u2019esquena, espatlles i m\u00e0nigues amb dos teixits de poli\u00e8ster.<br \/>\n3. Teixit principal frontal bird&#8217;s eye i teixit space dye a la part posterior.<br \/>\n4. 6.- Patronatge a l&#8217;esquena lleugerament m\u00e9s llarg .<br \/>\nComposition: Teixit part davantera: 100% poli\u00e8ster bird\u00b4s eye. Teixit part posterior: 100% poli\u00e8ster space dye. 135 g\/m\u00b2.<br \/>\nRemarks: Model transpirable f\u00e0cil d\u2019assecar.<br \/>\n*Etiqueta extra\u00efble.<br \/>\n*Teixit t\u00e8cnic.<br \/>\n*D\u00fao concept.<br \/>\n<img decoding=\"async\" src=\"https:\/\/static.gorfactory.es\/pics\/measures\/CA_MC_HO.jpg\" \/><\/p>\n","protected":false},"excerpt":{"rendered":"<p>Samarreta t\u00e8cnica de m\u00e0niga curta. 1. Coll rod\u00f3. 2. Combinada a l\u2019esquena, espatlles i m\u00e0nigues amb dos teixits de poli\u00e8ster. 3. Teixit principal frontal bird&#8217;s eye i teixit space dye a la part posterior. 4. 6.- Patronatge a l&#8217;esquena lleugerament m\u00e9s llarg . Composition: Teixit part davantera: 100% poli\u00e8ster bird\u00b4s eye. Teixit part posterior: 100% [&hellip;]<\/p>\n","protected":false},"featured_media":38289,"template":"","meta":{"_joinchat":[]},"product_brand":[],"product_cat":[1065,973,966,654],"product_tag":[],"class_list":{"0":"post-38288","1":"product","2":"type-product","3":"status-publish","4":"has-post-thumbnail","6":"product_cat-cam_sp","7":"product_cat-maniga-curta-14","8":"product_cat-semarretes-sport","9":"product_cat-sports-indumentaria-base","10":"tm-has-options","12":"first","13":"instock","14":"taxable","15":"shipping-taxable","16":"purchasable","17":"product-type-variable"},"_links":{"self":[{"href":"https:\/\/uniformelaboral.com\/index.php\/wp-json\/wp\/v2\/product\/38288","targetHints":{"allow":["GET"]}}],"collection":[{"href":"https:\/\/uniformelaboral.com\/index.php\/wp-json\/wp\/v2\/product"}],"about":[{"href":"https:\/\/uniformelaboral.com\/index.php\/wp-json\/wp\/v2\/types\/product"}],"wp:featuredmedia":[{"embeddable":true,"href":"https:\/\/uniformelaboral.com\/index.php\/wp-json\/wp\/v2\/media\/38289"}],"wp:attachment":[{"href":"https:\/\/uniformelaboral.com\/index.php\/wp-json\/wp\/v2\/media?parent=38288"}],"wp:term":[{"taxonomy":"product_brand","embeddable":true,"href":"https:\/\/uniformelaboral.com\/index.php\/wp-json\/wp\/v2\/product_brand?post=38288"},{"taxonomy":"product_cat","embeddable":true,"href":"https:\/\/uniformelaboral.com\/index.php\/wp-json\/wp\/v2\/product_cat?post=38288"},{"taxonomy":"product_tag","embeddable":true,"href":"https:\/\/uniformelaboral.com\/index.php\/wp-json\/wp\/v2\/product_tag?post=38288"}],"curies":[{"name":"wp","href":"https:\/\/api.w.org\/{rel}","templated":true}]}}