{"id":38212,"date":"2025-02-26T17:00:15","date_gmt":"2025-02-26T16:00:15","guid":{"rendered":"https:\/\/uniformelaboral.com\/index.php\/producto\/detroit\/"},"modified":"2025-02-28T18:26:30","modified_gmt":"2025-02-28T17:26:30","slug":"detroit","status":"publish","type":"product","link":"https:\/\/uniformelaboral.com\/index.php\/producto\/detroit\/","title":{"rendered":"DETROIT"},"content":{"rendered":"<p>Samarreta t\u00e8cnica de m\u00e0niga curta.<br \/>\n1.- Coll rod\u00f3.<br \/>\n2.- Combinada a l\u2019esquena i a les espatlles amb dos teixits de poli\u00e8ster.<br \/>\n3.- Teixit principal frontal bird&#8217;s eye i teixit reixeta 3D transpirable a la part posterior.<br \/>\n4.- Teixit preparat per a absorbir la humitat.<br \/>\n5.- Repunts decoratius en zig-zag a les espatlles i als costats frontals.<br \/>\n6.- Patronatge a l\u2019esquena lleugerament m\u00e9s llarg.<br \/>\nComposition: Teixit part davantera: 100% poli\u00e8ster bird\u00b4s eye. Teixit part posterior: 100% poli\u00e8ster reixeta 3D. 130 g\/m\u00b2.<br \/>\nRemarks: Model transpirable f\u00e0cil d\u2019assecar.<br \/>\n*Etiqueta extra\u00efble.<br \/>\n*Teixit t\u00e8cnic.<br \/>\n<img decoding=\"async\" src=\"https:\/\/static.gorfactory.es\/pics\/measures\/CA_MC_HO.jpg\" \/><\/p>\n","protected":false},"excerpt":{"rendered":"<p>Samarreta t\u00e8cnica de m\u00e0niga curta. 1.- Coll rod\u00f3. 2.- Combinada a l\u2019esquena i a les espatlles amb dos teixits de poli\u00e8ster. 3.- Teixit principal frontal bird&#8217;s eye i teixit reixeta 3D transpirable a la part posterior. 4.- Teixit preparat per a absorbir la humitat. 5.- Repunts decoratius en zig-zag a les espatlles i als costats [&hellip;]<\/p>\n","protected":false},"featured_media":38213,"template":"","meta":{"_joinchat":[]},"product_brand":[],"product_cat":[1065,973,966,654],"product_tag":[],"class_list":{"0":"post-38212","1":"product","2":"type-product","3":"status-publish","4":"has-post-thumbnail","6":"product_cat-cam_sp","7":"product_cat-maniga-curta-14","8":"product_cat-semarretes-sport","9":"product_cat-sports-indumentaria-base","10":"tm-has-options","12":"first","13":"instock","14":"taxable","15":"shipping-taxable","16":"purchasable","17":"product-type-variable"},"_links":{"self":[{"href":"https:\/\/uniformelaboral.com\/index.php\/wp-json\/wp\/v2\/product\/38212","targetHints":{"allow":["GET"]}}],"collection":[{"href":"https:\/\/uniformelaboral.com\/index.php\/wp-json\/wp\/v2\/product"}],"about":[{"href":"https:\/\/uniformelaboral.com\/index.php\/wp-json\/wp\/v2\/types\/product"}],"wp:featuredmedia":[{"embeddable":true,"href":"https:\/\/uniformelaboral.com\/index.php\/wp-json\/wp\/v2\/media\/38213"}],"wp:attachment":[{"href":"https:\/\/uniformelaboral.com\/index.php\/wp-json\/wp\/v2\/media?parent=38212"}],"wp:term":[{"taxonomy":"product_brand","embeddable":true,"href":"https:\/\/uniformelaboral.com\/index.php\/wp-json\/wp\/v2\/product_brand?post=38212"},{"taxonomy":"product_cat","embeddable":true,"href":"https:\/\/uniformelaboral.com\/index.php\/wp-json\/wp\/v2\/product_cat?post=38212"},{"taxonomy":"product_tag","embeddable":true,"href":"https:\/\/uniformelaboral.com\/index.php\/wp-json\/wp\/v2\/product_tag?post=38212"}],"curies":[{"name":"wp","href":"https:\/\/api.w.org\/{rel}","templated":true}]}}