{"id":38083,"date":"2025-02-26T16:57:11","date_gmt":"2025-02-26T15:57:11","guid":{"rendered":"https:\/\/uniformelaboral.com\/index.php\/producto\/austin-woman\/"},"modified":"2025-02-28T18:28:37","modified_gmt":"2025-02-28T17:28:37","slug":"austin-woman","status":"publish","type":"product","link":"https:\/\/uniformelaboral.com\/index.php\/producto\/austin-woman\/","title":{"rendered":"AUSTIN WOMAN"},"content":{"rendered":"<p>Samarreta t\u00e8cnica de dona en teixit poli\u00e8ster de m\u00e0niga curta estil ragl\u00e0n. Coll rod\u00f3. Samarreta de teixit amb caiguda confortable i f\u00e0cilment adaptable al cos.<br \/>\nComposition: 100% poli\u00e8ster space dye,140 g\/m\u00b2.<br \/>\nRemarks: *Model transpirable de f\u00e0cil assecat.<br \/>\n*Etiqueta extra\u00efble.<br \/>\n*Teixit t\u00e8cnic.<br \/>\n<img decoding=\"async\" src=\"https:\/\/static.gorfactory.es\/pics\/measures\/CA_MC_MU.jpg\" \/><\/p>\n","protected":false},"excerpt":{"rendered":"<p>Samarreta t\u00e8cnica de dona en teixit poli\u00e8ster de m\u00e0niga curta estil ragl\u00e0n. Coll rod\u00f3. Samarreta de teixit amb caiguda confortable i f\u00e0cilment adaptable al cos. Composition: 100% poli\u00e8ster space dye,140 g\/m\u00b2. Remarks: *Model transpirable de f\u00e0cil assecat. *Etiqueta extra\u00efble. *Teixit t\u00e8cnic.<\/p>\n","protected":false},"featured_media":38084,"template":"","meta":{"_joinchat":[]},"product_brand":[],"product_cat":[1065,973,966,654],"product_tag":[],"class_list":{"0":"post-38083","1":"product","2":"type-product","3":"status-publish","4":"has-post-thumbnail","6":"product_cat-cam_sp","7":"product_cat-maniga-curta-14","8":"product_cat-semarretes-sport","9":"product_cat-sports-indumentaria-base","10":"tm-has-options","12":"first","13":"instock","14":"taxable","15":"shipping-taxable","16":"purchasable","17":"product-type-variable"},"_links":{"self":[{"href":"https:\/\/uniformelaboral.com\/index.php\/wp-json\/wp\/v2\/product\/38083","targetHints":{"allow":["GET"]}}],"collection":[{"href":"https:\/\/uniformelaboral.com\/index.php\/wp-json\/wp\/v2\/product"}],"about":[{"href":"https:\/\/uniformelaboral.com\/index.php\/wp-json\/wp\/v2\/types\/product"}],"wp:featuredmedia":[{"embeddable":true,"href":"https:\/\/uniformelaboral.com\/index.php\/wp-json\/wp\/v2\/media\/38084"}],"wp:attachment":[{"href":"https:\/\/uniformelaboral.com\/index.php\/wp-json\/wp\/v2\/media?parent=38083"}],"wp:term":[{"taxonomy":"product_brand","embeddable":true,"href":"https:\/\/uniformelaboral.com\/index.php\/wp-json\/wp\/v2\/product_brand?post=38083"},{"taxonomy":"product_cat","embeddable":true,"href":"https:\/\/uniformelaboral.com\/index.php\/wp-json\/wp\/v2\/product_cat?post=38083"},{"taxonomy":"product_tag","embeddable":true,"href":"https:\/\/uniformelaboral.com\/index.php\/wp-json\/wp\/v2\/product_tag?post=38083"}],"curies":[{"name":"wp","href":"https:\/\/api.w.org\/{rel}","templated":true}]}}