{"id":38032,"date":"2025-02-26T16:56:02","date_gmt":"2025-02-26T15:56:02","guid":{"rendered":"https:\/\/uniformelaboral.com\/index.php\/producto\/shanghai-woman\/"},"modified":"2025-02-28T18:29:28","modified_gmt":"2025-02-28T17:29:28","slug":"shanghai-woman","status":"publish","type":"product","link":"https:\/\/uniformelaboral.com\/index.php\/producto\/shanghai-woman\/","title":{"rendered":"SHANGHAI WOMAN"},"content":{"rendered":"<p>Samarreta t\u00e8cnica combinada amb dos teixits de poli\u00e8ster, m\u00e0niga curta d\u2019estil raglan. Teixit principal bird&#8217;s eye i panells laterals i interior de la m\u00e0niga amb teixit microperforat. Coll rod\u00f3 amb tapacostures de refor\u00e7 a l\u2019interior. Samarreta de teixit c\u00f2mode i f\u00e0cilment adaptable al cos.<br \/>\nComposition: Teixit principal: 100% poli\u00e8ster, bird\u00b4s eye. Panells: 100% poli\u00e8ster microperforat. 140 g\/m\u00b2.<br \/>\nRemarks: *Etiqueta extra\u00efble.<br \/>\n*Teixit t\u00e8cnic.<br \/>\n*Model transpirable.<br \/>\n*Duo concept<br \/>\n<img decoding=\"async\" src=\"https:\/\/static.gorfactory.es\/pics\/measures\/CA_MC_MU.jpg\" \/><\/p>\n","protected":false},"excerpt":{"rendered":"<p>Samarreta t\u00e8cnica combinada amb dos teixits de poli\u00e8ster, m\u00e0niga curta d\u2019estil raglan. Teixit principal bird&#8217;s eye i panells laterals i interior de la m\u00e0niga amb teixit microperforat. Coll rod\u00f3 amb tapacostures de refor\u00e7 a l\u2019interior. Samarreta de teixit c\u00f2mode i f\u00e0cilment adaptable al cos. Composition: Teixit principal: 100% poli\u00e8ster, bird\u00b4s eye. Panells: 100% poli\u00e8ster microperforat. [&hellip;]<\/p>\n","protected":false},"featured_media":38033,"template":"","meta":{"_joinchat":[]},"product_brand":[],"product_cat":[1065,973,966,654],"product_tag":[],"class_list":{"0":"post-38032","1":"product","2":"type-product","3":"status-publish","4":"has-post-thumbnail","6":"product_cat-cam_sp","7":"product_cat-maniga-curta-14","8":"product_cat-semarretes-sport","9":"product_cat-sports-indumentaria-base","10":"tm-has-options","12":"first","13":"instock","14":"taxable","15":"shipping-taxable","16":"purchasable","17":"product-type-variable"},"_links":{"self":[{"href":"https:\/\/uniformelaboral.com\/index.php\/wp-json\/wp\/v2\/product\/38032","targetHints":{"allow":["GET"]}}],"collection":[{"href":"https:\/\/uniformelaboral.com\/index.php\/wp-json\/wp\/v2\/product"}],"about":[{"href":"https:\/\/uniformelaboral.com\/index.php\/wp-json\/wp\/v2\/types\/product"}],"wp:featuredmedia":[{"embeddable":true,"href":"https:\/\/uniformelaboral.com\/index.php\/wp-json\/wp\/v2\/media\/38033"}],"wp:attachment":[{"href":"https:\/\/uniformelaboral.com\/index.php\/wp-json\/wp\/v2\/media?parent=38032"}],"wp:term":[{"taxonomy":"product_brand","embeddable":true,"href":"https:\/\/uniformelaboral.com\/index.php\/wp-json\/wp\/v2\/product_brand?post=38032"},{"taxonomy":"product_cat","embeddable":true,"href":"https:\/\/uniformelaboral.com\/index.php\/wp-json\/wp\/v2\/product_cat?post=38032"},{"taxonomy":"product_tag","embeddable":true,"href":"https:\/\/uniformelaboral.com\/index.php\/wp-json\/wp\/v2\/product_tag?post=38032"}],"curies":[{"name":"wp","href":"https:\/\/api.w.org\/{rel}","templated":true}]}}