{"id":379,"date":"2020-02-21T12:39:16","date_gmt":"2020-02-21T11:39:16","guid":{"rendered":"https:\/\/uniformelaboral.com\/?post_type=product&#038;p=379"},"modified":"2023-07-25T17:41:34","modified_gmt":"2023-07-25T15:41:34","slug":"bermuda-basic-industrial-b1405","status":"publish","type":"product","link":"https:\/\/uniformelaboral.com\/index.php\/producto\/bermuda-basic-industrial-b1405\/","title":{"rendered":"BERMUDA BASIC INDUSTRIAL WORK B1405 \/ 11.06\u20ac"},"content":{"rendered":"","protected":false},"excerpt":{"rendered":"<p><img loading=\"lazy\" decoding=\"async\" class=\" wp-image-20790 alignleft\" src=\"https:\/\/uniformelaboral.com\/wp-content\/uploads\/2020\/06\/LOGO-WORKTEAM-1-300x244.jpg\" alt=\"\" width=\"136\" height=\"111\" srcset=\"https:\/\/uniformelaboral.com\/wp-content\/uploads\/2020\/06\/LOGO-WORKTEAM-1-300x244.jpg 300w, https:\/\/uniformelaboral.com\/wp-content\/uploads\/2020\/06\/LOGO-WORKTEAM-1.jpg 415w\" sizes=\"auto, (max-width: 136px) 100vw, 136px\" \/>Bermuda amb dues bosses d&#8217;obertura inclinada en els costats i dues bosses laterals de c\u00e0rrega amb cartera de velcro. Una bossa darrere de trau amb tancament de presilla i bot\u00f3. El\u00e0stic a la cintura. Travetes. Tancament de bot\u00f3 i bragueta de cremallera.<\/p>\n<p>Composici\u00f3 el 65% Poliester 35% Cot\u00f3<\/p>\n<p><img loading=\"lazy\" decoding=\"async\" class=\" wp-image-20879 aligncenter\" src=\"https:\/\/uniformelaboral.com\/wp-content\/uploads\/2020\/02\/MULTIBUTXAQUES-300x287.jpg\" alt=\"\" width=\"87\" height=\"83\" srcset=\"https:\/\/uniformelaboral.com\/wp-content\/uploads\/2020\/02\/MULTIBUTXAQUES-300x287.jpg 300w, https:\/\/uniformelaboral.com\/wp-content\/uploads\/2020\/02\/MULTIBUTXAQUES-768x736.jpg 768w, https:\/\/uniformelaboral.com\/wp-content\/uploads\/2020\/02\/MULTIBUTXAQUES-416x398.jpg 416w, https:\/\/uniformelaboral.com\/wp-content\/uploads\/2020\/02\/MULTIBUTXAQUES.jpg 804w\" sizes=\"auto, (max-width: 87px) 100vw, 87px\" \/><\/p>\n<h6><a href=\"https:\/\/www.workteam.com\/fichas\/tallas\/B1405.jpg\" target=\"_blank\" rel=\"noopener noreferrer\">TAULA DE TALLES<\/a><\/h6>\n<h6><a href=\"https:\/\/www.workteam.com\/fichas\/declaraciones\/B1405.pdf\" target=\"_blank\" rel=\"noopener noreferrer\">DECLARACI\u00d3 DE CONFORMITAT<\/a><\/h6>\n<h6 style=\"text-align: right;\"><a href=\"https:\/\/workteam.com\/seccion_detalle.php?ref=B1405&amp;color=MR\" target=\"_blank\" rel=\"noopener noreferrer\">CONSULTAR CAT\u00c1LEG<\/a><\/h6>\n<h6 style=\"text-align: right;\"><a href=\"https:\/\/uniformelaboral.com\/index.php\/contacte\/\" target=\"_blank\" rel=\"noopener noreferrer\">CONTACTAR AMB NOSALTRES<\/a><\/h6>\n","protected":false},"featured_media":20981,"template":"","meta":{"_joinchat":[]},"product_brand":[],"product_cat":[37,171,172,135,148,38],"product_tag":[],"class_list":{"0":"post-379","1":"product","2":"type-product","3":"status-publish","4":"has-post-thumbnail","6":"product_cat-industria","7":"product_cat-multibutxaques-pantalons-5","8":"product_cat-multibutxaques-pantalons-2","9":"product_cat-pantalons-2","10":"product_cat-pantalons-5","11":"product_cat-serveis","12":"tm-has-options","14":"first","15":"instock","16":"taxable","17":"shipping-taxable","18":"purchasable","19":"product-type-simple"},"_links":{"self":[{"href":"https:\/\/uniformelaboral.com\/index.php\/wp-json\/wp\/v2\/product\/379","targetHints":{"allow":["GET"]}}],"collection":[{"href":"https:\/\/uniformelaboral.com\/index.php\/wp-json\/wp\/v2\/product"}],"about":[{"href":"https:\/\/uniformelaboral.com\/index.php\/wp-json\/wp\/v2\/types\/product"}],"wp:featuredmedia":[{"embeddable":true,"href":"https:\/\/uniformelaboral.com\/index.php\/wp-json\/wp\/v2\/media\/20981"}],"wp:attachment":[{"href":"https:\/\/uniformelaboral.com\/index.php\/wp-json\/wp\/v2\/media?parent=379"}],"wp:term":[{"taxonomy":"product_brand","embeddable":true,"href":"https:\/\/uniformelaboral.com\/index.php\/wp-json\/wp\/v2\/product_brand?post=379"},{"taxonomy":"product_cat","embeddable":true,"href":"https:\/\/uniformelaboral.com\/index.php\/wp-json\/wp\/v2\/product_cat?post=379"},{"taxonomy":"product_tag","embeddable":true,"href":"https:\/\/uniformelaboral.com\/index.php\/wp-json\/wp\/v2\/product_tag?post=379"}],"curies":[{"name":"wp","href":"https:\/\/api.w.org\/{rel}","templated":true}]}}