{"id":37772,"date":"2025-02-26T16:50:06","date_gmt":"2025-02-26T15:50:06","guid":{"rendered":"https:\/\/uniformelaboral.com\/index.php\/producto\/cies\/"},"modified":"2025-02-28T18:19:52","modified_gmt":"2025-02-28T17:19:52","slug":"cies","status":"publish","type":"product","link":"https:\/\/uniformelaboral.com\/index.php\/producto\/cies\/","title":{"rendered":"CIES"},"content":{"rendered":"<p>Samarreta de m\u00e0niga curta per dona. Coll rod\u00f3 en el mateix teixit i tapa costures interior a to. Vora a les m\u00e0nigues refor\u00e7at en quatre punts.<br \/>\nComposition: 100% cot\u00f3,165 g\/m\u00b2 .<br \/>\nRemarks: *Etiqueta extra\u00efble.<br \/>\n<img decoding=\"async\" src=\"https:\/\/static.gorfactory.es\/pics\/measures\/CA_MC_MU.jpg\" \/><\/p>\n","protected":false},"excerpt":{"rendered":"<p>Samarreta de m\u00e0niga curta per dona. Coll rod\u00f3 en el mateix teixit i tapa costures interior a to. Vora a les m\u00e0nigues refor\u00e7at en quatre punts. Composition: 100% cot\u00f3,165 g\/m\u00b2 . Remarks: *Etiqueta extra\u00efble.<\/p>\n","protected":false},"featured_media":37773,"template":"","meta":{"_joinchat":[]},"product_brand":[],"product_cat":[36,1079,1080,1076,147,37,1042,953,740,973,263,850,948,739,966,151,1022,39,847,38,654],"product_tag":[],"class_list":{"0":"post-37772","1":"product","2":"type-product","3":"status-publish","4":"has-post-thumbnail","6":"product_cat-alimentacio","7":"product_cat-t_shirts","8":"product_cat-cam","9":"product_cat-cam_po","10":"product_cat-hostaleria","11":"product_cat-industria","12":"product_cat-maniga-curta-samarretes-hostaleria","13":"product_cat-maniga-curta-12","14":"product_cat-maniga-curta-10","15":"product_cat-maniga-curta-14","16":"product_cat-maniga-curta-6","17":"product_cat-semarretes-serveis-mc","18":"product_cat-samarreta-sanitat","19":"product_cat-samarretes-alimentacio","20":"product_cat-semarretes-sport","21":"product_cat-samarretes-industria","22":"product_cat-samarretes-hostaleria","23":"product_cat-sanitat","24":"product_cat-semarretes-serveis","25":"product_cat-serveis","26":"product_cat-sports-indumentaria-base","27":"tm-has-options","29":"first","30":"instock","31":"taxable","32":"shipping-taxable","33":"purchasable","34":"product-type-variable"},"_links":{"self":[{"href":"https:\/\/uniformelaboral.com\/index.php\/wp-json\/wp\/v2\/product\/37772","targetHints":{"allow":["GET"]}}],"collection":[{"href":"https:\/\/uniformelaboral.com\/index.php\/wp-json\/wp\/v2\/product"}],"about":[{"href":"https:\/\/uniformelaboral.com\/index.php\/wp-json\/wp\/v2\/types\/product"}],"wp:featuredmedia":[{"embeddable":true,"href":"https:\/\/uniformelaboral.com\/index.php\/wp-json\/wp\/v2\/media\/37773"}],"wp:attachment":[{"href":"https:\/\/uniformelaboral.com\/index.php\/wp-json\/wp\/v2\/media?parent=37772"}],"wp:term":[{"taxonomy":"product_brand","embeddable":true,"href":"https:\/\/uniformelaboral.com\/index.php\/wp-json\/wp\/v2\/product_brand?post=37772"},{"taxonomy":"product_cat","embeddable":true,"href":"https:\/\/uniformelaboral.com\/index.php\/wp-json\/wp\/v2\/product_cat?post=37772"},{"taxonomy":"product_tag","embeddable":true,"href":"https:\/\/uniformelaboral.com\/index.php\/wp-json\/wp\/v2\/product_tag?post=37772"}],"curies":[{"name":"wp","href":"https:\/\/api.w.org\/{rel}","templated":true}]}}