{"id":37660,"date":"2025-02-26T16:47:37","date_gmt":"2025-02-26T15:47:37","guid":{"rendered":"https:\/\/uniformelaboral.com\/index.php\/producto\/shanghai\/"},"modified":"2025-02-28T18:39:08","modified_gmt":"2025-02-28T17:39:08","slug":"shanghai","status":"publish","type":"product","link":"https:\/\/uniformelaboral.com\/index.php\/producto\/shanghai\/","title":{"rendered":"SHANGHAI"},"content":{"rendered":"<p>Samarreta t\u00e8cnica combinada amb dos teixits de poli\u00e8ster, m\u00e0niga curta d\u2019estil raglan. Teixit principal ull de perdiu i panells laterals i interior de la m\u00e0niga amb teixit microperforat. Coll rod\u00f3 amb Tapacostures de refor\u00e7 a l\u2019interior. Samarreta de teixit c\u00f2mode i f\u00e0cilment adaptable al cos.<br \/>\nComposition: Teixit principal: 100% poli\u00e8ster, bird&#8217;s eye. Panells: 100% poli\u00e8ster microperforat. 140 g\/m\u00b2.<br \/>\nRemarks: *Etiqueta amovible.<br \/>\n*Teixit t\u00e8cnic.<br \/>\n*Sublimaci\u00f3 especial.<br \/>\n*Model transpirable.<\/p>\n<p><img decoding=\"async\" src=\"https:\/\/static.gorfactory.es\/pics\/measures\/CA_MC_HO.jpg\" \/><\/p>\n","protected":false},"excerpt":{"rendered":"<p>Samarreta t\u00e8cnica combinada amb dos teixits de poli\u00e8ster, m\u00e0niga curta d\u2019estil raglan. Teixit principal ull de perdiu i panells laterals i interior de la m\u00e0niga amb teixit microperforat. Coll rod\u00f3 amb Tapacostures de refor\u00e7 a l\u2019interior. Samarreta de teixit c\u00f2mode i f\u00e0cilment adaptable al cos. Composition: Teixit principal: 100% poli\u00e8ster, bird&#8217;s eye. Panells: 100% poli\u00e8ster [&hellip;]<\/p>\n","protected":false},"featured_media":37661,"template":"","meta":{"_joinchat":[]},"product_brand":[],"product_cat":[1065,973,966,654],"product_tag":[],"class_list":{"0":"post-37660","1":"product","2":"type-product","3":"status-publish","4":"has-post-thumbnail","6":"product_cat-cam_sp","7":"product_cat-maniga-curta-14","8":"product_cat-semarretes-sport","9":"product_cat-sports-indumentaria-base","10":"tm-has-options","12":"first","13":"instock","14":"taxable","15":"shipping-taxable","16":"purchasable","17":"product-type-variable"},"_links":{"self":[{"href":"https:\/\/uniformelaboral.com\/index.php\/wp-json\/wp\/v2\/product\/37660","targetHints":{"allow":["GET"]}}],"collection":[{"href":"https:\/\/uniformelaboral.com\/index.php\/wp-json\/wp\/v2\/product"}],"about":[{"href":"https:\/\/uniformelaboral.com\/index.php\/wp-json\/wp\/v2\/types\/product"}],"wp:featuredmedia":[{"embeddable":true,"href":"https:\/\/uniformelaboral.com\/index.php\/wp-json\/wp\/v2\/media\/37661"}],"wp:attachment":[{"href":"https:\/\/uniformelaboral.com\/index.php\/wp-json\/wp\/v2\/media?parent=37660"}],"wp:term":[{"taxonomy":"product_brand","embeddable":true,"href":"https:\/\/uniformelaboral.com\/index.php\/wp-json\/wp\/v2\/product_brand?post=37660"},{"taxonomy":"product_cat","embeddable":true,"href":"https:\/\/uniformelaboral.com\/index.php\/wp-json\/wp\/v2\/product_cat?post=37660"},{"taxonomy":"product_tag","embeddable":true,"href":"https:\/\/uniformelaboral.com\/index.php\/wp-json\/wp\/v2\/product_tag?post=37660"}],"curies":[{"name":"wp","href":"https:\/\/api.w.org\/{rel}","templated":true}]}}