{"id":37414,"date":"2025-02-26T16:42:14","date_gmt":"2025-02-26T15:42:14","guid":{"rendered":"https:\/\/uniformelaboral.com\/index.php\/producto\/bull\/"},"modified":"2025-02-28T18:59:34","modified_gmt":"2025-02-28T17:59:34","slug":"bull","status":"publish","type":"product","link":"https:\/\/uniformelaboral.com\/index.php\/producto\/bull\/","title":{"rendered":"BULL"},"content":{"rendered":"<p>Samarreta de m\u00e0niga curta estil oversize. Coll rod\u00f3 ribetejat de canal\u00e9 2&#215;1 amb cobriment de costures a to. Costures laterals. Doble costura ampla a m\u00e0niga i baix.<br \/>\nComposition: 100% Cot\u00f3, 210 g\/m\u00b2<br \/>\nRemarks: * Etiqueta removible<br \/>\n<img decoding=\"async\" src=\"https:\/\/static.gorfactory.es\/pics\/measures\/CA_MC_HO.jpg\" \/><\/p>\n","protected":false},"excerpt":{"rendered":"<p>Samarreta de m\u00e0niga curta estil oversize. Coll rod\u00f3 ribetejat de canal\u00e9 2&#215;1 amb cobriment de costures a to. Costures laterals. Doble costura ampla a m\u00e0niga i baix. Composition: 100% Cot\u00f3, 210 g\/m\u00b2 Remarks: * Etiqueta removible<\/p>\n","protected":false},"featured_media":37415,"template":"","meta":{"_joinchat":[]},"product_brand":[],"product_cat":[36,1079,1080,1076,147,37,1042,953,740,973,263,850,1071,948,1022,739,966,151,39,847,38,654],"product_tag":[],"class_list":{"0":"post-37414","1":"product","2":"type-product","3":"status-publish","4":"has-post-thumbnail","6":"product_cat-alimentacio","7":"product_cat-t_shirts","8":"product_cat-cam","9":"product_cat-cam_po","10":"product_cat-hostaleria","11":"product_cat-industria","12":"product_cat-maniga-curta-samarretes-hostaleria","13":"product_cat-maniga-curta-12","14":"product_cat-maniga-curta-10","15":"product_cat-maniga-curta-14","16":"product_cat-maniga-curta-6","17":"product_cat-semarretes-serveis-mc","18":"product_cat-novelty_roly","19":"product_cat-samarreta-sanitat","20":"product_cat-samarretes-hostaleria","21":"product_cat-samarretes-alimentacio","22":"product_cat-semarretes-sport","23":"product_cat-samarretes-industria","24":"product_cat-sanitat","25":"product_cat-semarretes-serveis","26":"product_cat-serveis","27":"product_cat-sports-indumentaria-base","28":"tm-has-options","30":"first","31":"instock","32":"taxable","33":"shipping-taxable","34":"purchasable","35":"product-type-variable"},"_links":{"self":[{"href":"https:\/\/uniformelaboral.com\/index.php\/wp-json\/wp\/v2\/product\/37414","targetHints":{"allow":["GET"]}}],"collection":[{"href":"https:\/\/uniformelaboral.com\/index.php\/wp-json\/wp\/v2\/product"}],"about":[{"href":"https:\/\/uniformelaboral.com\/index.php\/wp-json\/wp\/v2\/types\/product"}],"wp:featuredmedia":[{"embeddable":true,"href":"https:\/\/uniformelaboral.com\/index.php\/wp-json\/wp\/v2\/media\/37415"}],"wp:attachment":[{"href":"https:\/\/uniformelaboral.com\/index.php\/wp-json\/wp\/v2\/media?parent=37414"}],"wp:term":[{"taxonomy":"product_brand","embeddable":true,"href":"https:\/\/uniformelaboral.com\/index.php\/wp-json\/wp\/v2\/product_brand?post=37414"},{"taxonomy":"product_cat","embeddable":true,"href":"https:\/\/uniformelaboral.com\/index.php\/wp-json\/wp\/v2\/product_cat?post=37414"},{"taxonomy":"product_tag","embeddable":true,"href":"https:\/\/uniformelaboral.com\/index.php\/wp-json\/wp\/v2\/product_tag?post=37414"}],"curies":[{"name":"wp","href":"https:\/\/api.w.org\/{rel}","templated":true}]}}