{"id":365,"date":"2020-02-20T11:44:06","date_gmt":"2020-02-20T10:44:06","guid":{"rendered":"https:\/\/uniformelaboral.com\/?post_type=product&#038;p=365"},"modified":"2023-03-08T20:25:09","modified_gmt":"2023-03-08T19:25:09","slug":"pantalons-combi-alta-visibilitat-c4018","status":"publish","type":"product","link":"https:\/\/uniformelaboral.com\/index.php\/producto\/pantalons-combi-alta-visibilitat-c4018\/","title":{"rendered":"PANTALONS COMBI FLUOR A\/V WORK C4018 \/ 17.36\u20ac"},"content":{"rendered":"","protected":false},"excerpt":{"rendered":"<div id=\"descripcion\"><img loading=\"lazy\" decoding=\"async\" class=\" wp-image-19952 alignleft\" src=\"https:\/\/uniformelaboral.com\/wp-content\/uploads\/2020\/08\/logo_workteam_negro-300x243.png\" alt=\"\" width=\"121\" height=\"98\" srcset=\"https:\/\/uniformelaboral.com\/wp-content\/uploads\/2020\/08\/logo_workteam_negro-300x243.png 300w, https:\/\/uniformelaboral.com\/wp-content\/uploads\/2020\/08\/logo_workteam_negro-416x337.png 416w, https:\/\/uniformelaboral.com\/wp-content\/uploads\/2020\/08\/logo_workteam_negro.png 450w\" sizes=\"auto, (max-width: 121px) 100vw, 121px\" \/>Pantalons combinat amb alta visibilitat i cintes reflectants. Dues bosses d&#8217;obertura inclinada en els costats, dues bosses laterals de c\u00e0rrega amb cartera de velcro. Una bossa darrere interior amb tancament de presilla i bot\u00f3. Dues cintes reflectants en camals amb pe\u00e7a central d&#8217;alta visibilitat. El\u00e0stic a la cintura. Travetes. Tancament de bot\u00f3 i bragueta de cremallera.<br \/>\ncomposici\u00f3; Prin. El 65% Poli\u00e8ster 35% Cot\u00f3 \/ A.V. 50% Poli\u00e8ster 50% Cot\u00f3, Gramaje, Prin. 200 \/ A.V. 250<\/div>\n<div><img loading=\"lazy\" decoding=\"async\" class=\" wp-image-20035 aligncenter\" src=\"https:\/\/uniformelaboral.com\/wp-content\/uploads\/2020\/05\/ISO-C4110.jpg\" alt=\"\" width=\"112\" height=\"61\" \/><\/div>\n<h6><a href=\"https:\/\/workteam.com\/fichas\/tallas\/C4018.jpg\" target=\"_blank\" rel=\"noopener noreferrer\">TAULA DE TALLES<\/a><\/h6>\n<h6 style=\"text-align: right;\"><a href=\"https:\/\/workteam.com\/seccion_detalle.php?ref=C4018&amp;color=GR_AAV\" target=\"_blank\" rel=\"noopener noreferrer\">CONSULTAR EL CAT\u00c1LEG<\/a><\/h6>\n","protected":false},"featured_media":20125,"template":"","meta":{"_joinchat":[]},"product_brand":[],"product_cat":[35,104,103],"product_tag":[],"class_list":{"0":"post-365","1":"product","2":"type-product","3":"status-publish","4":"has-post-thumbnail","6":"product_cat-av-alta-visibilidad","7":"product_cat-multibutxaques","8":"product_cat-pantalons","9":"tm-has-options","11":"first","12":"instock","13":"taxable","14":"shipping-taxable","15":"purchasable","16":"product-type-simple"},"_links":{"self":[{"href":"https:\/\/uniformelaboral.com\/index.php\/wp-json\/wp\/v2\/product\/365","targetHints":{"allow":["GET"]}}],"collection":[{"href":"https:\/\/uniformelaboral.com\/index.php\/wp-json\/wp\/v2\/product"}],"about":[{"href":"https:\/\/uniformelaboral.com\/index.php\/wp-json\/wp\/v2\/types\/product"}],"wp:featuredmedia":[{"embeddable":true,"href":"https:\/\/uniformelaboral.com\/index.php\/wp-json\/wp\/v2\/media\/20125"}],"wp:attachment":[{"href":"https:\/\/uniformelaboral.com\/index.php\/wp-json\/wp\/v2\/media?parent=365"}],"wp:term":[{"taxonomy":"product_brand","embeddable":true,"href":"https:\/\/uniformelaboral.com\/index.php\/wp-json\/wp\/v2\/product_brand?post=365"},{"taxonomy":"product_cat","embeddable":true,"href":"https:\/\/uniformelaboral.com\/index.php\/wp-json\/wp\/v2\/product_cat?post=365"},{"taxonomy":"product_tag","embeddable":true,"href":"https:\/\/uniformelaboral.com\/index.php\/wp-json\/wp\/v2\/product_tag?post=365"}],"curies":[{"name":"wp","href":"https:\/\/api.w.org\/{rel}","templated":true}]}}