{"id":36165,"date":"2025-02-26T16:09:09","date_gmt":"2025-02-26T15:09:09","guid":{"rendered":"https:\/\/uniformelaboral.com\/index.php\/producto\/atomic-150\/"},"modified":"2025-03-06T18:28:10","modified_gmt":"2025-03-06T17:28:10","slug":"atomic-150","status":"publish","type":"product","link":"https:\/\/uniformelaboral.com\/index.php\/producto\/atomic-150\/","title":{"rendered":"ATOMIC 150"},"content":{"rendered":"<p>Samarreta de m\u00e0niga curta tubular. Coll rod\u00f3 de canal\u00e9 1&#215;1 amb tapacostures interiors.<br \/>\nSamarreta id\u00f2nia per aplicar t\u00e8cniques d&#8217;impressi\u00f3.<br \/>\nComposition: 100% cot\u00f3, punt llis,150 g\/m2.<br \/>\nColor gris vigor\u00e9 58: 85% cot\u00f3\/15% viscosa.<br \/>\nRemarks: * La qualitat i colors d&#8217;aquest model no segueixen els est\u00e0ndars propis de la marca.<br \/>\n<img decoding=\"async\" src=\"https:\/\/static.gorfactory.es\/pics\/measures\/CA_MC_HO.jpg\" \/><\/p>\n","protected":false},"excerpt":{"rendered":"<p>Samarreta de m\u00e0niga curta tubular. Coll rod\u00f3 de canal\u00e9 1&#215;1 amb tapacostures interiors. Samarreta id\u00f2nia per aplicar t\u00e8cniques d&#8217;impressi\u00f3. Composition: 100% cot\u00f3, punt llis,150 g\/m2. Color gris vigor\u00e9 58: 85% cot\u00f3\/15% viscosa. Remarks: * La qualitat i colors d&#8217;aquest model no segueixen els est\u00e0ndars propis de la marca.<\/p>\n","protected":false},"featured_media":36166,"template":"","meta":{"_joinchat":[]},"product_brand":[],"product_cat":[1079,1080,1076,37,263,973,850,966,151,847,38,654],"product_tag":[],"class_list":{"0":"post-36165","1":"product","2":"type-product","3":"status-publish","4":"has-post-thumbnail","6":"product_cat-t_shirts","7":"product_cat-cam","8":"product_cat-cam_po","9":"product_cat-industria","10":"product_cat-maniga-curta-6","11":"product_cat-maniga-curta-14","12":"product_cat-semarretes-serveis-mc","13":"product_cat-semarretes-sport","14":"product_cat-samarretes-industria","15":"product_cat-semarretes-serveis","16":"product_cat-serveis","17":"product_cat-sports-indumentaria-base","18":"tm-has-options","20":"first","21":"instock","22":"taxable","23":"shipping-taxable","24":"purchasable","25":"product-type-variable"},"_links":{"self":[{"href":"https:\/\/uniformelaboral.com\/index.php\/wp-json\/wp\/v2\/product\/36165","targetHints":{"allow":["GET"]}}],"collection":[{"href":"https:\/\/uniformelaboral.com\/index.php\/wp-json\/wp\/v2\/product"}],"about":[{"href":"https:\/\/uniformelaboral.com\/index.php\/wp-json\/wp\/v2\/types\/product"}],"wp:featuredmedia":[{"embeddable":true,"href":"https:\/\/uniformelaboral.com\/index.php\/wp-json\/wp\/v2\/media\/36166"}],"wp:attachment":[{"href":"https:\/\/uniformelaboral.com\/index.php\/wp-json\/wp\/v2\/media?parent=36165"}],"wp:term":[{"taxonomy":"product_brand","embeddable":true,"href":"https:\/\/uniformelaboral.com\/index.php\/wp-json\/wp\/v2\/product_brand?post=36165"},{"taxonomy":"product_cat","embeddable":true,"href":"https:\/\/uniformelaboral.com\/index.php\/wp-json\/wp\/v2\/product_cat?post=36165"},{"taxonomy":"product_tag","embeddable":true,"href":"https:\/\/uniformelaboral.com\/index.php\/wp-json\/wp\/v2\/product_tag?post=36165"}],"curies":[{"name":"wp","href":"https:\/\/api.w.org\/{rel}","templated":true}]}}