{"id":36037,"date":"2025-02-26T16:06:16","date_gmt":"2025-02-26T15:06:16","guid":{"rendered":"https:\/\/uniformelaboral.com\/index.php\/producto\/monaco\/"},"modified":"2025-03-06T18:31:16","modified_gmt":"2025-03-06T17:31:16","slug":"monaco","status":"publish","type":"product","link":"https:\/\/uniformelaboral.com\/index.php\/producto\/monaco\/","title":{"rendered":"MONACO"},"content":{"rendered":"<p>Samarreta t\u00e8cnica de m\u00e0niga rangl\u00e1n unisex. Combinaci\u00f3 de dos teixits, frontal interlock i esquena reixeta 3D, ofereix un rendiment vers\u00e0til i suau. Cobreix costures de refor\u00e7 a contrast en color groc fluor. Sota esquena lleugerament m\u00e9s llarg que el davanter<br \/>\nComposition: Teixit davanter: 100% poli\u00e8ster . Teixit posterior: 100% poli\u00e8ster reixeta 3D, 140 g\/m\u00b2.<br \/>\nRemarks: Model transpirable de f\u00e0cil assecat.<br \/>\n*Etiqueta extra\u00efble.<br \/>\n*Teixit t\u00e8cnic.<br \/>\n*Model transpirable.<br \/>\n<img decoding=\"async\" src=\"https:\/\/static.gorfactory.es\/pics\/measures\/CA_MC_HO.jpg\" \/><\/p>\n","protected":false},"excerpt":{"rendered":"<p>Samarreta t\u00e8cnica de m\u00e0niga rangl\u00e1n unisex. Combinaci\u00f3 de dos teixits, frontal interlock i esquena reixeta 3D, ofereix un rendiment vers\u00e0til i suau. Cobreix costures de refor\u00e7 a contrast en color groc fluor. Sota esquena lleugerament m\u00e9s llarg que el davanter Composition: Teixit davanter: 100% poli\u00e8ster . Teixit posterior: 100% poli\u00e8ster reixeta 3D, 140 g\/m\u00b2. Remarks: [&hellip;]<\/p>\n","protected":false},"featured_media":36038,"template":"","meta":{"_joinchat":[]},"product_brand":[],"product_cat":[1065,37,850,263,973,151,966,847,38,654],"product_tag":[],"class_list":{"0":"post-36037","1":"product","2":"type-product","3":"status-publish","4":"has-post-thumbnail","6":"product_cat-cam_sp","7":"product_cat-industria","8":"product_cat-semarretes-serveis-mc","9":"product_cat-maniga-curta-6","10":"product_cat-maniga-curta-14","11":"product_cat-samarretes-industria","12":"product_cat-semarretes-sport","13":"product_cat-semarretes-serveis","14":"product_cat-serveis","15":"product_cat-sports-indumentaria-base","16":"tm-has-options","18":"first","19":"instock","20":"taxable","21":"shipping-taxable","22":"purchasable","23":"product-type-variable"},"_links":{"self":[{"href":"https:\/\/uniformelaboral.com\/index.php\/wp-json\/wp\/v2\/product\/36037","targetHints":{"allow":["GET"]}}],"collection":[{"href":"https:\/\/uniformelaboral.com\/index.php\/wp-json\/wp\/v2\/product"}],"about":[{"href":"https:\/\/uniformelaboral.com\/index.php\/wp-json\/wp\/v2\/types\/product"}],"wp:featuredmedia":[{"embeddable":true,"href":"https:\/\/uniformelaboral.com\/index.php\/wp-json\/wp\/v2\/media\/36038"}],"wp:attachment":[{"href":"https:\/\/uniformelaboral.com\/index.php\/wp-json\/wp\/v2\/media?parent=36037"}],"wp:term":[{"taxonomy":"product_brand","embeddable":true,"href":"https:\/\/uniformelaboral.com\/index.php\/wp-json\/wp\/v2\/product_brand?post=36037"},{"taxonomy":"product_cat","embeddable":true,"href":"https:\/\/uniformelaboral.com\/index.php\/wp-json\/wp\/v2\/product_cat?post=36037"},{"taxonomy":"product_tag","embeddable":true,"href":"https:\/\/uniformelaboral.com\/index.php\/wp-json\/wp\/v2\/product_tag?post=36037"}],"curies":[{"name":"wp","href":"https:\/\/api.w.org\/{rel}","templated":true}]}}