{"id":34867,"date":"2025-02-26T15:37:18","date_gmt":"2025-02-26T14:37:18","guid":{"rendered":"https:\/\/uniformelaboral.com\/index.php\/producto\/sochi\/"},"modified":"2025-03-06T19:19:27","modified_gmt":"2025-03-06T18:19:27","slug":"sochi","status":"publish","type":"product","link":"https:\/\/uniformelaboral.com\/index.php\/producto\/sochi\/","title":{"rendered":"SOCHI"},"content":{"rendered":"<p>Samarreta t\u00e8cnica de m\u00e0niga raglan amb panells estampats. Poli\u00e8ster Reciclat CONTROL DRY. Remallat en fluor (excepte color blanc). Detalls reflectors i fald\u00f3 posterior. Etiqueta identificativa logo ECO a la m\u00e0niga.<br \/>\nComposition: 50% Poli\u00e8ster reciclat \/ 50% Poliester, Waffle Interlock. 130g \/ m\u00b2<br \/>\nRemarks: * Etiqueta extr\u00efble ECO<br \/>\n* Borsa Individual de material reciclat.<br \/>\n* Teixit t\u00e8cnic.<br \/>\n* Control dry.<br \/>\n* Duo concept.<br \/>\n* Factor de protecci\u00f3 ultraviolada segons color.<br \/>\n<img decoding=\"async\" src=\"https:\/\/static.gorfactory.es\/pics\/measures\/CA_MC_HO.jpg\" \/><\/p>\n","protected":false},"excerpt":{"rendered":"<p>Samarreta t\u00e8cnica de m\u00e0niga raglan amb panells estampats. Poli\u00e8ster Reciclat CONTROL DRY. Remallat en fluor (excepte color blanc). Detalls reflectors i fald\u00f3 posterior. Etiqueta identificativa logo ECO a la m\u00e0niga. Composition: 50% Poli\u00e8ster reciclat \/ 50% Poliester, Waffle Interlock. 130g \/ m\u00b2 Remarks: * Etiqueta extr\u00efble ECO * Borsa Individual de material reciclat. * Teixit [&hellip;]<\/p>\n","protected":false},"featured_media":34868,"template":"","meta":{"_joinchat":[]},"product_brand":[],"product_cat":[1065,1067,973,966,654],"product_tag":[],"class_list":{"0":"post-34867","1":"product","2":"type-product","3":"status-publish","4":"has-post-thumbnail","6":"product_cat-cam_sp","7":"product_cat-rolyeco","8":"product_cat-maniga-curta-14","9":"product_cat-semarretes-sport","10":"product_cat-sports-indumentaria-base","11":"tm-has-options","13":"first","14":"instock","15":"taxable","16":"shipping-taxable","17":"purchasable","18":"product-type-variable"},"_links":{"self":[{"href":"https:\/\/uniformelaboral.com\/index.php\/wp-json\/wp\/v2\/product\/34867","targetHints":{"allow":["GET"]}}],"collection":[{"href":"https:\/\/uniformelaboral.com\/index.php\/wp-json\/wp\/v2\/product"}],"about":[{"href":"https:\/\/uniformelaboral.com\/index.php\/wp-json\/wp\/v2\/types\/product"}],"wp:featuredmedia":[{"embeddable":true,"href":"https:\/\/uniformelaboral.com\/index.php\/wp-json\/wp\/v2\/media\/34868"}],"wp:attachment":[{"href":"https:\/\/uniformelaboral.com\/index.php\/wp-json\/wp\/v2\/media?parent=34867"}],"wp:term":[{"taxonomy":"product_brand","embeddable":true,"href":"https:\/\/uniformelaboral.com\/index.php\/wp-json\/wp\/v2\/product_brand?post=34867"},{"taxonomy":"product_cat","embeddable":true,"href":"https:\/\/uniformelaboral.com\/index.php\/wp-json\/wp\/v2\/product_cat?post=34867"},{"taxonomy":"product_tag","embeddable":true,"href":"https:\/\/uniformelaboral.com\/index.php\/wp-json\/wp\/v2\/product_tag?post=34867"}],"curies":[{"name":"wp","href":"https:\/\/api.w.org\/{rel}","templated":true}]}}