{"id":34576,"date":"2025-02-26T15:29:49","date_gmt":"2025-02-26T14:29:49","guid":{"rendered":"https:\/\/uniformelaboral.com\/index.php\/producto\/montecarlo-woman\/"},"modified":"2025-03-07T10:24:53","modified_gmt":"2025-03-07T09:24:53","slug":"montecarlo-woman","status":"publish","type":"product","link":"https:\/\/uniformelaboral.com\/index.php\/producto\/montecarlo-woman\/","title":{"rendered":"MONTECARLO WOMAN"},"content":{"rendered":"<p>Samarreta t\u00e8cnica de m\u00e0niga curta.<br \/>\n1. Escot rod\u00f3 amb tapacostures.<br \/>\n2. Estil entallat.<br \/>\nComposition: 100% poli\u00e8ster piqu\u00e9, 150 g\/m\u00b2.<br \/>\nRemarks: *Teixit transpirable f\u00e0cil de rentar i assecat.<br \/>\n*Etiqueta extra\u00efble.<br \/>\n*Teixit t\u00e8cnic.<br \/>\n*Factor de protecci\u00f3 ultravioleta segons el color.<br \/>\n*Duo concept.<br \/>\n<img decoding=\"async\" src=\"https:\/\/static.gorfactory.es\/pics\/measures\/CA_MC_MU.jpg\" \/><\/p>\n","protected":false},"excerpt":{"rendered":"<p>Samarreta t\u00e8cnica de m\u00e0niga curta. 1. Escot rod\u00f3 amb tapacostures. 2. Estil entallat. Composition: 100% poli\u00e8ster piqu\u00e9, 150 g\/m\u00b2. Remarks: *Teixit transpirable f\u00e0cil de rentar i assecat. *Etiqueta extra\u00efble. *Teixit t\u00e8cnic. *Factor de protecci\u00f3 ultravioleta segons el color. *Duo concept.<\/p>\n","protected":false},"featured_media":34577,"template":"","meta":{"_joinchat":[]},"product_brand":[],"product_cat":[1065,37,850,263,973,151,966,847,38,654],"product_tag":[],"class_list":{"0":"post-34576","1":"product","2":"type-product","3":"status-publish","4":"has-post-thumbnail","6":"product_cat-cam_sp","7":"product_cat-industria","8":"product_cat-semarretes-serveis-mc","9":"product_cat-maniga-curta-6","10":"product_cat-maniga-curta-14","11":"product_cat-samarretes-industria","12":"product_cat-semarretes-sport","13":"product_cat-semarretes-serveis","14":"product_cat-serveis","15":"product_cat-sports-indumentaria-base","16":"tm-has-options","18":"first","19":"instock","20":"taxable","21":"shipping-taxable","22":"purchasable","23":"product-type-variable"},"_links":{"self":[{"href":"https:\/\/uniformelaboral.com\/index.php\/wp-json\/wp\/v2\/product\/34576","targetHints":{"allow":["GET"]}}],"collection":[{"href":"https:\/\/uniformelaboral.com\/index.php\/wp-json\/wp\/v2\/product"}],"about":[{"href":"https:\/\/uniformelaboral.com\/index.php\/wp-json\/wp\/v2\/types\/product"}],"wp:featuredmedia":[{"embeddable":true,"href":"https:\/\/uniformelaboral.com\/index.php\/wp-json\/wp\/v2\/media\/34577"}],"wp:attachment":[{"href":"https:\/\/uniformelaboral.com\/index.php\/wp-json\/wp\/v2\/media?parent=34576"}],"wp:term":[{"taxonomy":"product_brand","embeddable":true,"href":"https:\/\/uniformelaboral.com\/index.php\/wp-json\/wp\/v2\/product_brand?post=34576"},{"taxonomy":"product_cat","embeddable":true,"href":"https:\/\/uniformelaboral.com\/index.php\/wp-json\/wp\/v2\/product_cat?post=34576"},{"taxonomy":"product_tag","embeddable":true,"href":"https:\/\/uniformelaboral.com\/index.php\/wp-json\/wp\/v2\/product_tag?post=34576"}],"curies":[{"name":"wp","href":"https:\/\/api.w.org\/{rel}","templated":true}]}}