{"id":34452,"date":"2025-02-26T15:27:03","date_gmt":"2025-02-26T14:27:03","guid":{"rendered":"https:\/\/uniformelaboral.com\/index.php\/producto\/daytona\/"},"modified":"2025-03-07T10:26:28","modified_gmt":"2025-03-07T09:26:28","slug":"daytona","status":"publish","type":"product","link":"https:\/\/uniformelaboral.com\/index.php\/producto\/daytona\/","title":{"rendered":"DAYTONA"},"content":{"rendered":"<p>Samarreta t\u00e8cnica de m\u00e0niga curta traspirable. Coll rod\u00f3 amb cobreix costures a to.<br \/>Composition: 100% poli\u00e8ster interlock, 135 g \/ m\u00b2.<br \/>Remarks: * Etiqueta extra\u00efble.<br \/>\n* Teixit t\u00e8cnic.<br \/>\n* Control dry.<br \/>\n* Model transpirable.<br \/><img decoding=\"async\" src=\"https:\/\/static.gorfactory.es\/pics\/measures\/CA_MC_HO.jpg\"><\/p>\n","protected":false},"excerpt":{"rendered":"<p>Samarreta t\u00e8cnica de m\u00e0niga curta traspirable. Coll rod\u00f3 amb cobreix costures a to.Composition: 100% poli\u00e8ster interlock, 135 g \/ m\u00b2.Remarks: * Etiqueta extra\u00efble. * Teixit t\u00e8cnic. * Control dry. * Model transpirable.<\/p>\n","protected":false},"featured_media":34453,"template":"","meta":{"_joinchat":[]},"product_brand":[],"product_cat":[1065,973,966,654],"product_tag":[],"class_list":{"0":"post-34452","1":"product","2":"type-product","3":"status-publish","4":"has-post-thumbnail","6":"product_cat-cam_sp","7":"product_cat-maniga-curta-14","8":"product_cat-semarretes-sport","9":"product_cat-sports-indumentaria-base","10":"tm-has-options","12":"first","13":"instock","14":"taxable","15":"shipping-taxable","16":"purchasable","17":"product-type-variable"},"_links":{"self":[{"href":"https:\/\/uniformelaboral.com\/index.php\/wp-json\/wp\/v2\/product\/34452","targetHints":{"allow":["GET"]}}],"collection":[{"href":"https:\/\/uniformelaboral.com\/index.php\/wp-json\/wp\/v2\/product"}],"about":[{"href":"https:\/\/uniformelaboral.com\/index.php\/wp-json\/wp\/v2\/types\/product"}],"wp:featuredmedia":[{"embeddable":true,"href":"https:\/\/uniformelaboral.com\/index.php\/wp-json\/wp\/v2\/media\/34453"}],"wp:attachment":[{"href":"https:\/\/uniformelaboral.com\/index.php\/wp-json\/wp\/v2\/media?parent=34452"}],"wp:term":[{"taxonomy":"product_brand","embeddable":true,"href":"https:\/\/uniformelaboral.com\/index.php\/wp-json\/wp\/v2\/product_brand?post=34452"},{"taxonomy":"product_cat","embeddable":true,"href":"https:\/\/uniformelaboral.com\/index.php\/wp-json\/wp\/v2\/product_cat?post=34452"},{"taxonomy":"product_tag","embeddable":true,"href":"https:\/\/uniformelaboral.com\/index.php\/wp-json\/wp\/v2\/product_tag?post=34452"}],"curies":[{"name":"wp","href":"https:\/\/api.w.org\/{rel}","templated":true}]}}