{"id":34016,"date":"2025-02-26T15:17:10","date_gmt":"2025-02-26T14:17:10","guid":{"rendered":"https:\/\/uniformelaboral.com\/index.php\/producto\/kensal\/"},"modified":"2025-03-07T12:01:04","modified_gmt":"2025-03-07T11:01:04","slug":"kensal","status":"publish","type":"product","link":"https:\/\/uniformelaboral.com\/index.php\/producto\/kensal\/","title":{"rendered":"KENSAL"},"content":{"rendered":"<p>Bossa 100% cot\u00f3 org\u00e0nic de 280 g\/m2 amb plec i pr\u00e0ctiques nanses llargues de 70cm.<br \/>Composition: 100% cot\u00f3 org\u00e0nic<\/p>\n","protected":false},"excerpt":{"rendered":"<p>Bossa 100% cot\u00f3 org\u00e0nic de 280 g\/m2 amb plec i pr\u00e0ctiques nanses llargues de 70cm.Composition: 100% cot\u00f3 org\u00e0nic<\/p>\n","protected":false},"featured_media":34017,"template":"","meta":{"_joinchat":[]},"product_brand":[],"product_cat":[1075,1038,941],"product_tag":[],"class_list":{"0":"post-34016","1":"product","2":"type-product","3":"status-publish","4":"has-post-thumbnail","6":"product_cat-acc","7":"product_cat-complements","8":"product_cat-motxila-3","9":"tm-no-options-pxq","11":"first","12":"instock","13":"taxable","14":"shipping-taxable","15":"purchasable","16":"product-type-variable"},"_links":{"self":[{"href":"https:\/\/uniformelaboral.com\/index.php\/wp-json\/wp\/v2\/product\/34016","targetHints":{"allow":["GET"]}}],"collection":[{"href":"https:\/\/uniformelaboral.com\/index.php\/wp-json\/wp\/v2\/product"}],"about":[{"href":"https:\/\/uniformelaboral.com\/index.php\/wp-json\/wp\/v2\/types\/product"}],"wp:featuredmedia":[{"embeddable":true,"href":"https:\/\/uniformelaboral.com\/index.php\/wp-json\/wp\/v2\/media\/34017"}],"wp:attachment":[{"href":"https:\/\/uniformelaboral.com\/index.php\/wp-json\/wp\/v2\/media?parent=34016"}],"wp:term":[{"taxonomy":"product_brand","embeddable":true,"href":"https:\/\/uniformelaboral.com\/index.php\/wp-json\/wp\/v2\/product_brand?post=34016"},{"taxonomy":"product_cat","embeddable":true,"href":"https:\/\/uniformelaboral.com\/index.php\/wp-json\/wp\/v2\/product_cat?post=34016"},{"taxonomy":"product_tag","embeddable":true,"href":"https:\/\/uniformelaboral.com\/index.php\/wp-json\/wp\/v2\/product_tag?post=34016"}],"curies":[{"name":"wp","href":"https:\/\/api.w.org\/{rel}","templated":true}]}}