{"id":33797,"date":"2025-02-26T15:12:27","date_gmt":"2025-02-26T14:12:27","guid":{"rendered":"https:\/\/uniformelaboral.com\/index.php\/producto\/ringo\/"},"modified":"2025-03-07T12:09:44","modified_gmt":"2025-03-07T11:09:44","slug":"ringo","status":"publish","type":"product","link":"https:\/\/uniformelaboral.com\/index.php\/producto\/ringo\/","title":{"rendered":"RINGO"},"content":{"rendered":"<p>Bermudes amb baixos amb volta i repunts de seguretat. Butxaques laterals i posteriors de tipus viu. Teixit resistent, confecci\u00f3 comfortable, molt c\u00f2mode per al temps lliure i laboral.<br \/>Composition: 97% cot\u00f3 \/ 3% elast\u00e0, 290 g\/m\u00b2.<br \/><img decoding=\"async\" src=\"https:\/\/static.gorfactory.es\/pics\/measures\/BE9005.jpg\"><\/p>\n","protected":false},"excerpt":{"rendered":"<p>Bermudes amb baixos amb volta i repunts de seguretat. Butxaques laterals i posteriors de tipus viu. Teixit resistent, confecci\u00f3 comfortable, molt c\u00f2mode per al temps lliure i laboral.Composition: 97% cot\u00f3 \/ 3% elast\u00e0, 290 g\/m\u00b2.<\/p>\n","protected":false},"featured_media":33798,"template":"","meta":{"_joinchat":[]},"product_brand":[],"product_cat":[1105,1092,1112,38,928,1097],"product_tag":[],"class_list":{"0":"post-33797","1":"product","2":"type-product","3":"status-publish","4":"has-post-thumbnail","6":"product_cat-industry_services","7":"product_cat-pant_c","8":"product_cat-serviciospantalones","9":"product_cat-serveis","10":"product_cat-strech-4","11":"product_cat-workwear","12":"tm-no-options-pxq","14":"first","15":"instock","16":"taxable","17":"shipping-taxable","18":"purchasable","19":"product-type-variable"},"_links":{"self":[{"href":"https:\/\/uniformelaboral.com\/index.php\/wp-json\/wp\/v2\/product\/33797","targetHints":{"allow":["GET"]}}],"collection":[{"href":"https:\/\/uniformelaboral.com\/index.php\/wp-json\/wp\/v2\/product"}],"about":[{"href":"https:\/\/uniformelaboral.com\/index.php\/wp-json\/wp\/v2\/types\/product"}],"wp:featuredmedia":[{"embeddable":true,"href":"https:\/\/uniformelaboral.com\/index.php\/wp-json\/wp\/v2\/media\/33798"}],"wp:attachment":[{"href":"https:\/\/uniformelaboral.com\/index.php\/wp-json\/wp\/v2\/media?parent=33797"}],"wp:term":[{"taxonomy":"product_brand","embeddable":true,"href":"https:\/\/uniformelaboral.com\/index.php\/wp-json\/wp\/v2\/product_brand?post=33797"},{"taxonomy":"product_cat","embeddable":true,"href":"https:\/\/uniformelaboral.com\/index.php\/wp-json\/wp\/v2\/product_cat?post=33797"},{"taxonomy":"product_tag","embeddable":true,"href":"https:\/\/uniformelaboral.com\/index.php\/wp-json\/wp\/v2\/product_tag?post=33797"}],"curies":[{"name":"wp","href":"https:\/\/api.w.org\/{rel}","templated":true}]}}