{"id":33524,"date":"2025-02-26T15:06:00","date_gmt":"2025-02-26T14:06:00","guid":{"rendered":"https:\/\/uniformelaboral.com\/index.php\/producto\/betis\/"},"modified":"2025-03-07T12:21:03","modified_gmt":"2025-03-07T11:21:03","slug":"betis","status":"publish","type":"product","link":"https:\/\/uniformelaboral.com\/index.php\/producto\/betis\/","title":{"rendered":"BETIS"},"content":{"rendered":"<p>Pantal\u00f3 curt amb cintura el\u00e0stica i cord\u00f3 amb traus met\u00e0l.lics. Dues butxaques laterals amb cremalleres invertides a to i tirador. Banda lateral a to. Guarniment de bragueta cosida. Una butxaca posterior amb tancament a pressi\u00f3.<br \/>Composition: 63% cot\u00f3 \/ 37% poli\u00e8ster, interlock, 270 g\/m\u00b2.<br \/>Remarks: *Etiqueta extra\u00efble.<\/p>\n","protected":false},"excerpt":{"rendered":"<p>Pantal\u00f3 curt amb cintura el\u00e0stica i cord\u00f3 amb traus met\u00e0l.lics. Dues butxaques laterals amb cremalleres invertides a to i tirador. Banda lateral a to. Guarniment de bragueta cosida. Una butxaca posterior amb tancament a pressi\u00f3.Composition: 63% cot\u00f3 \/ 37% poli\u00e8ster, interlock, 270 g\/m\u00b2.Remarks: *Etiqueta extra\u00efble.<\/p>\n","protected":false},"featured_media":33525,"template":"","meta":{"_joinchat":[]},"product_brand":[],"product_cat":[979,1068,968,654],"product_tag":[],"class_list":{"0":"post-33524","1":"product","2":"type-product","3":"status-publish","4":"has-post-thumbnail","6":"product_cat-curts","7":"product_cat-pd","8":"product_cat-pantalons-sport","9":"product_cat-sports-indumentaria-base","10":"tm-has-options","12":"first","13":"instock","14":"taxable","15":"shipping-taxable","16":"purchasable","17":"product-type-variable"},"_links":{"self":[{"href":"https:\/\/uniformelaboral.com\/index.php\/wp-json\/wp\/v2\/product\/33524","targetHints":{"allow":["GET"]}}],"collection":[{"href":"https:\/\/uniformelaboral.com\/index.php\/wp-json\/wp\/v2\/product"}],"about":[{"href":"https:\/\/uniformelaboral.com\/index.php\/wp-json\/wp\/v2\/types\/product"}],"wp:featuredmedia":[{"embeddable":true,"href":"https:\/\/uniformelaboral.com\/index.php\/wp-json\/wp\/v2\/media\/33525"}],"wp:attachment":[{"href":"https:\/\/uniformelaboral.com\/index.php\/wp-json\/wp\/v2\/media?parent=33524"}],"wp:term":[{"taxonomy":"product_brand","embeddable":true,"href":"https:\/\/uniformelaboral.com\/index.php\/wp-json\/wp\/v2\/product_brand?post=33524"},{"taxonomy":"product_cat","embeddable":true,"href":"https:\/\/uniformelaboral.com\/index.php\/wp-json\/wp\/v2\/product_cat?post=33524"},{"taxonomy":"product_tag","embeddable":true,"href":"https:\/\/uniformelaboral.com\/index.php\/wp-json\/wp\/v2\/product_tag?post=33524"}],"curies":[{"name":"wp","href":"https:\/\/api.w.org\/{rel}","templated":true}]}}