{"id":33473,"date":"2025-02-26T15:04:51","date_gmt":"2025-02-26T14:04:51","guid":{"rendered":"https:\/\/uniformelaboral.com\/index.php\/producto\/lazio\/"},"modified":"2025-03-07T12:21:48","modified_gmt":"2025-03-07T11:21:48","slug":"lazio","status":"publish","type":"product","link":"https:\/\/uniformelaboral.com\/index.php\/producto\/lazio\/","title":{"rendered":"LAZIO"},"content":{"rendered":"<p>Bermuda curta multiesport. Butxaques laterals amb cremalleres. Cintura el\u00e0stica amb cord\u00f3 interior creuat a contrast. Banda lateral a contrast.<br \/>Composition: 100% poli\u00e8ster, 200 g\/m\u00b2. <br \/>Remarks: *Etiqueta extra\u00efble.<br \/>\n*Teixit t\u00e8cnic.<br \/>\n*Disponible en talles infantils.<\/p>\n","protected":false},"excerpt":{"rendered":"<p>Bermuda curta multiesport. Butxaques laterals amb cremalleres. Cintura el\u00e0stica amb cord\u00f3 interior creuat a contrast. Banda lateral a contrast.Composition: 100% poli\u00e8ster, 200 g\/m\u00b2. Remarks: *Etiqueta extra\u00efble. *Teixit t\u00e8cnic. *Disponible en talles infantils.<\/p>\n","protected":false},"featured_media":33474,"template":"","meta":{"_joinchat":[]},"product_brand":[],"product_cat":[979,1068,968,654],"product_tag":[],"class_list":{"0":"post-33473","1":"product","2":"type-product","3":"status-publish","4":"has-post-thumbnail","6":"product_cat-curts","7":"product_cat-pd","8":"product_cat-pantalons-sport","9":"product_cat-sports-indumentaria-base","10":"tm-has-options","12":"first","13":"instock","14":"taxable","15":"shipping-taxable","16":"purchasable","17":"product-type-variable"},"_links":{"self":[{"href":"https:\/\/uniformelaboral.com\/index.php\/wp-json\/wp\/v2\/product\/33473","targetHints":{"allow":["GET"]}}],"collection":[{"href":"https:\/\/uniformelaboral.com\/index.php\/wp-json\/wp\/v2\/product"}],"about":[{"href":"https:\/\/uniformelaboral.com\/index.php\/wp-json\/wp\/v2\/types\/product"}],"wp:featuredmedia":[{"embeddable":true,"href":"https:\/\/uniformelaboral.com\/index.php\/wp-json\/wp\/v2\/media\/33474"}],"wp:attachment":[{"href":"https:\/\/uniformelaboral.com\/index.php\/wp-json\/wp\/v2\/media?parent=33473"}],"wp:term":[{"taxonomy":"product_brand","embeddable":true,"href":"https:\/\/uniformelaboral.com\/index.php\/wp-json\/wp\/v2\/product_brand?post=33473"},{"taxonomy":"product_cat","embeddable":true,"href":"https:\/\/uniformelaboral.com\/index.php\/wp-json\/wp\/v2\/product_cat?post=33473"},{"taxonomy":"product_tag","embeddable":true,"href":"https:\/\/uniformelaboral.com\/index.php\/wp-json\/wp\/v2\/product_tag?post=33473"}],"curies":[{"name":"wp","href":"https:\/\/api.w.org\/{rel}","templated":true}]}}