{"id":32942,"date":"2025-02-26T14:53:25","date_gmt":"2025-02-26T13:53:25","guid":{"rendered":"https:\/\/uniformelaboral.com\/index.php\/producto\/spica\/"},"modified":"2025-03-07T18:50:10","modified_gmt":"2025-03-07T17:50:10","slug":"spica","status":"publish","type":"product","link":"https:\/\/uniformelaboral.com\/index.php\/producto\/spica\/","title":{"rendered":"SPICA"},"content":{"rendered":"<p>Dessuadora d&#8217;alta visibilitat amb mitja cremallera i coll alt amb protector de barbeta i tirador. Tapa costures refor\u00e7at a l&#8217;interior de coll. Bandes reflectants horitzontals en tors i m\u00e0nigues. Punt canal\u00e9 1&#215;1 en punys i baix.<br \/>Composition: 100% poli\u00e8ster, pelfa perxada, 280 g \/ m\u00b2.<br \/>Remarks: *Etiqueta extra\u00efble.<br \/>\n*Certificaci\u00f3 CE segons les normes: EN ISO 13688:2013\/A1:2021 I EN ISO 20471:2013\/A1:2017.<br \/>\n*Classe II<\/p>\n","protected":false},"excerpt":{"rendered":"<p>Dessuadora d&#8217;alta visibilitat amb mitja cremallera i coll alt amb protector de barbeta i tirador. Tapa costures refor\u00e7at a l&#8217;interior de coll. Bandes reflectants horitzontals en tors i m\u00e0nigues. Punt canal\u00e9 1&#215;1 en punys i baix.Composition: 100% poli\u00e8ster, pelfa perxada, 280 g \/ m\u00b2.Remarks: *Etiqueta extra\u00efble. *Certificaci\u00f3 CE segons les normes: EN ISO 13688:2013\/A1:2021 I [&hellip;]<\/p>\n","protected":false},"featured_media":32943,"template":"","meta":{"_joinchat":[]},"product_brand":[],"product_cat":[35,1103,173,1136,1097],"product_tag":[],"class_list":{"0":"post-32942","1":"product","2":"type-product","3":"status-publish","4":"has-post-thumbnail","6":"product_cat-av-alta-visibilidad","7":"product_cat-highviz","8":"product_cat-polars","9":"product_cat-highvisjackets","10":"product_cat-workwear","11":"tm-has-options","13":"first","14":"instock","15":"taxable","16":"shipping-taxable","17":"purchasable","18":"product-type-variable"},"_links":{"self":[{"href":"https:\/\/uniformelaboral.com\/index.php\/wp-json\/wp\/v2\/product\/32942","targetHints":{"allow":["GET"]}}],"collection":[{"href":"https:\/\/uniformelaboral.com\/index.php\/wp-json\/wp\/v2\/product"}],"about":[{"href":"https:\/\/uniformelaboral.com\/index.php\/wp-json\/wp\/v2\/types\/product"}],"wp:featuredmedia":[{"embeddable":true,"href":"https:\/\/uniformelaboral.com\/index.php\/wp-json\/wp\/v2\/media\/32943"}],"wp:attachment":[{"href":"https:\/\/uniformelaboral.com\/index.php\/wp-json\/wp\/v2\/media?parent=32942"}],"wp:term":[{"taxonomy":"product_brand","embeddable":true,"href":"https:\/\/uniformelaboral.com\/index.php\/wp-json\/wp\/v2\/product_brand?post=32942"},{"taxonomy":"product_cat","embeddable":true,"href":"https:\/\/uniformelaboral.com\/index.php\/wp-json\/wp\/v2\/product_cat?post=32942"},{"taxonomy":"product_tag","embeddable":true,"href":"https:\/\/uniformelaboral.com\/index.php\/wp-json\/wp\/v2\/product_tag?post=32942"}],"curies":[{"name":"wp","href":"https:\/\/api.w.org\/{rel}","templated":true}]}}