{"id":32540,"date":"2025-02-26T14:44:49","date_gmt":"2025-02-26T13:44:49","guid":{"rendered":"https:\/\/uniformelaboral.com\/index.php\/producto\/epsylon\/"},"modified":"2025-03-07T19:11:21","modified_gmt":"2025-03-07T18:11:21","slug":"epsylon","status":"publish","type":"product","link":"https:\/\/uniformelaboral.com\/index.php\/producto\/epsylon\/","title":{"rendered":"EPSYLON"},"content":{"rendered":"<p>Parca d\u2019alta visibilitat combinada a dos colors.<br \/>\n1.- Amb cintes reflectants al cos i m\u00e0nigues.<br \/>\n2.- Caputxa enrotllable amb rivet fluor i ajustables per polsador.<br \/>\n3.- Butxaca en la zona del pit amb cremallera.<br \/>\n4.- Dues butxaques frontals lleugerament inclinades d&#8217;acc\u00e9s f\u00e0cil.<br \/>\n5.- Part inferior amb zona el\u00e0stica.<br \/>\n6.- Punys ajustables per la zona el\u00e0stica i pels tancaments amb velcro.<br \/>\n7.- Tapeta central amb tancament de velcro i cremallera central fluor amb tirador.<br \/>\n8.- Butxaca interior a la zona del pit i cremallera interior per facilitar els reprocessos.<br \/>\n9.- M\u00e0nigues desmuntables.<br \/>Composition: Exterior: 100% poli\u00e8ster impermeable.<br \/>\nFolre: 100% poli\u00e8ster.<br \/>\nBuata: 100% poli\u00e8ster.<br \/>\n400 g\/m\u00b2. <br \/>Remarks: *Certificaci\u00f3 CE segons les normes: Certificaci\u00f3n CE seg\u00fan las normas:<br \/>\nEN ISO 13688:2013\/A1:2021<br \/>\nEN ISO 20471:2013\/A1:2016.<br \/>\nEN 343:2019.<br \/>\n*Classe II.<br \/>\n*Alta visibilitat.<br \/>\n*Model resistent a l\u2019aigua.<br \/>\n*Model a prova de vent.<\/p>\n","protected":false},"excerpt":{"rendered":"<p>Parca d\u2019alta visibilitat combinada a dos colors. 1.- Amb cintes reflectants al cos i m\u00e0nigues. 2.- Caputxa enrotllable amb rivet fluor i ajustables per polsador. 3.- Butxaca en la zona del pit amb cremallera. 4.- Dues butxaques frontals lleugerament inclinades d&#8217;acc\u00e9s f\u00e0cil. 5.- Part inferior amb zona el\u00e0stica. 6.- Punys ajustables per la zona el\u00e0stica [&hellip;]<\/p>\n","protected":false},"featured_media":32541,"template":"","meta":{"_joinchat":[]},"product_brand":[],"product_cat":[35,1103,1133,165,115,1097],"product_tag":[],"class_list":{"0":"post-32540","1":"product","2":"type-product","3":"status-publish","4":"has-post-thumbnail","6":"product_cat-av-alta-visibilidad","7":"product_cat-highviz","8":"product_cat-highviscoats","9":"product_cat-parques","10":"product_cat-parques-w-shell","11":"product_cat-workwear","12":"tm-has-options","14":"first","15":"instock","16":"taxable","17":"shipping-taxable","18":"purchasable","19":"product-type-variable"},"_links":{"self":[{"href":"https:\/\/uniformelaboral.com\/index.php\/wp-json\/wp\/v2\/product\/32540","targetHints":{"allow":["GET"]}}],"collection":[{"href":"https:\/\/uniformelaboral.com\/index.php\/wp-json\/wp\/v2\/product"}],"about":[{"href":"https:\/\/uniformelaboral.com\/index.php\/wp-json\/wp\/v2\/types\/product"}],"wp:featuredmedia":[{"embeddable":true,"href":"https:\/\/uniformelaboral.com\/index.php\/wp-json\/wp\/v2\/media\/32541"}],"wp:attachment":[{"href":"https:\/\/uniformelaboral.com\/index.php\/wp-json\/wp\/v2\/media?parent=32540"}],"wp:term":[{"taxonomy":"product_brand","embeddable":true,"href":"https:\/\/uniformelaboral.com\/index.php\/wp-json\/wp\/v2\/product_brand?post=32540"},{"taxonomy":"product_cat","embeddable":true,"href":"https:\/\/uniformelaboral.com\/index.php\/wp-json\/wp\/v2\/product_cat?post=32540"},{"taxonomy":"product_tag","embeddable":true,"href":"https:\/\/uniformelaboral.com\/index.php\/wp-json\/wp\/v2\/product_tag?post=32540"}],"curies":[{"name":"wp","href":"https:\/\/api.w.org\/{rel}","templated":true}]}}