{"id":32434,"date":"2025-02-26T14:42:40","date_gmt":"2025-02-26T13:42:40","guid":{"rendered":"https:\/\/uniformelaboral.com\/index.php\/producto\/polaris\/"},"modified":"2025-03-07T19:14:24","modified_gmt":"2025-03-07T18:14:24","slug":"polaris","status":"publish","type":"product","link":"https:\/\/uniformelaboral.com\/index.php\/producto\/polaris\/","title":{"rendered":"POLARIS"},"content":{"rendered":"<p>Polo t\u00e8cnic de m\u00e0niga curta d\u2019alta visibilitat amb tapeta de tres botons. Coll de punt canal\u00e9 1&#215;1, dues cintes reflectants horitzontals al tors i  a les m\u00e0nigues.<br \/>\n Teixit antienganxament.<br \/>Composition: 100% poli\u00e8ster piqu\u00e9, 170 g\/m\u00b2.<br \/>Remarks: *Butxaca opcional.<br \/>\n*Certificaci\u00f3 CE segons les normes: EN ISO 13688:2013 i EN ISO 20471:2013\/A1:2016<br \/>\n*Color 55221: classe I.<br \/>\n*Color 55223: classe I.<br \/>\n*Color 221: classe II.<br \/>\n*Etiqueta extra\u00efble.<br \/>\n*Alta visibilitat.<\/p>\n","protected":false},"excerpt":{"rendered":"<p>Polo t\u00e8cnic de m\u00e0niga curta d\u2019alta visibilitat amb tapeta de tres botons. Coll de punt canal\u00e9 1&#215;1, dues cintes reflectants horitzontals al tors i a les m\u00e0nigues. Teixit antienganxament.Composition: 100% poli\u00e8ster piqu\u00e9, 170 g\/m\u00b2.Remarks: *Butxaca opcional. *Certificaci\u00f3 CE segons les normes: EN ISO 13688:2013 i EN ISO 20471:2013\/A1:2016 *Color 55221: classe I. *Color 55223: classe [&hellip;]<\/p>\n","protected":false},"featured_media":32435,"template":"","meta":{"_joinchat":[]},"product_brand":[],"product_cat":[35,1103,159,116,1131,1097],"product_tag":[],"class_list":{"0":"post-32434","1":"product","2":"type-product","3":"status-publish","4":"has-post-thumbnail","6":"product_cat-av-alta-visibilidad","7":"product_cat-highviz","8":"product_cat-maniga-curta-2","9":"product_cat-polos","10":"product_cat-highvispolo","11":"product_cat-workwear","12":"tm-has-options","14":"first","15":"instock","16":"taxable","17":"shipping-taxable","18":"purchasable","19":"product-type-variable"},"_links":{"self":[{"href":"https:\/\/uniformelaboral.com\/index.php\/wp-json\/wp\/v2\/product\/32434","targetHints":{"allow":["GET"]}}],"collection":[{"href":"https:\/\/uniformelaboral.com\/index.php\/wp-json\/wp\/v2\/product"}],"about":[{"href":"https:\/\/uniformelaboral.com\/index.php\/wp-json\/wp\/v2\/types\/product"}],"wp:featuredmedia":[{"embeddable":true,"href":"https:\/\/uniformelaboral.com\/index.php\/wp-json\/wp\/v2\/media\/32435"}],"wp:attachment":[{"href":"https:\/\/uniformelaboral.com\/index.php\/wp-json\/wp\/v2\/media?parent=32434"}],"wp:term":[{"taxonomy":"product_brand","embeddable":true,"href":"https:\/\/uniformelaboral.com\/index.php\/wp-json\/wp\/v2\/product_brand?post=32434"},{"taxonomy":"product_cat","embeddable":true,"href":"https:\/\/uniformelaboral.com\/index.php\/wp-json\/wp\/v2\/product_cat?post=32434"},{"taxonomy":"product_tag","embeddable":true,"href":"https:\/\/uniformelaboral.com\/index.php\/wp-json\/wp\/v2\/product_tag?post=32434"}],"curies":[{"name":"wp","href":"https:\/\/api.w.org\/{rel}","templated":true}]}}