{"id":32237,"date":"2025-02-26T14:38:12","date_gmt":"2025-02-26T13:38:12","guid":{"rendered":"https:\/\/uniformelaboral.com\/index.php\/producto\/planet\/"},"modified":"2025-03-07T19:22:22","modified_gmt":"2025-03-07T18:22:22","slug":"planet","status":"publish","type":"product","link":"https:\/\/uniformelaboral.com\/index.php\/producto\/planet\/","title":{"rendered":"PLANET"},"content":{"rendered":"<p>Gorro de punt amb doble volta a la part inferior.<br \/>Composition: 100% acr\u00edl.lic. Pes: 40 gr.<br \/>Remarks: Especial per brodat.<br \/>\n*Etiqueta extra\u00efble.<br \/>\n*Model amb unitat m\u00ednima de venda d&#8217;un pack complet.<\/p>\n","protected":false},"excerpt":{"rendered":"<p>Gorro de punt amb doble volta a la part inferior.Composition: 100% acr\u00edl.lic. Pes: 40 gr.Remarks: Especial per brodat. *Etiqueta extra\u00efble. *Model amb unitat m\u00ednima de venda d&#8217;un pack complet.<\/p>\n","protected":false},"featured_media":32238,"template":"","meta":{"_joinchat":[]},"product_brand":[],"product_cat":[985,1038,1096],"product_tag":[],"class_list":{"0":"post-32237","1":"product","2":"type-product","3":"status-publish","4":"has-post-thumbnail","6":"product_cat-gorres","7":"product_cat-complements","8":"product_cat-gor","9":"tm-no-options-pxq","11":"first","12":"instock","13":"taxable","14":"shipping-taxable","15":"purchasable","16":"product-type-variable"},"_links":{"self":[{"href":"https:\/\/uniformelaboral.com\/index.php\/wp-json\/wp\/v2\/product\/32237","targetHints":{"allow":["GET"]}}],"collection":[{"href":"https:\/\/uniformelaboral.com\/index.php\/wp-json\/wp\/v2\/product"}],"about":[{"href":"https:\/\/uniformelaboral.com\/index.php\/wp-json\/wp\/v2\/types\/product"}],"wp:featuredmedia":[{"embeddable":true,"href":"https:\/\/uniformelaboral.com\/index.php\/wp-json\/wp\/v2\/media\/32238"}],"wp:attachment":[{"href":"https:\/\/uniformelaboral.com\/index.php\/wp-json\/wp\/v2\/media?parent=32237"}],"wp:term":[{"taxonomy":"product_brand","embeddable":true,"href":"https:\/\/uniformelaboral.com\/index.php\/wp-json\/wp\/v2\/product_brand?post=32237"},{"taxonomy":"product_cat","embeddable":true,"href":"https:\/\/uniformelaboral.com\/index.php\/wp-json\/wp\/v2\/product_cat?post=32237"},{"taxonomy":"product_tag","embeddable":true,"href":"https:\/\/uniformelaboral.com\/index.php\/wp-json\/wp\/v2\/product_tag?post=32237"}],"curies":[{"name":"wp","href":"https:\/\/api.w.org\/{rel}","templated":true}]}}