{"id":32026,"date":"2025-02-26T14:33:32","date_gmt":"2025-02-26T13:33:32","guid":{"rendered":"https:\/\/uniformelaboral.com\/index.php\/producto\/eris\/"},"modified":"2025-03-07T19:28:53","modified_gmt":"2025-03-07T18:28:53","slug":"eris","status":"publish","type":"product","link":"https:\/\/uniformelaboral.com\/index.php\/producto\/eris\/","title":{"rendered":"ERIS"},"content":{"rendered":"<p>Gorra de 5 panells amb s\u00e0ndwich a contrast. Sis l\u00ednees de repunt a la visera. Quatre forats de ventil.laci\u00f3. Cinta interior per a la suor. Tancament de velcro.<br \/>Composition: 100% cot\u00f3, 170 g\/m\u00b2.<br \/>Remarks: *Etiqueta extra\u00efble.<br \/>\n*Model amb unitat m\u00ednima de venda un pack complet.<br \/><img decoding=\"async\" src=\"https:\/\/static.gorfactory.es\/pics\/measures\/GO_HO.jpg\"><\/p>\n","protected":false},"excerpt":{"rendered":"<p>Gorra de 5 panells amb s\u00e0ndwich a contrast. Sis l\u00ednees de repunt a la visera. Quatre forats de ventil.laci\u00f3. Cinta interior per a la suor. Tancament de velcro.Composition: 100% cot\u00f3, 170 g\/m\u00b2.Remarks: *Etiqueta extra\u00efble. *Model amb unitat m\u00ednima de venda un pack complet.<\/p>\n","protected":false},"featured_media":32027,"template":"","meta":{"_joinchat":[]},"product_brand":[],"product_cat":[985,1038,1096],"product_tag":[],"class_list":{"0":"post-32026","1":"product","2":"type-product","3":"status-publish","4":"has-post-thumbnail","6":"product_cat-gorres","7":"product_cat-complements","8":"product_cat-gor","9":"tm-no-options-pxq","11":"first","12":"instock","13":"taxable","14":"shipping-taxable","15":"purchasable","16":"product-type-variable"},"_links":{"self":[{"href":"https:\/\/uniformelaboral.com\/index.php\/wp-json\/wp\/v2\/product\/32026","targetHints":{"allow":["GET"]}}],"collection":[{"href":"https:\/\/uniformelaboral.com\/index.php\/wp-json\/wp\/v2\/product"}],"about":[{"href":"https:\/\/uniformelaboral.com\/index.php\/wp-json\/wp\/v2\/types\/product"}],"wp:featuredmedia":[{"embeddable":true,"href":"https:\/\/uniformelaboral.com\/index.php\/wp-json\/wp\/v2\/media\/32027"}],"wp:attachment":[{"href":"https:\/\/uniformelaboral.com\/index.php\/wp-json\/wp\/v2\/media?parent=32026"}],"wp:term":[{"taxonomy":"product_brand","embeddable":true,"href":"https:\/\/uniformelaboral.com\/index.php\/wp-json\/wp\/v2\/product_brand?post=32026"},{"taxonomy":"product_cat","embeddable":true,"href":"https:\/\/uniformelaboral.com\/index.php\/wp-json\/wp\/v2\/product_cat?post=32026"},{"taxonomy":"product_tag","embeddable":true,"href":"https:\/\/uniformelaboral.com\/index.php\/wp-json\/wp\/v2\/product_tag?post=32026"}],"curies":[{"name":"wp","href":"https:\/\/api.w.org\/{rel}","templated":true}]}}