{"id":31875,"date":"2025-02-26T14:30:16","date_gmt":"2025-02-26T13:30:16","guid":{"rendered":"https:\/\/uniformelaboral.com\/index.php\/producto\/cruiser\/"},"modified":"2025-03-07T20:05:50","modified_gmt":"2025-03-07T19:05:50","slug":"cruiser","status":"publish","type":"product","link":"https:\/\/uniformelaboral.com\/index.php\/producto\/cruiser\/","title":{"rendered":"CRUISER"},"content":{"rendered":"<p>Jaqueta en teixit ign\u00edfug.<br \/>\n\u00b7 Tapeta central amb cremallera i tancament de velcro.<br \/>\n\u00b7 Dues butxaques frontals en pit amb tapeta i tancament de velcro.<br \/>\n\u00b7 Dues butxaques laterals amb tapeta i bot\u00f3.<br \/>\n\u00b7 Cintura amb goma el\u00e0stica en els laterals.<br \/>\n\u00b7 Punys el\u00e0stics.<br \/>\nComposition: 98% cot\u00f3 \/ 2% carboni, sarja, 300 g \/ m\u00b2.<br \/>\nRemarks: * Protecci\u00f3 contra la calor i la flama.<br \/>\n* Propietats electrost\u00e0tiques.<br \/>\n* Protecci\u00f3 contra els riscos t\u00e8rmics d&#8217;un arc el\u00e8ctric.<br \/>\n* Protecci\u00f3 durant soldadura i processos afins.<\/p>\n","protected":false},"excerpt":{"rendered":"<p>Jaqueta en teixit ign\u00edfug. \u00b7 Tapeta central amb cremallera i tancament de velcro. \u00b7 Dues butxaques frontals en pit amb tapeta i tancament de velcro. \u00b7 Dues butxaques laterals amb tapeta i bot\u00f3. \u00b7 Cintura amb goma el\u00e0stica en els laterals. \u00b7 Punys el\u00e0stics. Composition: 98% cot\u00f3 \/ 2% carboni, sarja, 300 g \/ m\u00b2. [&hellip;]<\/p>\n","protected":false},"featured_media":31876,"template":"","meta":{"_joinchat":[]},"product_brand":[],"product_cat":[35,155,166,1141,108,37,1137,103,1097],"product_tag":[],"class_list":{"0":"post-31875","1":"product","2":"type-product","3":"status-publish","4":"has-post-thumbnail","6":"product_cat-av-alta-visibilidad","7":"product_cat-cacadores","8":"product_cat-cacadores-2","9":"product_cat-industryjackets","10":"product_cat-ignifug-antiestatic","11":"product_cat-industria","12":"product_cat-fire_retardant","13":"product_cat-pantalons","14":"product_cat-workwear","15":"tm-has-options","17":"first","18":"instock","19":"taxable","20":"shipping-taxable","21":"purchasable","22":"product-type-variable"},"_links":{"self":[{"href":"https:\/\/uniformelaboral.com\/index.php\/wp-json\/wp\/v2\/product\/31875","targetHints":{"allow":["GET"]}}],"collection":[{"href":"https:\/\/uniformelaboral.com\/index.php\/wp-json\/wp\/v2\/product"}],"about":[{"href":"https:\/\/uniformelaboral.com\/index.php\/wp-json\/wp\/v2\/types\/product"}],"wp:featuredmedia":[{"embeddable":true,"href":"https:\/\/uniformelaboral.com\/index.php\/wp-json\/wp\/v2\/media\/31876"}],"wp:attachment":[{"href":"https:\/\/uniformelaboral.com\/index.php\/wp-json\/wp\/v2\/media?parent=31875"}],"wp:term":[{"taxonomy":"product_brand","embeddable":true,"href":"https:\/\/uniformelaboral.com\/index.php\/wp-json\/wp\/v2\/product_brand?post=31875"},{"taxonomy":"product_cat","embeddable":true,"href":"https:\/\/uniformelaboral.com\/index.php\/wp-json\/wp\/v2\/product_cat?post=31875"},{"taxonomy":"product_tag","embeddable":true,"href":"https:\/\/uniformelaboral.com\/index.php\/wp-json\/wp\/v2\/product_tag?post=31875"}],"curies":[{"name":"wp","href":"https:\/\/api.w.org\/{rel}","templated":true}]}}