{"id":31817,"date":"2025-02-26T14:29:00","date_gmt":"2025-02-26T13:29:00","guid":{"rendered":"https:\/\/uniformelaboral.com\/index.php\/producto\/ranger\/"},"modified":"2025-03-07T20:04:21","modified_gmt":"2025-03-07T19:04:21","slug":"ranger","status":"publish","type":"product","link":"https:\/\/uniformelaboral.com\/index.php\/producto\/ranger\/","title":{"rendered":"RANGER"},"content":{"rendered":"<p>Pantalons llargs en teixit ign\u00edfug amb cintura ajustable el\u00e0stica en la part posterior. Dues butxaques frontals. Butxaca del darrere amb tapeta i tancament velcro i Butxaques laterals amb tapeta i tancament velcro.<br \/>Composition: 98% cot\u00f3 \/ 2% carboni, sarja, 300 g \/ m\u00b2.<br \/>Remarks: * Protecci\u00f3 contra la calor i la flama.<br \/>\n* Propietats electrost\u00e0tiques.<br \/>\n* Protecci\u00f3 contra els riscos t\u00e8rmics d&#8217;un arc el\u00e8ctric.<br \/>\n* Protecci\u00f3 durant la soldadura i processos afins.<br \/>\n* Etiqueta extra\u00efble.<\/p>\n","protected":false},"excerpt":{"rendered":"<p>Pantalons llargs en teixit ign\u00edfug amb cintura ajustable el\u00e0stica en la part posterior. Dues butxaques frontals. Butxaca del darrere amb tapeta i tancament velcro i Butxaques laterals amb tapeta i tancament velcro.Composition: 98% cot\u00f3 \/ 2% carboni, sarja, 300 g \/ m\u00b2.Remarks: * Protecci\u00f3 contra la calor i la flama. * Propietats electrost\u00e0tiques. * Protecci\u00f3 [&hellip;]<\/p>\n","protected":false},"featured_media":31818,"template":"","meta":{"_joinchat":[]},"product_brand":[],"product_cat":[35,108,1137,1138,103,1097],"product_tag":[],"class_list":{"0":"post-31817","1":"product","2":"type-product","3":"status-publish","4":"has-post-thumbnail","6":"product_cat-av-alta-visibilidad","7":"product_cat-ignifug-antiestatic","8":"product_cat-fire_retardant","9":"product_cat-industrypantalon","10":"product_cat-pantalons","11":"product_cat-workwear","12":"tm-has-options","14":"first","15":"instock","16":"taxable","17":"shipping-taxable","18":"purchasable","19":"product-type-variable"},"_links":{"self":[{"href":"https:\/\/uniformelaboral.com\/index.php\/wp-json\/wp\/v2\/product\/31817","targetHints":{"allow":["GET"]}}],"collection":[{"href":"https:\/\/uniformelaboral.com\/index.php\/wp-json\/wp\/v2\/product"}],"about":[{"href":"https:\/\/uniformelaboral.com\/index.php\/wp-json\/wp\/v2\/types\/product"}],"wp:featuredmedia":[{"embeddable":true,"href":"https:\/\/uniformelaboral.com\/index.php\/wp-json\/wp\/v2\/media\/31818"}],"wp:attachment":[{"href":"https:\/\/uniformelaboral.com\/index.php\/wp-json\/wp\/v2\/media?parent=31817"}],"wp:term":[{"taxonomy":"product_brand","embeddable":true,"href":"https:\/\/uniformelaboral.com\/index.php\/wp-json\/wp\/v2\/product_brand?post=31817"},{"taxonomy":"product_cat","embeddable":true,"href":"https:\/\/uniformelaboral.com\/index.php\/wp-json\/wp\/v2\/product_cat?post=31817"},{"taxonomy":"product_tag","embeddable":true,"href":"https:\/\/uniformelaboral.com\/index.php\/wp-json\/wp\/v2\/product_tag?post=31817"}],"curies":[{"name":"wp","href":"https:\/\/api.w.org\/{rel}","templated":true}]}}