{"id":31743,"date":"2025-02-26T14:27:21","date_gmt":"2025-02-26T13:27:21","guid":{"rendered":"https:\/\/uniformelaboral.com\/index.php\/producto\/dacosta\/"},"modified":"2025-03-12T10:41:50","modified_gmt":"2025-03-12T09:41:50","slug":"dacosta","status":"publish","type":"product","link":"https:\/\/uniformelaboral.com\/index.php\/producto\/dacosta\/","title":{"rendered":"DACOSTA"},"content":{"rendered":"<p>Davantal curt en teixit tex\u00e0:<br \/>\n1. Quatre butxaques frontals amb reblons, una d&#8217;elles especifica pel bol\u00edgraf.<br \/>\n2. Cintes laterals a contrast per a lla\u00e7ada.<br \/>Composition: 100% cot\u00f3, 250 g\/m\u00b2.<br \/>Remarks: *Model per alimentaci\u00f3.<br \/>\n*Etiqueta extra\u00efble.<br \/>\n*Mesures de la butxaca: 40 x 20,5 cm<br \/><img decoding=\"async\" src=\"https:\/\/static.gorfactory.es\/pics\/measures\/DE_HO.jpg\"><\/p>\n","protected":false},"excerpt":{"rendered":"<p>Davantal curt en teixit tex\u00e0: 1. Quatre butxaques frontals amb reblons, una d&#8217;elles especifica pel bol\u00edgraf. 2. Cintes laterals a contrast per a lla\u00e7ada.Composition: 100% cot\u00f3, 250 g\/m\u00b2.Remarks: *Model per alimentaci\u00f3. *Etiqueta extra\u00efble. *Mesures de la butxaca: 40 x 20,5 cm<\/p>\n","protected":false},"featured_media":31744,"template":"","meta":{"_joinchat":[]},"product_brand":[],"product_cat":[36,1054,920,1056,1129,1098,147,1097],"product_tag":[],"class_list":{"0":"post-31743","1":"product","2":"type-product","3":"status-publish","4":"has-post-thumbnail","6":"product_cat-alimentacio","7":"product_cat-complemets","8":"product_cat-davantals","9":"product_cat-davantals-complemets","10":"product_cat-horecadelantal","11":"product_cat-horeca","12":"product_cat-hostaleria","13":"product_cat-workwear","14":"tm-has-options","16":"first","17":"instock","18":"taxable","19":"shipping-taxable","20":"purchasable","21":"product-type-variable"},"_links":{"self":[{"href":"https:\/\/uniformelaboral.com\/index.php\/wp-json\/wp\/v2\/product\/31743","targetHints":{"allow":["GET"]}}],"collection":[{"href":"https:\/\/uniformelaboral.com\/index.php\/wp-json\/wp\/v2\/product"}],"about":[{"href":"https:\/\/uniformelaboral.com\/index.php\/wp-json\/wp\/v2\/types\/product"}],"wp:featuredmedia":[{"embeddable":true,"href":"https:\/\/uniformelaboral.com\/index.php\/wp-json\/wp\/v2\/media\/31744"}],"wp:attachment":[{"href":"https:\/\/uniformelaboral.com\/index.php\/wp-json\/wp\/v2\/media?parent=31743"}],"wp:term":[{"taxonomy":"product_brand","embeddable":true,"href":"https:\/\/uniformelaboral.com\/index.php\/wp-json\/wp\/v2\/product_brand?post=31743"},{"taxonomy":"product_cat","embeddable":true,"href":"https:\/\/uniformelaboral.com\/index.php\/wp-json\/wp\/v2\/product_cat?post=31743"},{"taxonomy":"product_tag","embeddable":true,"href":"https:\/\/uniformelaboral.com\/index.php\/wp-json\/wp\/v2\/product_tag?post=31743"}],"curies":[{"name":"wp","href":"https:\/\/api.w.org\/{rel}","templated":true}]}}