{"id":31733,"date":"2025-02-26T14:27:03","date_gmt":"2025-02-26T13:27:03","guid":{"rendered":"https:\/\/uniformelaboral.com\/index.php\/producto\/batali\/"},"modified":"2025-03-12T10:42:41","modified_gmt":"2025-03-12T09:42:41","slug":"batali","status":"publish","type":"product","link":"https:\/\/uniformelaboral.com\/index.php\/producto\/batali\/","title":{"rendered":"BATALI"},"content":{"rendered":"<p>Davantal llarg en teixit tex\u00e0:<br \/>\n1. Cinta al coll a contrast ajustable en tres posicions mitjan\u00e7ant un bot\u00f3 met\u00e0l.lic.<br \/>\n2. Una butxaca al pit.<br \/>\n3. Quatre butxaques frontals amb reblons, un d&#8217;ells espec\u00edfic pel bol\u00edgraf.<br \/>\n4. Cintes laterals a contrast per lla\u00e7ada.<br \/>Composition: 100% cot\u00f3, 250 g\/m\u00b2.<br \/>Remarks: *Model per alimentaci\u00f3.<br \/>\n*Etiqueta extra\u00efble.<br \/><img decoding=\"async\" src=\"https:\/\/static.gorfactory.es\/pics\/measures\/DE_HO.jpg\"><\/p>\n","protected":false},"excerpt":{"rendered":"<p>Davantal llarg en teixit tex\u00e0: 1. Cinta al coll a contrast ajustable en tres posicions mitjan\u00e7ant un bot\u00f3 met\u00e0l.lic. 2. Una butxaca al pit. 3. Quatre butxaques frontals amb reblons, un d&#8217;ells espec\u00edfic pel bol\u00edgraf. 4. Cintes laterals a contrast per lla\u00e7ada.Composition: 100% cot\u00f3, 250 g\/m\u00b2.Remarks: *Model per alimentaci\u00f3. *Etiqueta extra\u00efble.<\/p>\n","protected":false},"featured_media":31734,"template":"","meta":{"_joinchat":[]},"product_brand":[],"product_cat":[36,1054,1056,920,1129,1098,147,1097],"product_tag":[],"class_list":{"0":"post-31733","1":"product","2":"type-product","3":"status-publish","4":"has-post-thumbnail","6":"product_cat-alimentacio","7":"product_cat-complemets","8":"product_cat-davantals-complemets","9":"product_cat-davantals","10":"product_cat-horecadelantal","11":"product_cat-horeca","12":"product_cat-hostaleria","13":"product_cat-workwear","14":"tm-has-options","16":"first","17":"instock","18":"taxable","19":"shipping-taxable","20":"purchasable","21":"product-type-variable"},"_links":{"self":[{"href":"https:\/\/uniformelaboral.com\/index.php\/wp-json\/wp\/v2\/product\/31733","targetHints":{"allow":["GET"]}}],"collection":[{"href":"https:\/\/uniformelaboral.com\/index.php\/wp-json\/wp\/v2\/product"}],"about":[{"href":"https:\/\/uniformelaboral.com\/index.php\/wp-json\/wp\/v2\/types\/product"}],"wp:featuredmedia":[{"embeddable":true,"href":"https:\/\/uniformelaboral.com\/index.php\/wp-json\/wp\/v2\/media\/31734"}],"wp:attachment":[{"href":"https:\/\/uniformelaboral.com\/index.php\/wp-json\/wp\/v2\/media?parent=31733"}],"wp:term":[{"taxonomy":"product_brand","embeddable":true,"href":"https:\/\/uniformelaboral.com\/index.php\/wp-json\/wp\/v2\/product_brand?post=31733"},{"taxonomy":"product_cat","embeddable":true,"href":"https:\/\/uniformelaboral.com\/index.php\/wp-json\/wp\/v2\/product_cat?post=31733"},{"taxonomy":"product_tag","embeddable":true,"href":"https:\/\/uniformelaboral.com\/index.php\/wp-json\/wp\/v2\/product_tag?post=31733"}],"curies":[{"name":"wp","href":"https:\/\/api.w.org\/{rel}","templated":true}]}}