{"id":31267,"date":"2025-02-26T14:16:45","date_gmt":"2025-02-26T13:16:45","guid":{"rendered":"https:\/\/uniformelaboral.com\/index.php\/producto\/ulan\/"},"modified":"2025-02-26T14:19:07","modified_gmt":"2025-02-26T13:19:07","slug":"ulan","status":"publish","type":"product","link":"https:\/\/uniformelaboral.com\/index.php\/producto\/ulan\/","title":{"rendered":"ULAN"},"content":{"rendered":"<p>Dessuadora de coll alt amb mitja cremallera a to. Vista interior del coll en el mateix to. Cobreix-costures refor\u00e7at a l&#8217;interior del coll. Punt canal\u00e9 1&#215;1 als punys i cintura.<br \/>Composition: 50% cot\u00f3 \/ 50% poli\u00e8ster, pelfa perxada, 280 g\/m\u00b2.<br \/>\nColor gris vigor\u00e9 58: 55% cot\u00f3 \/ 40% poli\u00e8ster \/ 5% viscosa.<br \/>Remarks: * Etiqueta extra\u00efble.<br \/>\n<br \/><img decoding=\"async\" src=\"https:\/\/static.gorfactory.es\/pics\/measures\/CQ_HOMU.jpg\"><\/p>\n","protected":false},"excerpt":{"rendered":"<p>Dessuadora de coll alt amb mitja cremallera a to. Vista interior del coll en el mateix to. Cobreix-costures refor\u00e7at a l&#8217;interior del coll. Punt canal\u00e9 1&#215;1 als punys i cintura.Composition: 50% cot\u00f3 \/ 50% poli\u00e8ster, pelfa perxada, 280 g\/m\u00b2. Color gris vigor\u00e9 58: 55% cot\u00f3 \/ 40% poli\u00e8ster \/ 5% viscosa.Remarks: * Etiqueta extra\u00efble.<\/p>\n","protected":false},"featured_media":31268,"template":"","meta":{"_joinchat":[]},"product_brand":[],"product_cat":[1165,1085,1084,1087,1097],"product_tag":[],"class_list":{"0":"post-31267","1":"product","2":"type-product","3":"status-publish","4":"has-post-thumbnail","6":"product_cat-basic","7":"product_cat-swe","8":"product_cat-sud_cha","9":"product_cat-swe_sh","10":"product_cat-workwear","11":"tm-no-options-pxq","13":"first","14":"instock","15":"taxable","16":"shipping-taxable","17":"purchasable","18":"product-type-variable"},"_links":{"self":[{"href":"https:\/\/uniformelaboral.com\/index.php\/wp-json\/wp\/v2\/product\/31267","targetHints":{"allow":["GET"]}}],"collection":[{"href":"https:\/\/uniformelaboral.com\/index.php\/wp-json\/wp\/v2\/product"}],"about":[{"href":"https:\/\/uniformelaboral.com\/index.php\/wp-json\/wp\/v2\/types\/product"}],"wp:featuredmedia":[{"embeddable":true,"href":"https:\/\/uniformelaboral.com\/index.php\/wp-json\/wp\/v2\/media\/31268"}],"wp:attachment":[{"href":"https:\/\/uniformelaboral.com\/index.php\/wp-json\/wp\/v2\/media?parent=31267"}],"wp:term":[{"taxonomy":"product_brand","embeddable":true,"href":"https:\/\/uniformelaboral.com\/index.php\/wp-json\/wp\/v2\/product_brand?post=31267"},{"taxonomy":"product_cat","embeddable":true,"href":"https:\/\/uniformelaboral.com\/index.php\/wp-json\/wp\/v2\/product_cat?post=31267"},{"taxonomy":"product_tag","embeddable":true,"href":"https:\/\/uniformelaboral.com\/index.php\/wp-json\/wp\/v2\/product_tag?post=31267"}],"curies":[{"name":"wp","href":"https:\/\/api.w.org\/{rel}","templated":true}]}}