{"id":31037,"date":"2025-02-26T14:11:32","date_gmt":"2025-02-26T13:11:32","guid":{"rendered":"https:\/\/uniformelaboral.com\/index.php\/producto\/artic-woman\/"},"modified":"2025-02-26T14:13:38","modified_gmt":"2025-02-26T13:13:38","slug":"artic-woman","status":"publish","type":"product","link":"https:\/\/uniformelaboral.com\/index.php\/producto\/artic-woman\/","title":{"rendered":"ARTIC WOMAN"},"content":{"rendered":"<p>Jaqueta polar, amb coll alt folrat i tapa costures refor\u00e7at a to. Cremallera injectada a to amb tirador de teixit.  Punys amb rivet el\u00e0stic. Butxaques laterals. Tall entallat. Baix amb ajustadors interiors laterals.<br \/>Composition: 100% poli\u00e8ster, polar, 300 g\/m\u00b2<br \/>Remarks: *Etiqueta extra\u00efble.<br \/>\n*D\u00fao concept.<br \/><img decoding=\"async\" src=\"https:\/\/static.gorfactory.es\/pics\/measures\/CQ_HOMU.jpg\"><\/p>\n","protected":false},"excerpt":{"rendered":"<p>Jaqueta polar, amb coll alt folrat i tapa costures refor\u00e7at a to. Cremallera injectada a to amb tirador de teixit. Punys amb rivet el\u00e0stic. Butxaques laterals. Tall entallat. Baix amb ajustadors interiors laterals.Composition: 100% poli\u00e8ster, polar, 300 g\/m\u00b2Remarks: *Etiqueta extra\u00efble. *D\u00fao concept.<\/p>\n","protected":false},"featured_media":31038,"template":"","meta":{"_joinchat":[]},"product_brand":[],"product_cat":[1088,1165,1089,1085,1084,1087,1097],"product_tag":[],"class_list":{"0":"post-31037","1":"product","2":"type-product","3":"status-publish","4":"has-post-thumbnail","6":"product_cat-coats","7":"product_cat-basic","8":"product_cat-pol","9":"product_cat-swe","10":"product_cat-sud_cha","11":"product_cat-swe_sh","12":"product_cat-workwear","13":"tm-no-options-pxq","15":"first","16":"instock","17":"taxable","18":"shipping-taxable","19":"purchasable","20":"product-type-variable"},"_links":{"self":[{"href":"https:\/\/uniformelaboral.com\/index.php\/wp-json\/wp\/v2\/product\/31037","targetHints":{"allow":["GET"]}}],"collection":[{"href":"https:\/\/uniformelaboral.com\/index.php\/wp-json\/wp\/v2\/product"}],"about":[{"href":"https:\/\/uniformelaboral.com\/index.php\/wp-json\/wp\/v2\/types\/product"}],"wp:featuredmedia":[{"embeddable":true,"href":"https:\/\/uniformelaboral.com\/index.php\/wp-json\/wp\/v2\/media\/31038"}],"wp:attachment":[{"href":"https:\/\/uniformelaboral.com\/index.php\/wp-json\/wp\/v2\/media?parent=31037"}],"wp:term":[{"taxonomy":"product_brand","embeddable":true,"href":"https:\/\/uniformelaboral.com\/index.php\/wp-json\/wp\/v2\/product_brand?post=31037"},{"taxonomy":"product_cat","embeddable":true,"href":"https:\/\/uniformelaboral.com\/index.php\/wp-json\/wp\/v2\/product_cat?post=31037"},{"taxonomy":"product_tag","embeddable":true,"href":"https:\/\/uniformelaboral.com\/index.php\/wp-json\/wp\/v2\/product_tag?post=31037"}],"curies":[{"name":"wp","href":"https:\/\/api.w.org\/{rel}","templated":true}]}}