{"id":30658,"date":"2025-02-26T14:03:09","date_gmt":"2025-02-26T13:03:09","guid":{"rendered":"https:\/\/uniformelaboral.com\/index.php\/producto\/marathon\/"},"modified":"2025-02-26T14:03:26","modified_gmt":"2025-02-26T13:03:26","slug":"marathon","status":"publish","type":"product","link":"https:\/\/uniformelaboral.com\/index.php\/producto\/marathon\/","title":{"rendered":"MARATHON"},"content":{"rendered":"<p>Cintur\u00f3 multi\u00fas.<br \/>\n1.- Teixit el\u00e0stic.<br \/>\n2.- Cremallera reflectant.<br \/>\n3.- Sortida per a cables.<br \/>\n4.- Adaptable a qualsevol accessori gr\u00e0cies al prisat interior que incorpora.<br \/>\nTalla \u00fanica. <br \/>Composition: 100% poli\u00e8ster.<br \/>Remarks: * 23 x 5,5 cm.<br \/>\n*Etiqueta extra\u00efble.<br \/>\n*Model impermeable.<\/p>\n","protected":false},"excerpt":{"rendered":"<p>Cintur\u00f3 multi\u00fas. 1.- Teixit el\u00e0stic. 2.- Cremallera reflectant. 3.- Sortida per a cables. 4.- Adaptable a qualsevol accessori gr\u00e0cies al prisat interior que incorpora. Talla \u00fanica. Composition: 100% poli\u00e8ster.Remarks: * 23 x 5,5 cm. *Etiqueta extra\u00efble. *Model impermeable.<\/p>\n","protected":false},"featured_media":30659,"template":"","meta":{"_joinchat":[]},"product_brand":[],"product_cat":[1075],"product_tag":[],"class_list":{"0":"post-30658","1":"product","2":"type-product","3":"status-publish","4":"has-post-thumbnail","6":"product_cat-acc","7":"tm-no-options-pxq","9":"first","10":"instock","11":"taxable","12":"shipping-taxable","13":"purchasable","14":"product-type-variable"},"_links":{"self":[{"href":"https:\/\/uniformelaboral.com\/index.php\/wp-json\/wp\/v2\/product\/30658","targetHints":{"allow":["GET"]}}],"collection":[{"href":"https:\/\/uniformelaboral.com\/index.php\/wp-json\/wp\/v2\/product"}],"about":[{"href":"https:\/\/uniformelaboral.com\/index.php\/wp-json\/wp\/v2\/types\/product"}],"wp:featuredmedia":[{"embeddable":true,"href":"https:\/\/uniformelaboral.com\/index.php\/wp-json\/wp\/v2\/media\/30659"}],"wp:attachment":[{"href":"https:\/\/uniformelaboral.com\/index.php\/wp-json\/wp\/v2\/media?parent=30658"}],"wp:term":[{"taxonomy":"product_brand","embeddable":true,"href":"https:\/\/uniformelaboral.com\/index.php\/wp-json\/wp\/v2\/product_brand?post=30658"},{"taxonomy":"product_cat","embeddable":true,"href":"https:\/\/uniformelaboral.com\/index.php\/wp-json\/wp\/v2\/product_cat?post=30658"},{"taxonomy":"product_tag","embeddable":true,"href":"https:\/\/uniformelaboral.com\/index.php\/wp-json\/wp\/v2\/product_tag?post=30658"}],"curies":[{"name":"wp","href":"https:\/\/api.w.org\/{rel}","templated":true}]}}