{"id":30643,"date":"2025-02-26T14:02:51","date_gmt":"2025-02-26T13:02:51","guid":{"rendered":"https:\/\/uniformelaboral.com\/index.php\/producto\/wizer\/"},"modified":"2025-02-26T14:03:09","modified_gmt":"2025-02-26T13:03:09","slug":"wizer","status":"publish","type":"product","link":"https:\/\/uniformelaboral.com\/index.php\/producto\/wizer\/","title":{"rendered":"WIZER"},"content":{"rendered":"<p>C\u00f2moda visera t\u00e8cnica realitzada en suau microfibra amb tancament per ajustament de velcro i laterals encoixinats per a m\u00e9s confort. Ideal per a les vostres jornades d&#8217;esport m\u00e9s exigents.<br \/>Composition: Poli\u00e8ster<br \/>Remarks: Talla: 58-60 cm.<\/p>\n","protected":false},"excerpt":{"rendered":"<p>C\u00f2moda visera t\u00e8cnica realitzada en suau microfibra amb tancament per ajustament de velcro i laterals encoixinats per a m\u00e9s confort. Ideal per a les vostres jornades d&#8217;esport m\u00e9s exigents.Composition: Poli\u00e8sterRemarks: Talla: 58-60 cm.<\/p>\n","protected":false},"featured_media":30644,"template":"","meta":{"_joinchat":[]},"product_brand":[],"product_cat":[1096],"product_tag":[],"class_list":{"0":"post-30643","1":"product","2":"type-product","3":"status-publish","4":"has-post-thumbnail","6":"product_cat-gor","7":"tm-no-options-pxq","9":"first","10":"instock","11":"taxable","12":"shipping-taxable","13":"purchasable","14":"product-type-variable"},"_links":{"self":[{"href":"https:\/\/uniformelaboral.com\/index.php\/wp-json\/wp\/v2\/product\/30643","targetHints":{"allow":["GET"]}}],"collection":[{"href":"https:\/\/uniformelaboral.com\/index.php\/wp-json\/wp\/v2\/product"}],"about":[{"href":"https:\/\/uniformelaboral.com\/index.php\/wp-json\/wp\/v2\/types\/product"}],"wp:featuredmedia":[{"embeddable":true,"href":"https:\/\/uniformelaboral.com\/index.php\/wp-json\/wp\/v2\/media\/30644"}],"wp:attachment":[{"href":"https:\/\/uniformelaboral.com\/index.php\/wp-json\/wp\/v2\/media?parent=30643"}],"wp:term":[{"taxonomy":"product_brand","embeddable":true,"href":"https:\/\/uniformelaboral.com\/index.php\/wp-json\/wp\/v2\/product_brand?post=30643"},{"taxonomy":"product_cat","embeddable":true,"href":"https:\/\/uniformelaboral.com\/index.php\/wp-json\/wp\/v2\/product_cat?post=30643"},{"taxonomy":"product_tag","embeddable":true,"href":"https:\/\/uniformelaboral.com\/index.php\/wp-json\/wp\/v2\/product_tag?post=30643"}],"curies":[{"name":"wp","href":"https:\/\/api.w.org\/{rel}","templated":true}]}}