{"id":30622,"date":"2025-02-26T14:02:22","date_gmt":"2025-02-26T13:02:22","guid":{"rendered":"https:\/\/uniformelaboral.com\/index.php\/producto\/moscu\/"},"modified":"2025-02-26T14:02:50","modified_gmt":"2025-02-26T13:02:50","slug":"moscu","status":"publish","type":"product","link":"https:\/\/uniformelaboral.com\/index.php\/producto\/moscu\/","title":{"rendered":"MOSCU"},"content":{"rendered":"<p>Camisa de manga larga de hombre de tejido stretch.<br \/>\n\u00b7 Cuello entretelado.<br \/>\n\u00b7 Pu\u00f1os con 2 botones y bajo con forma.<br \/>\n\u00b7 Cuidat f\u00e1cil.<br \/>\n<br \/>Composition: 97% cot\u00f3, popel\u00edn \/ 3% esp\u00e0ndex, 140 g\/m\u00b2.<br \/><img decoding=\"async\" src=\"https:\/\/static.gorfactory.es\/pics\/measures\/CM_ML_HO.jpg\"><\/p>\n","protected":false},"excerpt":{"rendered":"<p>Camisa de manga larga de hombre de tejido stretch. \u00b7 Cuello entretelado. \u00b7 Pu\u00f1os con 2 botones y bajo con forma. \u00b7 Cuidat f\u00e1cil. Composition: 97% cot\u00f3, popel\u00edn \/ 3% esp\u00e0ndex, 140 g\/m\u00b2.<\/p>\n","protected":false},"featured_media":30623,"template":"","meta":{"_joinchat":[]},"product_brand":[],"product_cat":[1102,1098,1097],"product_tag":[],"class_list":{"0":"post-30622","1":"product","2":"type-product","3":"status-publish","4":"has-post-thumbnail","6":"product_cat-horecacamisas","7":"product_cat-horeca","8":"product_cat-workwear","9":"tm-no-options-pxq","11":"first","12":"instock","13":"taxable","14":"shipping-taxable","15":"purchasable","16":"product-type-variable"},"_links":{"self":[{"href":"https:\/\/uniformelaboral.com\/index.php\/wp-json\/wp\/v2\/product\/30622","targetHints":{"allow":["GET"]}}],"collection":[{"href":"https:\/\/uniformelaboral.com\/index.php\/wp-json\/wp\/v2\/product"}],"about":[{"href":"https:\/\/uniformelaboral.com\/index.php\/wp-json\/wp\/v2\/types\/product"}],"wp:featuredmedia":[{"embeddable":true,"href":"https:\/\/uniformelaboral.com\/index.php\/wp-json\/wp\/v2\/media\/30623"}],"wp:attachment":[{"href":"https:\/\/uniformelaboral.com\/index.php\/wp-json\/wp\/v2\/media?parent=30622"}],"wp:term":[{"taxonomy":"product_brand","embeddable":true,"href":"https:\/\/uniformelaboral.com\/index.php\/wp-json\/wp\/v2\/product_brand?post=30622"},{"taxonomy":"product_cat","embeddable":true,"href":"https:\/\/uniformelaboral.com\/index.php\/wp-json\/wp\/v2\/product_cat?post=30622"},{"taxonomy":"product_tag","embeddable":true,"href":"https:\/\/uniformelaboral.com\/index.php\/wp-json\/wp\/v2\/product_tag?post=30622"}],"curies":[{"name":"wp","href":"https:\/\/api.w.org\/{rel}","templated":true}]}}